{"id":3200,"date":"2025-09-17T10:35:27","date_gmt":"2025-09-17T08:35:27","guid":{"rendered":"https:\/\/boreait.com\/hu\/?post_type=product&#038;p=3200"},"modified":"2025-09-17T10:38:03","modified_gmt":"2025-09-17T08:38:03","slug":"hp-compaq-aio-elite-8300-voltage-converter-morse-steamer-board-48-3gh02-011","status":"publish","type":"product","link":"https:\/\/boreait.com\/hu\/termek\/hp-compaq-aio-elite-8300-voltage-converter-morse-steamer-board-48-3gh02-011\/","title":{"rendered":"HP Compaq AIO Elite 8300 Voltage Converter Morse Steamer Board 48.3GH02.011"},"content":{"rendered":"<p>B\u0151v\u00edtse HP Compaq AIO Elite 8300 energiagazd\u00e1lkod\u00e1si k\u00e9pess\u00e9geit a fejlett Voltage Converter Morse Steamer Board 48.3GH02.011 seg\u00edts\u00e9g\u00e9vel. Ezt az eredeti cserealkatr\u00e9sznek tervezett k\u00e1rty\u00e1t \u00fagy tervezt\u00e9k, hogy hat\u00e9kony fesz\u00fclts\u00e9g\u00e1talak\u00edt\u00e1st \u00e9s -eloszt\u00e1st biztos\u00edtson, optim\u00e1lis teljes\u00edtm\u00e9nyt biztos\u00edtva a t\u00f6bbfunkci\u00f3s asztali rendszer sz\u00e1m\u00e1ra.<\/p>\n<p>A Voltage Converter Morse Steamer Board 48.3GH02.011 a HP Compaq AIO Elite 8300 kulcsfontoss\u00e1g\u00fa alkatr\u00e9sze, amely a k\u00fcl\u00f6nf\u00e9le bels\u0151 alkatr\u00e9szek fesz\u00fclts\u00e9gszab\u00e1lyoz\u00e1s\u00e1\u00e9rt \u00e9s eloszt\u00e1s\u00e1\u00e9rt felel\u0151s. Ezzel a cserek\u00e1rty\u00e1val fenntarthatja a stabil energiaell\u00e1t\u00e1st, megel\u0151zheti a fesz\u00fclts\u00e9gingadoz\u00e1sokat, \u00e9s meg\u00f3vhatja rendszer\u00e9t az esetleges \u00e1ramell\u00e1t\u00e1si probl\u00e9m\u00e1kt\u00f3l.<\/p>\n<p>A Voltage Converter Morse Steamer Board 48.3GH02.011 telep\u00edt\u00e9se probl\u00e9mamentes, \u00edgy a k\u00e9pzett technikusok \u00e9s a bark\u00e1csol\u00e1s szerelmesei sz\u00e1m\u00e1ra egyar\u00e1nt alkalmas. Ez a t\u00e1bla a legmagasabb min\u0151s\u00e9gi szabv\u00e1nyok szerint k\u00e9sz\u00fclt, garant\u00e1lva a tart\u00f3ss\u00e1got \u00e9s a megb\u00edzhat\u00f3s\u00e1got a hosszabb haszn\u00e1lat sor\u00e1n.<\/p>\n<p>N\u00f6velje HP Compaq AIO Elite 8300 \u00e1ltal\u00e1nos teljes\u00edtm\u00e9ny\u00e9t \u00e9s \u00e9lettartam\u00e1t a Voltage Converter Morse Steamer Board 48.3GH02.011 k\u00e1rty\u00e1val. Ez az alapvet\u0151 \u00f6sszetev\u0151 biztos\u00edtja a z\u00f6kken\u0151mentes energiagazd\u00e1lkod\u00e1st, lehet\u0151v\u00e9 t\u00e9ve az asztali rendszer legjobb m\u0171k\u00f6d\u00e9s\u00e9t.<\/p>\n<p>K\u00e9rj\u00fck, v\u00e1s\u00e1rl\u00e1s el\u0151tt ellen\u0151rizze a kompatibilit\u00e1st a HP Compaq AIO Elite 8300 modellel.<\/p>\n","protected":false},"excerpt":{"rendered":"<p>N\u00f6velje HP Compaq AIO Elite 8300 energiagazd\u00e1lkod\u00e1s\u00e1t a Voltage Converter Morse Steamer Board 48.3GH02.011 k\u00e1rty\u00e1val. Ez az eredeti cserealkatr\u00e9sz biztos\u00edtja a stabil fesz\u00fclts\u00e9geloszt\u00e1st \u00e9s az optim\u00e1lis teljes\u00edtm\u00e9nyt a t\u00f6bbfunkci\u00f3s asztali rendszer sz\u00e1m\u00e1ra.<\/p>\n","protected":false},"featured_media":3245,"template":"","meta":[],"product_brand":[],"product_cat":[27],"product_tag":[25],"class_list":{"0":"post-3200","1":"product","2":"type-product","3":"status-publish","4":"has-post-thumbnail","6":"product_cat-motherboards-board-parts","7":"product_tag-hp","9":"first","10":"instock","11":"taxable","12":"shipping-taxable","13":"purchasable","14":"product-type-simple"},"_links":{"self":[{"href":"https:\/\/boreait.com\/hu\/wp-json\/wp\/v2\/product\/3200","targetHints":{"allow":["GET"]}}],"collection":[{"href":"https:\/\/boreait.com\/hu\/wp-json\/wp\/v2\/product"}],"about":[{"href":"https:\/\/boreait.com\/hu\/wp-json\/wp\/v2\/types\/product"}],"wp:featuredmedia":[{"embeddable":true,"href":"https:\/\/boreait.com\/hu\/wp-json\/wp\/v2\/media\/3245"}],"wp:attachment":[{"href":"https:\/\/boreait.com\/hu\/wp-json\/wp\/v2\/media?parent=3200"}],"wp:term":[{"taxonomy":"product_brand","embeddable":true,"href":"https:\/\/boreait.com\/hu\/wp-json\/wp\/v2\/product_brand?post=3200"},{"taxonomy":"product_cat","embeddable":true,"href":"https:\/\/boreait.com\/hu\/wp-json\/wp\/v2\/product_cat?post=3200"},{"taxonomy":"product_tag","embeddable":true,"href":"https:\/\/boreait.com\/hu\/wp-json\/wp\/v2\/product_tag?post=3200"}],"curies":[{"name":"wp","href":"https:\/\/api.w.org\/{rel}","templated":true}]}}