{"id":320,"date":"2025-09-17T09:23:59","date_gmt":"2025-09-17T07:23:59","guid":{"rendered":"https:\/\/boreait.com\/hu\/?post_type=product&#038;p=320"},"modified":"2025-09-17T09:26:14","modified_gmt":"2025-09-17T07:26:14","slug":"lenovo-thinkpad-t450s-t450-erintopad-csuklotamasz-am0tf000100krd-sb30h55672","status":"publish","type":"product","link":"https:\/\/boreait.com\/hu\/termek\/lenovo-thinkpad-t450s-t450-erintopad-csuklotamasz-am0tf000100krd-sb30h55672\/","title":{"rendered":"Lenovo Thinkpad T450s T450 \u00e9rint\u0151pad csukl\u00f3t\u00e1masz AM0TF000100KRD SB30H55672"},"content":{"rendered":"<p>A Lenovo Thinkpad T450s T450 \u00e9rint\u0151pad csukl\u00f3t\u00e1masz AM0TF000100KRD SB30H55672 egy eredeti alkatr\u00e9sz, amelyet kifejezetten a Lenovo Thinkpad T450s \u00e9s T450 laptopmodellekhez terveztek. Csere csukl\u00f3t\u00e1masz-szerelv\u00e9nyk\u00e9nt szolg\u00e1l, k\u00e9nyelmes \u00e9s ergonomikus fel\u00fcletet biztos\u00edtva a tenyer\u00e9nek \u00e9s a csukl\u00f3j\u00e1nak, mik\u00f6zben haszn\u00e1lja a laptop \u00e9rint\u0151padj\u00e1t.<\/p>\n<p>A r\u00e9szletekre val\u00f3 apr\u00f3l\u00e9kos odafigyel\u00e9ssel \u00e9s kiv\u00e1l\u00f3 min\u0151s\u00e9g\u0171 anyagok felhaszn\u00e1l\u00e1s\u00e1val k\u00e9sz\u00fclt csukl\u00f3t\u00e1masz tart\u00f3ss\u00e1got \u00e9s hossz\u00fa \u00e9lettartamot biztos\u00edt. Kialak\u00edt\u00e1sa z\u00f6kken\u0151mentesen illeszkedik a laptop \u00e1ltal\u00e1nos eszt\u00e9tik\u00e1j\u00e1ba, meg\u0151rzi k\u00e9sz\u00fcl\u00e9ke eredeti megjelen\u00e9s\u00e9t \u00e9s hangulat\u00e1t. A telep\u00edt\u00e9si folyamat egyszer\u0171, lehet\u0151v\u00e9 teszi a probl\u00e9mamentes cser\u00e9t vagy friss\u00edt\u00e9st.<\/p>\n<p>A Lenovo Thinkpad T450s T450 \u00e9rint\u0151pad csukl\u00f3t\u00e1masz AM0TF000100KRD SB30H55672 egy hiteles term\u00e9k, amely megb\u00edzhat\u00f3 megold\u00e1st garant\u00e1l a g\u00e9pel\u00e9si \u00e9s \u00e9rint\u0151padi \u00e9lm\u00e9ny fokoz\u00e1s\u00e1ra. Az\u00e1ltal, hogy megt\u00e1maszt\u00f3 pihen\u0151helyet biztos\u00edt a kezek sz\u00e1m\u00e1ra, c\u00e9lja, hogy cs\u00f6kkentse a f\u00e1radts\u00e1got a hosszan tart\u00f3 laptophaszn\u00e1lat sor\u00e1n.<\/p>\n<p>Ha ebbe az eredeti Lenovo cserealkatr\u00e9szbe fektet be, az nem csak az optim\u00e1lis funkcionalit\u00e1st biztos\u00edtja, hanem meg\u0151rzi Thinkpad T450s vagy T450 laptopja integrit\u00e1s\u00e1t is.<\/p>\n","protected":false},"excerpt":{"rendered":"<div class=\"flex-1 overflow-hidden\">\n<div class=\"react-scroll-to-bottom--css-wcfve-79elbk h-full dark:bg-gray-800\">\n<div class=\"react-scroll-to-bottom--css-wcfve-1n7m0yu\">\n<div class=\"flex flex-col text-sm dark:bg-gray-800\">\n<div class=\"group w-full text-gray-800 dark:text-gray-100 border-b border-black\/10 dark:border-gray-900\/50 bg-gray-50 dark:bg-[#444654]\">\n<div class=\"flex p-4 gap-4 text-base md:gap-6 md:max-w-2xl lg:max-w-[38rem] xl:max-w-3xl md:py-6 lg:px-0 m-auto\">\n<div class=\"relat\u00edv flex w-[calc(100%-50px)] flex-col gap-1 md:gap-3 lg:w-[calc(100%-115px)]\">\n<div class=\"flex flex-grow flex-col gap-3\">\n<div class=\"min-h-[20px] flex flex-col items-start gap-4 whitespace-pre-wrap break-words\">\n<div class=\"markdown prose w-full break-words dark:prose-invert light\">\n<p>A Lenovo Thinkpad T450s T450 \u00e9rint\u0151pad csukl\u00f3t\u00e1masz AM0TF000100KRD SB30H55672 egy hiteles \u00e9s tart\u00f3s csere csukl\u00f3tart\u00f3 szerelv\u00e9ny, amelyet kifejezetten a Lenovo Thinkpad T450s \u00e9s T450 laptopmodellekhez terveztek. K\u00e9nyelmes \u00e9s ergonomikus fel\u00fcletet biztos\u00edt a tenyer\u00e9nek \u00e9s a csukl\u00f3j\u00e1nak az \u00e9rint\u0151pad haszn\u00e1lata k\u00f6zben. A telep\u00edt\u00e9si folyamat egyszer\u0171, kialak\u00edt\u00e1sa pedig t\u00f6k\u00e9letesen illeszkedik a laptop megjelen\u00e9s\u00e9hez. Ez a csukl\u00f3t\u00e1masz fokozza a g\u00e9pel\u00e9s \u00e9s az \u00e9rint\u0151pad \u00e9lm\u00e9ny\u00e9t, cs\u00f6kkentve a f\u00e1radts\u00e1got a laptop hosszan tart\u00f3 haszn\u00e1lata sor\u00e1n. Ez egy megb\u00edzhat\u00f3 megold\u00e1s, amely meg\u0151rzi a Thinkpad s\u00e9rtetlens\u00e9g\u00e9t.<\/p>\n<\/div>\n<\/div>\n<\/div>\n<\/div>\n<\/div>\n<\/div>\n<\/div>\n<\/div>\n<\/div>\n<\/div>\n","protected":false},"featured_media":384,"template":"","meta":[],"product_brand":[],"product_cat":[16],"product_tag":[25,26],"class_list":{"0":"post-320","1":"product","2":"type-product","3":"status-publish","4":"has-post-thumbnail","6":"product_cat-laptop-housing","7":"product_tag-hp","8":"product_tag-lenovo","10":"first","11":"instock","12":"taxable","13":"shipping-taxable","14":"purchasable","15":"product-type-simple"},"_links":{"self":[{"href":"https:\/\/boreait.com\/hu\/wp-json\/wp\/v2\/product\/320","targetHints":{"allow":["GET"]}}],"collection":[{"href":"https:\/\/boreait.com\/hu\/wp-json\/wp\/v2\/product"}],"about":[{"href":"https:\/\/boreait.com\/hu\/wp-json\/wp\/v2\/types\/product"}],"wp:featuredmedia":[{"embeddable":true,"href":"https:\/\/boreait.com\/hu\/wp-json\/wp\/v2\/media\/384"}],"wp:attachment":[{"href":"https:\/\/boreait.com\/hu\/wp-json\/wp\/v2\/media?parent=320"}],"wp:term":[{"taxonomy":"product_brand","embeddable":true,"href":"https:\/\/boreait.com\/hu\/wp-json\/wp\/v2\/product_brand?post=320"},{"taxonomy":"product_cat","embeddable":true,"href":"https:\/\/boreait.com\/hu\/wp-json\/wp\/v2\/product_cat?post=320"},{"taxonomy":"product_tag","embeddable":true,"href":"https:\/\/boreait.com\/hu\/wp-json\/wp\/v2\/product_tag?post=320"}],"curies":[{"name":"wp","href":"https:\/\/api.w.org\/{rel}","templated":true}]}}