{"id":3198,"date":"2025-09-17T10:35:27","date_gmt":"2025-09-17T08:35:27","guid":{"rendered":"https:\/\/boreait.com\/hu\/?post_type=product&#038;p=3198"},"modified":"2026-01-07T14:53:58","modified_gmt":"2026-01-07T13:53:58","slug":"dell-latitude-e6410-bekapcsologomb-kartya-kabel-cn-a09b26-ls-5471p","status":"publish","type":"product","link":"https:\/\/boreait.com\/hu\/termek\/dell-latitude-e6410-bekapcsologomb-kartya-kabel-cn-a09b26-ls-5471p\/","title":{"rendered":"Dell Latitude E6410 bekapcsol\u00f3gomb k\u00e1rtya + k\u00e1bel CN-A09b26 LS-5471P"},"content":{"rendered":"<p>Emelje \u00fajj\u00e1 Dell Latitude E6410 laptopja bekapcsol\u00f3gomb-funkci\u00f3it a Dell Latitude E6410 bekapcsol\u00f3gomb k\u00e1rty\u00e1val + CN-A09B26 LS-5471P k\u00e1bellel. Ezt az eredeti cserealkatr\u00e9szt \u00fagy tervezt\u00e9k, hogy vissza\u00e1ll\u00edtsa a z\u00f6kken\u0151mentes t\u00e1pell\u00e1t\u00e1s-szab\u00e1lyoz\u00e1st a laptopon, biztos\u00edtva a legjobb m\u0171k\u00f6d\u00e9st.<\/p>\n<p>A prec\u00edzen megalkotott \u00e9s a szigor\u00fa min\u0151s\u00e9gi el\u0151\u00edr\u00e1soknak megfelel\u0151 Dell Latitude E6410 bekapcsol\u00f3gomb-k\u00e1rtya + CN-A09B26 LS-5471P k\u00e1bel megb\u00edzhat\u00f3 megold\u00e1st k\u00edn\u00e1l a bekapcsol\u00f3gombbal kapcsolatos probl\u00e9m\u00e1kra. A mell\u00e9kelt k\u00e1bel biztons\u00e1gos csatlakoz\u00e1st biztos\u00edt laptopja alaplapj\u00e1hoz, \u00edgy k\u00f6nnyed\u00e9n be- vagy kikapcsolhatja a k\u00e9sz\u00fcl\u00e9ket.<\/p>\n<p>A bekapcsol\u00f3gomb panel cser\u00e9je a Dell Latitude E6410 bekapcsol\u00f3gomb-panel + CN-A09B26 LS-5471P k\u00e1belre egyszer\u0171 folyamat, amely mind a professzion\u00e1lis technikusok, mind a bark\u00e1csol\u00f3k sz\u00e1m\u00e1ra alkalmas. Ha ezt az eredeti Dell cserealkatr\u00e9szt v\u00e1lasztja, meg\u0151rzi laptopja eredeti kialak\u00edt\u00e1s\u00e1t \u00e9s funkcionalit\u00e1s\u00e1t.<\/p>\n<p>N\u00f6velje Dell Latitude E6410 laptopja haszn\u00e1lhat\u00f3s\u00e1g\u00e1t az elhaszn\u00e1l\u00f3dott vagy hib\u00e1s bekapcsol\u00f3gomb-panel cser\u00e9j\u00e9vel a Dell Latitude E6410 bekapcsol\u00f3gomb-panel + CN-A09B26 LS-5471P k\u00e1belre. \u00c9lvezze a megb\u00edzhat\u00f3 teljes\u00edtm\u00e9nyszab\u00e1lyoz\u00e1st, \u00e9s \u00e1ll\u00edtsa vissza laptopja z\u00f6kken\u0151mentes teljes\u00edtm\u00e9ny\u00e9t.<\/p>\n<p>A v\u00e1s\u00e1rl\u00e1s el\u0151tt gy\u0151z\u0151dj\u00f6n meg arr\u00f3l, hogy kompatibilis Dell Latitude E6410 modellj\u00e9vel.<\/p>\n","protected":false},"excerpt":{"rendered":"<p>A Dell Latitude E6410 bekapcsol\u00f3gomb-panel + CN-A09B26 LS-5471P k\u00e1bel seg\u00edts\u00e9g\u00e9vel \u00e1ll\u00edtsa vissza a z\u00f6kken\u0151mentes t\u00e1pvez\u00e9rl\u00e9st Dell Latitude E6410 laptopj\u00e1n. Ez a cserealkatr\u00e9sz megb\u00edzhat\u00f3 \u00e1ramell\u00e1t\u00e1st \u00e9s egyszer\u0171 telep\u00edt\u00e9st biztos\u00edt, \u00edgy visszaadja laptopja z\u00f6kken\u0151mentes teljes\u00edtm\u00e9ny\u00e9t.<\/p>\n","protected":false},"featured_media":3243,"template":"","meta":[],"product_brand":[],"product_cat":[27],"product_tag":[17],"class_list":{"0":"post-3198","1":"product","2":"type-product","3":"status-publish","4":"has-post-thumbnail","6":"product_cat-motherboards-board-parts","7":"product_tag-dell","9":"first","10":"instock","11":"taxable","12":"shipping-taxable","13":"purchasable","14":"product-type-simple"},"_links":{"self":[{"href":"https:\/\/boreait.com\/hu\/wp-json\/wp\/v2\/product\/3198","targetHints":{"allow":["GET"]}}],"collection":[{"href":"https:\/\/boreait.com\/hu\/wp-json\/wp\/v2\/product"}],"about":[{"href":"https:\/\/boreait.com\/hu\/wp-json\/wp\/v2\/types\/product"}],"wp:featuredmedia":[{"embeddable":true,"href":"https:\/\/boreait.com\/hu\/wp-json\/wp\/v2\/media\/3243"}],"wp:attachment":[{"href":"https:\/\/boreait.com\/hu\/wp-json\/wp\/v2\/media?parent=3198"}],"wp:term":[{"taxonomy":"product_brand","embeddable":true,"href":"https:\/\/boreait.com\/hu\/wp-json\/wp\/v2\/product_brand?post=3198"},{"taxonomy":"product_cat","embeddable":true,"href":"https:\/\/boreait.com\/hu\/wp-json\/wp\/v2\/product_cat?post=3198"},{"taxonomy":"product_tag","embeddable":true,"href":"https:\/\/boreait.com\/hu\/wp-json\/wp\/v2\/product_tag?post=3198"}],"curies":[{"name":"wp","href":"https:\/\/api.w.org\/{rel}","templated":true}]}}