{"id":3187,"date":"2025-09-17T10:34:38","date_gmt":"2025-09-17T08:34:38","guid":{"rendered":"https:\/\/boreait.com\/hu\/?post_type=product&#038;p=3187"},"modified":"2026-01-07T14:53:42","modified_gmt":"2026-01-07T13:53:42","slug":"ls-9635p-eredeti-eredeti-lenovo-dvd-led-kartya-g500-sorozat","status":"publish","type":"product","link":"https:\/\/boreait.com\/hu\/termek\/ls-9635p-eredeti-eredeti-lenovo-dvd-led-kartya-g500-sorozat\/","title":{"rendered":"LS-9635P EREDETI EREDETI LENOVO DVD LED k\u00e1rtya G500 SOROZAT"},"content":{"rendered":"<p>Friss\u00edtse Lenovo G500 sorozat\u00fa laptopj\u00e1t az LS-9635P Eredeti Lenovo DVD LED k\u00e1rty\u00e1val k\u00e1bellel. Ezt a pr\u00e9mium cserealkatr\u00e9szt \u00fagy tervezt\u00e9k, hogy jav\u00edtsa laptopja DVD-funkci\u00f3it, z\u00f6kken\u0151mentes teljes\u00edtm\u00e9nyt \u00e9s optim\u00e1lis felhaszn\u00e1l\u00f3i \u00e9lm\u00e9nyt biztos\u00edtva.<\/p>\n<p>A prec\u00edzen megalkotott \u00e9s a szigor\u00fa min\u0151s\u00e9gi el\u0151\u00edr\u00e1soknak megfelel\u0151en meg\u00e9p\u00edtett LS-9635P Eredeti, Eredeti Lenovo DVD LED-k\u00e1rtya k\u00e1bellel megb\u00edzhat\u00f3 megold\u00e1st k\u00edn\u00e1l a DVD-vel kapcsolatos probl\u00e9m\u00e1kra. A mell\u00e9kelt k\u00e1bel stabil \u00e9s biztons\u00e1gos csatlakoz\u00e1st biztos\u00edt laptopja alaplapj\u00e1hoz, lehet\u0151v\u00e9 t\u00e9ve a probl\u00e9mamentes DVD-lej\u00e1tsz\u00e1st, adat\u00e1tvitelt \u00e9s \u00edr\u00e1st.<\/p>\n<p>A k\u00e1bellel ell\u00e1tott LS-9635P DVD LED k\u00e1rtya beszerel\u00e9se egyszer\u0171 \u00e9s egyszer\u0171, \u00edgy kiv\u00e1l\u00f3 v\u00e1laszt\u00e1s a professzion\u00e1lis technikusok \u00e9s a bark\u00e1csol\u00f3k sz\u00e1m\u00e1ra egyar\u00e1nt. Ha ezt az eredeti Lenovo cserealkatr\u00e9szt v\u00e1lasztja, meg\u0151rzi laptopja eredeti kialak\u00edt\u00e1s\u00e1t \u00e9s funkcionalit\u00e1s\u00e1t.<\/p>\n<p>N\u00f6velje Lenovo G500 sorozat\u00fa laptopja haszn\u00e1lhat\u00f3s\u00e1g\u00e1t az elhaszn\u00e1l\u00f3dott vagy hib\u00e1san m\u0171k\u00f6d\u0151 DVD LED k\u00e1rtya kicser\u00e9l\u00e9s\u00e9vel az LS-9635P Eredeti Lenovo DVD LED k\u00e1rty\u00e1ra k\u00e1bellel. \u00c9lvezze a z\u00f6kken\u0151mentes DVD-m\u0171veleteket, \u00e9s \u00e1ll\u00edtsa vissza laptopja cs\u00facsteljes\u00edtm\u00e9ny\u00e9t.<\/p>\n<p>A v\u00e1s\u00e1rl\u00e1s el\u0151tt er\u0151s\u00edtse meg a kompatibilit\u00e1st Lenovo G500 sorozat\u00fa modellj\u00e9vel.<\/p>\n","protected":false},"excerpt":{"rendered":"<p>N\u00f6velje Lenovo G500 sorozat\u00fa laptopja DVD-funkci\u00f3it az LS-9635P Eredeti, Eredeti Lenovo DVD LED-k\u00e1rty\u00e1val k\u00e1bellel. Ez a cserealkatr\u00e9sz z\u00f6kken\u0151mentes DVD-m\u0171veleteket \u00e9s egyszer\u0171 telep\u00edt\u00e9st biztos\u00edt, jav\u00edtva laptopja teljes\u00edtm\u00e9ny\u00e9t \u00e9s felhaszn\u00e1l\u00f3i \u00e9lm\u00e9ny\u00e9t.<\/p>\n","protected":false},"featured_media":3242,"template":"","meta":[],"product_brand":[],"product_cat":[27],"product_tag":[26],"class_list":{"0":"post-3187","1":"product","2":"type-product","3":"status-publish","4":"has-post-thumbnail","6":"product_cat-motherboards-board-parts","7":"product_tag-lenovo","9":"first","10":"instock","11":"taxable","12":"shipping-taxable","13":"purchasable","14":"product-type-simple"},"_links":{"self":[{"href":"https:\/\/boreait.com\/hu\/wp-json\/wp\/v2\/product\/3187","targetHints":{"allow":["GET"]}}],"collection":[{"href":"https:\/\/boreait.com\/hu\/wp-json\/wp\/v2\/product"}],"about":[{"href":"https:\/\/boreait.com\/hu\/wp-json\/wp\/v2\/types\/product"}],"wp:featuredmedia":[{"embeddable":true,"href":"https:\/\/boreait.com\/hu\/wp-json\/wp\/v2\/media\/3242"}],"wp:attachment":[{"href":"https:\/\/boreait.com\/hu\/wp-json\/wp\/v2\/media?parent=3187"}],"wp:term":[{"taxonomy":"product_brand","embeddable":true,"href":"https:\/\/boreait.com\/hu\/wp-json\/wp\/v2\/product_brand?post=3187"},{"taxonomy":"product_cat","embeddable":true,"href":"https:\/\/boreait.com\/hu\/wp-json\/wp\/v2\/product_cat?post=3187"},{"taxonomy":"product_tag","embeddable":true,"href":"https:\/\/boreait.com\/hu\/wp-json\/wp\/v2\/product_tag?post=3187"}],"curies":[{"name":"wp","href":"https:\/\/api.w.org\/{rel}","templated":true}]}}