{"id":3186,"date":"2025-09-17T10:34:38","date_gmt":"2025-09-17T08:34:38","guid":{"rendered":"https:\/\/boreait.com\/hu\/?post_type=product&#038;p=3186"},"modified":"2026-01-07T14:53:26","modified_gmt":"2026-01-07T13:53:26","slug":"eredeti-dell-latitude-e5450-led-kartya-nbx0001jg00-ls-a901p-kabellel","status":"publish","type":"product","link":"https:\/\/boreait.com\/hu\/termek\/eredeti-dell-latitude-e5450-led-kartya-nbx0001jg00-ls-a901p-kabellel\/","title":{"rendered":"EREDETI Dell Latitude E5450 LED k\u00e1rtya NBX0001JG00 LS-A901P k\u00e1bellel"},"content":{"rendered":"<p>Fokozza Dell Latitude E5450 laptopja vizu\u00e1lis \u00e9lm\u00e9ny\u00e9t az Eredeti Dell Latitude E5450 LED k\u00e1rty\u00e1val NBX0001JG00 LS-A901P k\u00e1bellel. \u00c9l\u00e9nk \u00e9s energiahat\u00e9kony vil\u00e1g\u00edt\u00e1sra tervezett LED t\u00e1bla egy eredeti cserealkatr\u00e9sz, amely optim\u00e1lis teljes\u00edtm\u00e9nyt \u00e9s kompatibilit\u00e1st biztos\u00edt laptopj\u00e1val.<\/p>\n<p>A prec\u00edzen \u00e9s a r\u00e9szletekre val\u00f3 odafigyel\u00e9ssel k\u00e9sz\u00fclt Dell Latitude E5450 LED t\u00e1bla NBX0001JG00 LS-A901P k\u00e1bellel z\u00f6kken\u0151mentes integr\u00e1ci\u00f3t k\u00edn\u00e1l laptopja kialak\u00edt\u00e1s\u00e1ba. A mell\u00e9kelt k\u00e1bel megb\u00edzhat\u00f3 csatlakoz\u00e1st biztos\u00edt az alaplaphoz, lehet\u0151v\u00e9 t\u00e9ve, hogy \u00e9lvezze a tiszta \u00e9s egyenletes LED-vil\u00e1g\u00edt\u00e1st a k\u00fcl\u00f6nb\u00f6z\u0151 funkci\u00f3khoz.<\/p>\n<p>Friss\u00edtse laptopja eszt\u00e9tik\u00e1j\u00e1t \u00e9s funkcionalit\u00e1s\u00e1t, ha megl\u00e9v\u0151 LED-k\u00e1rty\u00e1j\u00e1t NBX0001JG00 LS-A901P k\u00e1bellel rendelkez\u0151 Eredeti Dell Latitude E5450 LED-k\u00e1rty\u00e1ra cser\u00e9li. Ak\u00e1r gyenge f\u00e9nyviszonyok k\u00f6z\u00f6tt dolgozik, ak\u00e1r egyszer\u0171en csak egy csipetnyi eleganci\u00e1t szeretne hozz\u00e1adni, ez a LED-t\u00e1bla biztos\u00edtja a sz\u00fcks\u00e9ges megvil\u00e1g\u00edt\u00e1st.<\/p>\n<p>A telep\u00edt\u00e9si folyamat felhaszn\u00e1l\u00f3bar\u00e1t, \u00edgy k\u00f6nnyen cser\u00e9lhet\u0151 a Dell Latitude E5450 laptopja megl\u00e9v\u0151 LED-k\u00e1rty\u00e1ja. Ha ezt az eredeti Dell cserealkatr\u00e9szt v\u00e1lasztja, \u0151rizze meg laptopja kialak\u00edt\u00e1s\u00e1nak eredetis\u00e9g\u00e9t, \u00e9s biztos\u00edtsa annak hossz\u00fa \u00e9lettartam\u00e1t.<\/p>\n<p>V\u00e1s\u00e1rl\u00e1s el\u0151tt ellen\u0151rizze, hogy kompatibilis-e Dell Latitude E5450 modellj\u00e9vel.<\/p>\n","protected":false},"excerpt":{"rendered":"<p>Friss\u00edtse Dell Latitude E5450 laptopj\u00e1t az Eredeti Dell Latitude E5450 LED k\u00e1rty\u00e1val, NBX0001JG00 LS-A901P k\u00e1bellel a jobb l\u00e1tv\u00e1ny \u00e9s funkcionalit\u00e1s \u00e9rdek\u00e9ben. Ez a LED k\u00e1rtyacsere energiatakar\u00e9kos vil\u00e1g\u00edt\u00e1st \u00e9s megb\u00edzhat\u00f3 csatlakoz\u00e1st k\u00edn\u00e1l az optim\u00e1lis teljes\u00edtm\u00e9ny \u00e9rdek\u00e9ben.<\/p>\n","protected":false},"featured_media":3241,"template":"","meta":[],"product_brand":[],"product_cat":[27],"product_tag":[17],"class_list":{"0":"post-3186","1":"product","2":"type-product","3":"status-publish","4":"has-post-thumbnail","6":"product_cat-motherboards-board-parts","7":"product_tag-dell","9":"first","10":"instock","11":"taxable","12":"shipping-taxable","13":"purchasable","14":"product-type-simple"},"_links":{"self":[{"href":"https:\/\/boreait.com\/hu\/wp-json\/wp\/v2\/product\/3186","targetHints":{"allow":["GET"]}}],"collection":[{"href":"https:\/\/boreait.com\/hu\/wp-json\/wp\/v2\/product"}],"about":[{"href":"https:\/\/boreait.com\/hu\/wp-json\/wp\/v2\/types\/product"}],"wp:featuredmedia":[{"embeddable":true,"href":"https:\/\/boreait.com\/hu\/wp-json\/wp\/v2\/media\/3241"}],"wp:attachment":[{"href":"https:\/\/boreait.com\/hu\/wp-json\/wp\/v2\/media?parent=3186"}],"wp:term":[{"taxonomy":"product_brand","embeddable":true,"href":"https:\/\/boreait.com\/hu\/wp-json\/wp\/v2\/product_brand?post=3186"},{"taxonomy":"product_cat","embeddable":true,"href":"https:\/\/boreait.com\/hu\/wp-json\/wp\/v2\/product_cat?post=3186"},{"taxonomy":"product_tag","embeddable":true,"href":"https:\/\/boreait.com\/hu\/wp-json\/wp\/v2\/product_tag?post=3186"}],"curies":[{"name":"wp","href":"https:\/\/api.w.org\/{rel}","templated":true}]}}