{"id":3185,"date":"2025-09-17T10:34:38","date_gmt":"2025-09-17T08:34:38","guid":{"rendered":"https:\/\/boreait.com\/hu\/?post_type=product&#038;p=3185"},"modified":"2025-09-17T10:37:53","modified_gmt":"2025-09-17T08:37:53","slug":"hp-probook-470-g2-bekapcsologomb-kartya-ls-b181p-kabellel","status":"publish","type":"product","link":"https:\/\/boreait.com\/hu\/termek\/hp-probook-470-g2-bekapcsologomb-kartya-ls-b181p-kabellel\/","title":{"rendered":"HP ProBook 470 G2 bekapcsol\u00f3gomb k\u00e1rtya LS-B181P k\u00e1bellel"},"content":{"rendered":"<p>A HP ProBook 470 G2 bekapcsol\u00f3gomb k\u00e1rtya LS-B181P k\u00e1bellel egy kulcsfontoss\u00e1g\u00fa alkatr\u00e9sz, amely a laptop bekapcsol\u00f3gombj\u00e1nak z\u00f6kken\u0151mentes \u00e9s megb\u00edzhat\u00f3 m\u0171k\u00f6d\u00e9s\u00e9t biztos\u00edtja. Ez a kiv\u00e1l\u00f3 min\u0151s\u00e9g\u0171 k\u00e1rtya- \u00e9s k\u00e1belszerelv\u00e9ny z\u00f6kken\u0151mentes kapcsolatot biztos\u00edt a bekapcsol\u00f3gomb \u00e9s az alaplap k\u00f6z\u00f6tt, lehet\u0151v\u00e9 t\u00e9ve a HP ProBook 470 G2 k\u00f6nny\u0171 be- \u00e9s kikapcsol\u00e1s\u00e1t.<\/p>\n<p>A prec\u00edzen \u00e9s a r\u00e9szletekre val\u00f3 odafigyel\u00e9ssel k\u00e9sz\u00fclt HP ProBook 470 G2 bekapcsol\u00f3gomb k\u00e1rtya LS-B181P k\u00e1bellel \u00fagy lett kialak\u00edtva, hogy z\u00f6kken\u0151mentesen illeszkedjen a laptop architekt\u00far\u00e1j\u00e1ba. Egy dedik\u00e1lt k\u00e1bellel rendelkezik, amely megb\u00edzhat\u00f3 \u00e9s \u00e9rz\u00e9keny kapcsolatot biztos\u00edt, lehet\u0151v\u00e9 t\u00e9ve a laptop energiaell\u00e1t\u00e1si funkci\u00f3inak z\u00f6kken\u0151mentes vez\u00e9rl\u00e9s\u00e9t.<\/p>\n<p>A HP ProBook 470 G2 bekapcsol\u00f3gomb k\u00e1rtya LS-B181P k\u00e1bellel telep\u00edt\u00e9se egyszer\u0171 folyamat, felhaszn\u00e1l\u00f3bar\u00e1t kialak\u00edt\u00e1s\u00e1nak k\u00f6sz\u00f6nhet\u0151en. Gondoskodjon HP ProBook 470 G2 folyamatos teljes\u00edtm\u00e9ny\u00e9r\u0151l az Eredeti HP ProBook 470 G2 bekapcsol\u00f3gomb k\u00e1rty\u00e1val, LS-B181P k\u00e1bellel. Ezzel az alapvet\u0151 komponenssel magabiztosan, gond n\u00e9lk\u00fcl bekapcsolhatja vagy le\u00e1ll\u00edthatja laptopj\u00e1t.<\/p>\n<p>V\u00e1s\u00e1rl\u00e1s el\u0151tt ellen\u0151rizze, hogy kompatibilis-e HP ProBook 470 G2 modellj\u00e9vel.<\/p>\n","protected":false},"excerpt":{"rendered":"<p>\u00c1ll\u00edtsa vissza a bekapcsol\u00f3gombok z\u00f6kken\u0151mentes m\u0171k\u00f6d\u00e9s\u00e9t a HP ProBook 470 G2 k\u00e9sz\u00fcl\u00e9ken az eredeti HP ProBook 470 G2 bekapcsol\u00f3gomb k\u00e1rty\u00e1val, LS-B181P k\u00e1bellel. Az egyszer\u0171 telep\u00edt\u00e9sre tervezett k\u00e1rtya-k\u00e1bel-szerelv\u00e9ny megb\u00edzhat\u00f3 kapcsolatot biztos\u00edt a bekapcsol\u00f3gomb \u00e9s az alaplap k\u00f6z\u00f6tt.<\/p>\n","protected":false},"featured_media":3240,"template":"","meta":[],"product_brand":[],"product_cat":[27],"product_tag":[25],"class_list":{"0":"post-3185","1":"product","2":"type-product","3":"status-publish","4":"has-post-thumbnail","6":"product_cat-motherboards-board-parts","7":"product_tag-hp","9":"first","10":"instock","11":"taxable","12":"shipping-taxable","13":"purchasable","14":"product-type-simple"},"_links":{"self":[{"href":"https:\/\/boreait.com\/hu\/wp-json\/wp\/v2\/product\/3185","targetHints":{"allow":["GET"]}}],"collection":[{"href":"https:\/\/boreait.com\/hu\/wp-json\/wp\/v2\/product"}],"about":[{"href":"https:\/\/boreait.com\/hu\/wp-json\/wp\/v2\/types\/product"}],"wp:featuredmedia":[{"embeddable":true,"href":"https:\/\/boreait.com\/hu\/wp-json\/wp\/v2\/media\/3240"}],"wp:attachment":[{"href":"https:\/\/boreait.com\/hu\/wp-json\/wp\/v2\/media?parent=3185"}],"wp:term":[{"taxonomy":"product_brand","embeddable":true,"href":"https:\/\/boreait.com\/hu\/wp-json\/wp\/v2\/product_brand?post=3185"},{"taxonomy":"product_cat","embeddable":true,"href":"https:\/\/boreait.com\/hu\/wp-json\/wp\/v2\/product_cat?post=3185"},{"taxonomy":"product_tag","embeddable":true,"href":"https:\/\/boreait.com\/hu\/wp-json\/wp\/v2\/product_tag?post=3185"}],"curies":[{"name":"wp","href":"https:\/\/api.w.org\/{rel}","templated":true}]}}