{"id":3184,"date":"2025-09-17T10:34:38","date_gmt":"2025-09-17T08:34:38","guid":{"rendered":"https:\/\/boreait.com\/hu\/?post_type=product&#038;p=3184"},"modified":"2026-01-07T14:53:10","modified_gmt":"2026-01-07T13:53:10","slug":"ls-a971p-eredeti-dell-sim-kartya-tarsa-latitude-e7250-p22s-kabellel","status":"publish","type":"product","link":"https:\/\/boreait.com\/hu\/termek\/ls-a971p-eredeti-dell-sim-kartya-tarsa-latitude-e7250-p22s-kabellel\/","title":{"rendered":"LS-A971P EREDETI DELL SIM-K\u00c1RTYA T\u00c1RSA LATITUDE E7250 P22S k\u00e1bellel"},"content":{"rendered":"<p>Az eredeti Dell SIM-k\u00e1rtya LS-A971P k\u00e1bellel egy l\u00e9tfontoss\u00e1g\u00fa alkatr\u00e9sz, amelyet a Dell Latitude E7250 laptop csatlakoztat\u00e1si k\u00e9pess\u00e9geinek jav\u00edt\u00e1s\u00e1ra terveztek. Ez a kiv\u00e1l\u00f3 min\u0151s\u00e9g\u0171 SIM-k\u00e1rtya- \u00e9s k\u00e1belszerelv\u00e9ny lehet\u0151v\u00e9 teszi, hogy a mobil sz\u00e9less\u00e1v\u00fa funkci\u00f3kat z\u00f6kken\u0151mentesen integr\u00e1lja laptopj\u00e1ba, \u00edgy \u00fatk\u00f6zben is kapcsol\u00f3dhat.<\/p>\n<p>Az eredeti Dell SIM-k\u00e1rtya LS-A971P k\u00e1bellel \u00fagy lett megtervezve, hogy t\u00f6k\u00e9letesen illeszkedjen Latitude E7250 architekt\u00far\u00e1j\u00e1ba, \u00edgy biztos\u00edtva a probl\u00e9mamentes telep\u00edt\u00e9si folyamatot. Ezt a k\u00e1rty\u00e1t \u00e9s k\u00e1belt apr\u00f3l\u00e9kosan \u00fagy tervezt\u00e9k, hogy belef\u00e9rjen egy SIM-k\u00e1rty\u00e1ba, \u00e9s lehet\u0151v\u00e9 teszi, hogy laptopja csatlakozzon a mobilh\u00e1l\u00f3zatokhoz, \u00e9s b\u00e1rhol el\u00e9rje az internetet.<\/p>\n<p>A fejlett technol\u00f3gi\u00e1val felszerelt Eredeti Dell SIM-k\u00e1rtya LS-A971P k\u00e1bellel gyors \u00e9s megb\u00edzhat\u00f3 adatkapcsolatot biztos\u00edt, \u00edgy kiv\u00e1l\u00f3 kieg\u00e9sz\u00edt\u0151je a t\u00e1voli csatlakoz\u00e1st ig\u00e9nyl\u0151 felhaszn\u00e1l\u00f3knak. Ak\u00e1r \u00fczleti, ak\u00e1r szabadid\u0151s c\u00e9llal utazik, ez a t\u00e1bla lehet\u0151v\u00e9 teszi az e-mailek el\u00e9r\u00e9s\u00e9t, az internet b\u00f6ng\u00e9sz\u00e9s\u00e9t \u00e9s az online feladatok elv\u00e9gz\u00e9s\u00e9t an\u00e9lk\u00fcl, hogy kiz\u00e1r\u00f3lag a Wi-Fi h\u00e1l\u00f3zatokra t\u00e1maszkodna.<\/p>\n<p>Az LS-A971P k\u00e1bellel rendelkez\u0151 eredeti Dell SIM-k\u00e1rtya telep\u00edt\u00e9si folyamata egyszer\u0171 \u00e9s felhaszn\u00e1l\u00f3bar\u00e1t.<\/p>\n<p>Fokozza laptopja csatlakoztathat\u00f3s\u00e1g\u00e1t az eredeti Dell SIM-k\u00e1rtya LS-A971P k\u00e1bellel, \u00e9s tapasztalja meg a mobil sz\u00e9less\u00e1v ny\u00fajtotta k\u00e9nyelmet Latitude E7250 k\u00e9sz\u00fcl\u00e9k\u00e9n. Maradjon produkt\u00edv \u00e9s kapcsolatban maradjon, b\u00e1rhov\u00e1 is visz az utaz\u00e1sa.<\/p>\n<p>V\u00e1s\u00e1rl\u00e1s el\u0151tt ellen\u0151rizze, hogy kompatibilis-e Dell Latitude E7250 modellj\u00e9vel.<\/p>\n","protected":false},"excerpt":{"rendered":"<p>B\u0151v\u00edtse Dell Latitude E7250 laptopja csatlakoztathat\u00f3s\u00e1g\u00e1t az Eredeti Dell SIM-k\u00e1rtya k\u00e1rty\u00e1val, LS-A971P k\u00e1bellel. Ez a k\u00e1rtya- \u00e9s k\u00e1belszerelv\u00e9ny mobil sz\u00e9less\u00e1v\u00fa lehet\u0151s\u00e9geket tesz lehet\u0151v\u00e9, \u00edgy \u00fatk\u00f6zben is megb\u00edzhat\u00f3 internet-hozz\u00e1f\u00e9r\u00e9st biztos\u00edt.<\/p>\n","protected":false},"featured_media":3229,"template":"","meta":[],"product_brand":[],"product_cat":[27],"product_tag":[17],"class_list":{"0":"post-3184","1":"product","2":"type-product","3":"status-publish","4":"has-post-thumbnail","6":"product_cat-motherboards-board-parts","7":"product_tag-dell","9":"first","10":"instock","11":"taxable","12":"shipping-taxable","13":"purchasable","14":"product-type-simple"},"_links":{"self":[{"href":"https:\/\/boreait.com\/hu\/wp-json\/wp\/v2\/product\/3184","targetHints":{"allow":["GET"]}}],"collection":[{"href":"https:\/\/boreait.com\/hu\/wp-json\/wp\/v2\/product"}],"about":[{"href":"https:\/\/boreait.com\/hu\/wp-json\/wp\/v2\/types\/product"}],"wp:featuredmedia":[{"embeddable":true,"href":"https:\/\/boreait.com\/hu\/wp-json\/wp\/v2\/media\/3229"}],"wp:attachment":[{"href":"https:\/\/boreait.com\/hu\/wp-json\/wp\/v2\/media?parent=3184"}],"wp:term":[{"taxonomy":"product_brand","embeddable":true,"href":"https:\/\/boreait.com\/hu\/wp-json\/wp\/v2\/product_brand?post=3184"},{"taxonomy":"product_cat","embeddable":true,"href":"https:\/\/boreait.com\/hu\/wp-json\/wp\/v2\/product_cat?post=3184"},{"taxonomy":"product_tag","embeddable":true,"href":"https:\/\/boreait.com\/hu\/wp-json\/wp\/v2\/product_tag?post=3184"}],"curies":[{"name":"wp","href":"https:\/\/api.w.org\/{rel}","templated":true}]}}