{"id":3182,"date":"2025-09-17T10:34:37","date_gmt":"2025-09-17T08:34:37","guid":{"rendered":"https:\/\/boreait.com\/hu\/?post_type=product&#038;p=3182"},"modified":"2026-01-07T14:46:53","modified_gmt":"2026-01-07T13:46:53","slug":"toshiba-satellite-l305-l355-l335d-usb-csatlakozo-6050a2175201","status":"publish","type":"product","link":"https:\/\/boreait.com\/hu\/termek\/toshiba-satellite-l305-l355-l335d-usb-csatlakozo-6050a2175201\/","title":{"rendered":"TOSHIBA SATELLITE L305 L355 L335D USB CSATLAKOZ\u00d3 &#8211; 6050A2175201"},"content":{"rendered":"<p>N\u00f6velje Toshiba Satellite L305, L355 vagy L335D laptopja haszn\u00e1lhat\u00f3s\u00e1g\u00e1t \u00e9s csatlakoztathat\u00f3s\u00e1g\u00e1t a TOSHIBA SATELLITE L305 L355 L335D USB CONNECTOR &#8211; 6050A2175201 seg\u00edts\u00e9g\u00e9vel. Ez az alapvet\u0151 USB-csatlakoz\u00f3k\u00e1rtya lehet\u0151v\u00e9 teszi, hogy b\u0151v\u00edtse laptopja csatlakoz\u00e1si lehet\u0151s\u00e9geit, \u00e9s k\u00f6nnyed\u00e9n csatlakoztasson k\u00fcl\u00f6nf\u00e9le USB-eszk\u00f6z\u00f6ket.<\/p>\n<p>A TOSHIBA SATELLITE L305 L355 L335D USB CONNECTOR &#8211; 6050A2175201 egy eredeti cserealkatr\u00e9sz, amelyet \u00fagy terveztek, hogy t\u00f6k\u00e9letesen illeszkedjen az \u00d6n laptopmodellj\u00e9hez. Ezzel a csatlakoz\u00f3val egyszer\u0171en csatlakoztathat USB-perif\u00e9ri\u00e1kat, p\u00e9ld\u00e1ul k\u00fcls\u0151 merevlemezeket, nyomtat\u00f3kat, billenty\u0171zeteket \u00e9s egyebeket, \u00edgy sz\u00e1mos feladatot k\u00f6nnyed\u00e9n elv\u00e9gezhet.<\/p>\n<p>Ha laptopj\u00e1t ezzel az USB-csatlakoz\u00f3val b\u0151v\u00edti, a laptop \u00e9s a k\u00fcls\u0151 eszk\u00f6z\u00f6k k\u00f6z\u00f6tti nagy sebess\u00e9g\u0171 adat\u00e1tvitel lehet\u0151v\u00e9 teszi az \u00e1ltal\u00e1nos sz\u00e1m\u00edt\u00e1stechnikai \u00e9lm\u00e9nyt. Legyen sz\u00f3 f\u00e1jlok \u00e1tvitel\u00e9r\u0151l, adatok biztons\u00e1gi ment\u00e9s\u00e9r\u0151l vagy egyszer\u0171en csak tartoz\u00e9kok csatlakoztat\u00e1s\u00e1r\u00f3l, ez az USB-csatlakoz\u00f3 megb\u00edzhat\u00f3 \u00e9s hat\u00e9kony kommunik\u00e1ci\u00f3t biztos\u00edt.<\/p>\n<p>A TOSHIBA SATELLITE L305 L355 L335D USB CONNECTOR &#8211; 6050A2175201 telep\u00edt\u00e9se egyszer\u0171 folyamat, \u00e9s tartalmazza a sz\u00fcks\u00e9ges csatlakoz\u00f3kat \u00e9s \u00f6sszetev\u0151ket a laptop architekt\u00far\u00e1j\u00e1ba val\u00f3 z\u00f6kken\u0151mentes integr\u00e1ci\u00f3hoz.<\/p>\n<p>H\u00edvjon \u00faj \u00e9letet Toshiba Satellite L305, L355 vagy L335D laptopj\u00e1ba, ha az USB-csatlakoz\u00f3t a TOSHIBA SATELLITE L305 L355 L335D USB CSATLAKOZ\u00d3RA cser\u00e9li \u2013 6050A2175201. \u00c9lvezze a tov\u00e1bbfejlesztett csatlakoztathat\u00f3s\u00e1got, \u00e9s hozza ki a legt\u00f6bbet laptopja lehet\u0151s\u00e9g\u00e9b\u0151l.<\/p>\n<p>V\u00e1s\u00e1rl\u00e1s el\u0151tt gy\u0151z\u0151dj\u00f6n meg arr\u00f3l, hogy kompatibilis az adott laptopmodellj\u00e9vel.<\/p>\n","protected":false},"excerpt":{"rendered":"<p>B\u0151v\u00edtse Toshiba Satellite L305, L355 vagy L335D laptopja csatlakoztathat\u00f3s\u00e1g\u00e1t a TOSHIBA SATELLITE L305 L355 L335D USB CONNECTOR &#8211; 6050A2175201 seg\u00edts\u00e9g\u00e9vel. K\u00f6nnyed\u00e9n csatlakoztasson USB-eszk\u00f6z\u00f6ket, \u00e9s \u00e9lvezze a nagy sebess\u00e9g\u0171 adat\u00e1tvitelt a jobb haszn\u00e1lhat\u00f3s\u00e1g \u00e9rdek\u00e9ben.<\/p>\n","protected":false},"featured_media":3227,"template":"","meta":[],"product_brand":[],"product_cat":[27],"product_tag":[34],"class_list":{"0":"post-3182","1":"product","2":"type-product","3":"status-publish","4":"has-post-thumbnail","6":"product_cat-motherboards-board-parts","7":"product_tag-toshiba","9":"first","10":"instock","11":"taxable","12":"shipping-taxable","13":"purchasable","14":"product-type-simple"},"_links":{"self":[{"href":"https:\/\/boreait.com\/hu\/wp-json\/wp\/v2\/product\/3182","targetHints":{"allow":["GET"]}}],"collection":[{"href":"https:\/\/boreait.com\/hu\/wp-json\/wp\/v2\/product"}],"about":[{"href":"https:\/\/boreait.com\/hu\/wp-json\/wp\/v2\/types\/product"}],"wp:featuredmedia":[{"embeddable":true,"href":"https:\/\/boreait.com\/hu\/wp-json\/wp\/v2\/media\/3227"}],"wp:attachment":[{"href":"https:\/\/boreait.com\/hu\/wp-json\/wp\/v2\/media?parent=3182"}],"wp:term":[{"taxonomy":"product_brand","embeddable":true,"href":"https:\/\/boreait.com\/hu\/wp-json\/wp\/v2\/product_brand?post=3182"},{"taxonomy":"product_cat","embeddable":true,"href":"https:\/\/boreait.com\/hu\/wp-json\/wp\/v2\/product_cat?post=3182"},{"taxonomy":"product_tag","embeddable":true,"href":"https:\/\/boreait.com\/hu\/wp-json\/wp\/v2\/product_tag?post=3182"}],"curies":[{"name":"wp","href":"https:\/\/api.w.org\/{rel}","templated":true}]}}