{"id":3181,"date":"2025-09-17T10:34:37","date_gmt":"2025-09-17T08:34:37","guid":{"rendered":"https:\/\/boreait.com\/hu\/?post_type=product&#038;p=3181"},"modified":"2026-01-14T09:13:28","modified_gmt":"2026-01-14T08:13:28","slug":"hp-probook-450-gb-hstnn-w94c-kartya-12781-1-48-4yz36","status":"publish","type":"product","link":"https:\/\/boreait.com\/hu\/termek\/hp-probook-450-gb-hstnn-w94c-kartya-12781-1-48-4yz36\/","title":{"rendered":"HP ProBook 450 GB hstnn-w94c k\u00e1rtya 12781-1 48.4yz36"},"content":{"rendered":"<p>N\u00f6velje HP ProBook laptopja csatlakoztathat\u00f3s\u00e1g\u00e1t a HP ProBook 450 GB hstnn-w94c 12781-1 48.4yz36 k\u00e1rty\u00e1val. Ez az alapvet\u0151 \u00f6sszetev\u0151 lehet\u0151v\u00e9 teszi laptopja k\u00e9pess\u00e9geinek b\u0151v\u00edt\u00e9s\u00e9t \u00e9s \u00e1ltal\u00e1nos sz\u00e1m\u00edt\u00e1stechnikai \u00e9lm\u00e9ny\u00e9nek jav\u00edt\u00e1s\u00e1t.<\/p>\n<p>A HP ProBook 450 GB hstnn-w94c k\u00e1rtya megb\u00edzhat\u00f3 \u00e9s gyors adat\u00e1tviteli k\u00e9pess\u00e9get biztos\u00edt, biztos\u00edtva a z\u00f6kken\u0151mentes kommunik\u00e1ci\u00f3t a laptop \u00e9s a k\u00fcls\u0151 eszk\u00f6z\u00f6k k\u00f6z\u00f6tt. Ez a k\u00e1rtya lehet\u0151v\u00e9 teszi k\u00fcl\u00f6nf\u00e9le perif\u00e9ri\u00e1k, p\u00e9ld\u00e1ul k\u00fcls\u0151 merevlemezek, nyomtat\u00f3k \u00e9s egyebek csatlakoztat\u00e1s\u00e1t, lehet\u0151v\u00e9 t\u00e9ve a feladatok hat\u00e9kony \u00e9s k\u00f6nnyed elv\u00e9gz\u00e9s\u00e9t.<\/p>\n<p>A HP ProBook 450 GB-os hstnn-w94c k\u00e1rtya telep\u00edt\u00e9s\u00e9vel kihaszn\u00e1lhatja a nagy sebess\u00e9g\u0171 adat\u00e1tviteli sebess\u00e9get, amely elengedhetetlen olyan feladatokhoz, mint a f\u00e1jlmegoszt\u00e1s, a m\u00e9diastreamel\u00e9s \u00e9s az online egy\u00fcttm\u0171k\u00f6d\u00e9s. A k\u00e1rtya kompatibilit\u00e1sa az \u00d6n HP ProBook laptopmodellj\u00e9vel t\u00f6k\u00e9letes illeszked\u00e9st \u00e9s optim\u00e1lis teljes\u00edtm\u00e9nyt biztos\u00edt.<\/p>\n<p>A k\u00e1rtya beszerel\u00e9se egyszer\u0171, \u00e9s fel van szerelve a probl\u00e9mamentes be\u00e1ll\u00edt\u00e1shoz sz\u00fcks\u00e9ges csatlakoz\u00f3kkal. B\u0151v\u00edtse HP ProBook laptopja csatlakoztathat\u00f3s\u00e1g\u00e1t \u00e9s sokoldal\u00fas\u00e1g\u00e1t a HP ProBook 450 GB hstnn-w94c 12781-1 48.4yz36 k\u00e1rty\u00e1val. Ak\u00e1r profi, aki megb\u00edzhat\u00f3 adat\u00e1tvitelre van sz\u00fcks\u00e9ge, ak\u00e1r di\u00e1k, aki a multim\u00e9di\u00e1s \u00e9lm\u00e9ny\u00e9t szeretn\u00e9 fokozni, ez a k\u00e1rtya \u00e9rt\u00e9kes kieg\u00e9sz\u00edt\u0151je lesz laptopj\u00e1nak.<\/p>\n<p>V\u00e1s\u00e1rl\u00e1s el\u0151tt gy\u0151z\u0151dj\u00f6n meg arr\u00f3l, hogy kompatibilis az adott laptopmodellj\u00e9vel.<\/p>\n","protected":false},"excerpt":{"rendered":"<p>B\u0151v\u00edtse HP ProBook laptopja csatlakoztathat\u00f3s\u00e1g\u00e1t a HP ProBook 450 GB hstnn-w94c k\u00e1rty\u00e1val. \u00c9lvezze a nagy sebess\u00e9g\u0171 adat\u00e1tvitelt \u00e9s a k\u00fcls\u0151 eszk\u00f6z\u00f6kkel val\u00f3 z\u00f6kken\u0151mentes kommunik\u00e1ci\u00f3t a fokozott termel\u00e9kenys\u00e9g \u00e9s sokoldal\u00fas\u00e1g \u00e9rdek\u00e9ben.<\/p>\n","protected":false},"featured_media":3226,"template":"","meta":[],"product_brand":[],"product_cat":[27],"product_tag":[25],"class_list":{"0":"post-3181","1":"product","2":"type-product","3":"status-publish","4":"has-post-thumbnail","6":"product_cat-motherboards-board-parts","7":"product_tag-hp","9":"first","10":"instock","11":"taxable","12":"shipping-taxable","13":"purchasable","14":"product-type-simple"},"_links":{"self":[{"href":"https:\/\/boreait.com\/hu\/wp-json\/wp\/v2\/product\/3181","targetHints":{"allow":["GET"]}}],"collection":[{"href":"https:\/\/boreait.com\/hu\/wp-json\/wp\/v2\/product"}],"about":[{"href":"https:\/\/boreait.com\/hu\/wp-json\/wp\/v2\/types\/product"}],"wp:featuredmedia":[{"embeddable":true,"href":"https:\/\/boreait.com\/hu\/wp-json\/wp\/v2\/media\/3226"}],"wp:attachment":[{"href":"https:\/\/boreait.com\/hu\/wp-json\/wp\/v2\/media?parent=3181"}],"wp:term":[{"taxonomy":"product_brand","embeddable":true,"href":"https:\/\/boreait.com\/hu\/wp-json\/wp\/v2\/product_brand?post=3181"},{"taxonomy":"product_cat","embeddable":true,"href":"https:\/\/boreait.com\/hu\/wp-json\/wp\/v2\/product_cat?post=3181"},{"taxonomy":"product_tag","embeddable":true,"href":"https:\/\/boreait.com\/hu\/wp-json\/wp\/v2\/product_tag?post=3181"}],"curies":[{"name":"wp","href":"https:\/\/api.w.org\/{rel}","templated":true}]}}