{"id":3180,"date":"2025-09-17T10:34:37","date_gmt":"2025-09-17T08:34:37","guid":{"rendered":"https:\/\/boreait.com\/hu\/?post_type=product&#038;p=3180"},"modified":"2026-01-14T09:11:39","modified_gmt":"2026-01-14T08:11:39","slug":"eredeti-hp-350-g2-erintopad-gombtabla-szalagkabellel-6050a2608101","status":"publish","type":"product","link":"https:\/\/boreait.com\/hu\/termek\/eredeti-hp-350-g2-erintopad-gombtabla-szalagkabellel-6050a2608101\/","title":{"rendered":"Eredeti HP 350 G2 \u00e9rint\u0151pad gombt\u00e1bla szalagk\u00e1bellel &#8211; 6050A2608101"},"content":{"rendered":"<p>N\u00f6velje HP ProBook 470 G2 laptopja funkcionalit\u00e1s\u00e1t \u00e9s felhaszn\u00e1l\u00f3i \u00e9lm\u00e9ny\u00e9t a HP ProBook 470 G2 LS-B189P m\u00e9diagombk\u00e1rty\u00e1val. Ez az eredeti HP-tartoz\u00e9k k\u00e9nyelmes \u00e9s \u00e9rz\u00e9keny m\u00f3dot k\u00edn\u00e1l laptopja m\u00e9diafunkci\u00f3inak kezel\u00e9s\u00e9re, egyszer\u0171 hozz\u00e1f\u00e9r\u00e9st biztos\u00edtva a hanger\u0151szab\u00e1lyz\u00f3hoz, a lej\u00e1tsz\u00e1shoz \u00e9s m\u00e9g sok m\u00e1shoz.<\/p>\n<p>A HP ProBook 470 G2 Media Button Board LS-B189P-t \u00fagy tervezt\u00e9k, hogy z\u00f6kken\u0151mentesen integr\u00e1l\u00f3djon a laptopj\u00e1ba, \u00e9s felhaszn\u00e1l\u00f3bar\u00e1t fel\u00fcletet k\u00edn\u00e1l a m\u00e9dialej\u00e1tsz\u00e1s vez\u00e9rl\u00e9s\u00e9hez \u00e9s a hangbe\u00e1ll\u00edt\u00e1sok m\u00f3dos\u00edt\u00e1s\u00e1hoz. J\u00f3l megtervezett gombjaival ez a tartoz\u00e9k megb\u00edzhat\u00f3 \u00e9s egyenletes teljes\u00edtm\u00e9nyt biztos\u00edt, lehet\u0151v\u00e9 t\u00e9ve a k\u00f6nny\u0171 navig\u00e1l\u00e1st a m\u00e9diatartalmak k\u00f6z\u00f6tt.<\/p>\n<p>Fokozza laptopja multim\u00e9di\u00e1s k\u00e9pess\u00e9geit a m\u00e9diagomb panel seg\u00edts\u00e9g\u00e9vel a lej\u00e1tsz\u00e1s vez\u00e9rl\u00e9s\u00e9hez, a sz\u00fcneteltet\u00e9shez \u00e9s a hanger\u0151 pontos be\u00e1ll\u00edt\u00e1s\u00e1hoz. A mell\u00e9kelt k\u00e1belt \u00e1tgondoltan tervezt\u00e9k, hogy biztos\u00edtsa a biztons\u00e1gos csatlakoz\u00e1sokat \u00e9s a gombok optim\u00e1lis reag\u00e1l\u00e1s\u00e1t, \u00edgy teljes m\u00e9rt\u00e9kben \u00e9lvezheti a m\u00e9diagomb panel el\u0151nyeit.<\/p>\n<p>Az eredeti HP min\u0151s\u00e9gnek k\u00f6sz\u00f6nhet\u0151en az LS-B189P Media Button Board tart\u00f3ss\u00e1got \u00e9s egyenletes teljes\u00edtm\u00e9nyt garant\u00e1l. Kompakt kialak\u00edt\u00e1s\u00e1nak \u00e9s felhaszn\u00e1l\u00f3bar\u00e1t funkci\u00f3inak k\u00f6sz\u00f6nhet\u0151en elengedhetetlen kieg\u00e9sz\u00edt\u0151je laptopja be\u00e1ll\u00edt\u00e1sainak, ak\u00e1r filmeket n\u00e9z, ak\u00e1r zen\u00e9t hallgat, ak\u00e1r multim\u00e9di\u00e1s projekteken dolgozik.<\/p>\n<p>A telep\u00edt\u00e9s egyszer\u0171, a gombpanel \u00e9s a k\u00e1bel pedig \u00fagy lett kialak\u00edtva, hogy z\u00f6kken\u0151mentesen illeszkedjen a laptop sz\u00e1m\u00e1ra kijel\u00f6lt ny\u00edl\u00e1sba. Friss\u00edtse HP ProBook 470 G2 k\u00e9sz\u00fcl\u00e9k\u00e9t a HP ProBook 470 G2 LS-B189P m\u00e9diagombk\u00e1rty\u00e1val. \u00c9lvezze az egyszer\u0171 m\u00e9diavez\u00e9rl\u00e9st, a tov\u00e1bbfejlesztett hangbe\u00e1ll\u00edt\u00e1sokat \u00e9s a jobb felhaszn\u00e1l\u00f3i \u00e9lm\u00e9nyt laptopj\u00e1n.<\/p>\n<p>V\u00e1s\u00e1rl\u00e1s el\u0151tt ellen\u0151rizze, hogy kompatibilis-e az adott laptopmodellj\u00e9vel.<\/p>\n","protected":false},"excerpt":{"rendered":"<p>Fokozza multim\u00e9di\u00e1s \u00e9lm\u00e9ny\u00e9t a HP ProBook 470 G2 LS-B189P m\u00e9diagomb-lappal. K\u00f6nnyed\u00e9n vez\u00e9relheti a lej\u00e1tsz\u00e1st, be\u00e1ll\u00edthatja a hanger\u0151t, \u00e9s jav\u00edthatja laptopja m\u00e9diafunkci\u00f3it. N\u00f6velje laptopja \u00e9lm\u00e9ny\u00e9t m\u00e9g ma!<\/p>\n","protected":false},"featured_media":3225,"template":"","meta":[],"product_brand":[],"product_cat":[27],"product_tag":[25],"class_list":{"0":"post-3180","1":"product","2":"type-product","3":"status-publish","4":"has-post-thumbnail","6":"product_cat-motherboards-board-parts","7":"product_tag-hp","9":"first","10":"instock","11":"taxable","12":"shipping-taxable","13":"purchasable","14":"product-type-simple"},"_links":{"self":[{"href":"https:\/\/boreait.com\/hu\/wp-json\/wp\/v2\/product\/3180","targetHints":{"allow":["GET"]}}],"collection":[{"href":"https:\/\/boreait.com\/hu\/wp-json\/wp\/v2\/product"}],"about":[{"href":"https:\/\/boreait.com\/hu\/wp-json\/wp\/v2\/types\/product"}],"wp:featuredmedia":[{"embeddable":true,"href":"https:\/\/boreait.com\/hu\/wp-json\/wp\/v2\/media\/3225"}],"wp:attachment":[{"href":"https:\/\/boreait.com\/hu\/wp-json\/wp\/v2\/media?parent=3180"}],"wp:term":[{"taxonomy":"product_brand","embeddable":true,"href":"https:\/\/boreait.com\/hu\/wp-json\/wp\/v2\/product_brand?post=3180"},{"taxonomy":"product_cat","embeddable":true,"href":"https:\/\/boreait.com\/hu\/wp-json\/wp\/v2\/product_cat?post=3180"},{"taxonomy":"product_tag","embeddable":true,"href":"https:\/\/boreait.com\/hu\/wp-json\/wp\/v2\/product_tag?post=3180"}],"curies":[{"name":"wp","href":"https:\/\/api.w.org\/{rel}","templated":true}]}}