{"id":3166,"date":"2025-09-17T10:34:13","date_gmt":"2025-09-17T08:34:13","guid":{"rendered":"https:\/\/boreait.com\/hu\/?post_type=product&#038;p=3166"},"modified":"2026-01-07T14:46:00","modified_gmt":"2026-01-07T13:46:00","slug":"hp-probook-455-g1-media-button-board-48-4yz15-011","status":"publish","type":"product","link":"https:\/\/boreait.com\/hu\/termek\/hp-probook-455-g1-media-button-board-48-4yz15-011\/","title":{"rendered":"HP Probook 455 G1 Media Button Board 48.4YZ15.011"},"content":{"rendered":"<p>N\u00f6velje HP Probook 455 G1 funkcionalit\u00e1s\u00e1t a HP Probook 455 G1 48.4YZ15.011 m\u00e9diagombk\u00e1rty\u00e1val. Ez az eredeti HP-kieg\u00e9sz\u00edt\u0151 k\u00e9nyelmesebb\u00e9 teszi a laptopot, mivel k\u00f6nnyed\u00e9n hozz\u00e1f\u00e9rhet az alapvet\u0151 m\u00e9diafunkci\u00f3khoz, amelyek k\u00e9zn\u00e9l vannak.<\/p>\n<p>A 48.4YZ15.011 HP Probook 455 G1 Media Button Board 48.4YZ15.011 adathordoz\u00f3t \u00fagy tervezt\u00e9k meg, hogy z\u00f6kken\u0151mentesen integr\u00e1l\u00f3djon a laptopj\u00e1ba, gyors \u00e9s intuit\u00edv vez\u00e9rl\u00e9st biztos\u00edtva a m\u00e9dialej\u00e1tsz\u00e1s, a hanger\u0151 \u00e9s egy\u00e9b multim\u00e9di\u00e1s funkci\u00f3k felett. Felhaszn\u00e1l\u00f3bar\u00e1t elrendez\u00e9se \u00e9s dedik\u00e1lt gombjai lehet\u0151v\u00e9 teszik, hogy k\u00f6nnyed\u00e9n kezelje audio \u00e9s vizu\u00e1lis \u00e9lm\u00e9nyeit.<\/p>\n<p>Az eredeti HP min\u0151s\u00e9gnek k\u00f6sz\u00f6nhet\u0151en a 48.4YZ15.011 Media Button Board megb\u00edzhat\u00f3 \u00e9s prec\u00edz m\u0171k\u00f6d\u00e9st biztos\u00edt, sima \u00e9s rugalmas felhaszn\u00e1l\u00f3i \u00e9lm\u00e9nyt biztos\u00edtva. Ak\u00e1r vide\u00f3kat n\u00e9z, ak\u00e1r zen\u00e9t hallgat, ak\u00e1r a hanger\u0151t \u00e1ll\u00edtja, ez a t\u00e1bla leegyszer\u0171s\u00edti \u00e9s leegyszer\u0171s\u00edti az interakci\u00f3kat.<\/p>\n<p>A telep\u00edt\u00e9s egyszer\u0171, \u00e9s az alaplap \u00fagy lett kialak\u00edtva, hogy z\u00f6kken\u0151mentesen illeszkedjen a laptop sz\u00e1m\u00e1ra kijel\u00f6lt ny\u00edl\u00e1sba. Friss\u00edtse HP Probook 455 G1 k\u00e9sz\u00fcl\u00e9k\u00e9t a 48.4YZ15.011 HP Probook 455 G1 m\u00e9diagombk\u00e1rty\u00e1val. \u00c9lvezze a m\u00e9diafunkci\u00f3k gyors \u00e9s egyszer\u0171 vez\u00e9rl\u00e9s\u00e9t, a sim\u00e1bb multim\u00e9di\u00e1s \u00e9lm\u00e9nyt \u00e9s a felhaszn\u00e1l\u00f3bar\u00e1tabb laptophaszn\u00e1latot.<\/p>\n<p>V\u00e1s\u00e1rl\u00e1s el\u0151tt ellen\u0151rizze, hogy kompatibilis-e az adott laptopmodellj\u00e9vel.<\/p>\n","protected":false},"excerpt":{"rendered":"<p>N\u00f6velje laptopja \u00e9lm\u00e9ny\u00e9t a HP Probook 455 G1 Media Button Board 48.4YZ15.011 k\u00e1rty\u00e1val. \u00c9lvezze a multim\u00e9di\u00e1s funkci\u00f3k k\u00f6nnyed vez\u00e9rl\u00e9s\u00e9t, a tov\u00e1bbfejlesztett audio- \u00e9s vizu\u00e1lis \u00e9lm\u00e9nyt, valamint a felhaszn\u00e1l\u00f3bar\u00e1tabb fel\u00fcletet. Friss\u00edtse laptopj\u00e1t m\u00e9g ma!<\/p>\n","protected":false},"featured_media":3222,"template":"","meta":[],"product_brand":[],"product_cat":[27],"product_tag":[25],"class_list":{"0":"post-3166","1":"product","2":"type-product","3":"status-publish","4":"has-post-thumbnail","6":"product_cat-motherboards-board-parts","7":"product_tag-hp","9":"first","10":"instock","11":"taxable","12":"shipping-taxable","13":"purchasable","14":"product-type-simple"},"_links":{"self":[{"href":"https:\/\/boreait.com\/hu\/wp-json\/wp\/v2\/product\/3166","targetHints":{"allow":["GET"]}}],"collection":[{"href":"https:\/\/boreait.com\/hu\/wp-json\/wp\/v2\/product"}],"about":[{"href":"https:\/\/boreait.com\/hu\/wp-json\/wp\/v2\/types\/product"}],"wp:featuredmedia":[{"embeddable":true,"href":"https:\/\/boreait.com\/hu\/wp-json\/wp\/v2\/media\/3222"}],"wp:attachment":[{"href":"https:\/\/boreait.com\/hu\/wp-json\/wp\/v2\/media?parent=3166"}],"wp:term":[{"taxonomy":"product_brand","embeddable":true,"href":"https:\/\/boreait.com\/hu\/wp-json\/wp\/v2\/product_brand?post=3166"},{"taxonomy":"product_cat","embeddable":true,"href":"https:\/\/boreait.com\/hu\/wp-json\/wp\/v2\/product_cat?post=3166"},{"taxonomy":"product_tag","embeddable":true,"href":"https:\/\/boreait.com\/hu\/wp-json\/wp\/v2\/product_tag?post=3166"}],"curies":[{"name":"wp","href":"https:\/\/api.w.org\/{rel}","templated":true}]}}