{"id":3160,"date":"2025-09-17T10:34:12","date_gmt":"2025-09-17T08:34:12","guid":{"rendered":"https:\/\/boreait.com\/hu\/?post_type=product&#038;p=3160"},"modified":"2025-09-17T10:35:25","modified_gmt":"2025-09-17T08:35:25","slug":"egyedi-egyetlen-kulcs-es-csuklopant-a-lenovo-thinkpad-carbon-x1-gen-3-us-billentyuzethez-sm20g18605-mq6-us-hattervilagitassal","status":"publish","type":"product","link":"https:\/\/boreait.com\/hu\/termek\/egyedi-egyetlen-kulcs-es-csuklopant-a-lenovo-thinkpad-carbon-x1-gen-3-us-billentyuzethez-sm20g18605-mq6-us-hattervilagitassal\/","title":{"rendered":"Egyedi \u2013 egyetlen kulcs \u00e9s csukl\u00f3p\u00e1nt a Lenovo ThinkPad Carbon X1 Gen 3 US billenty\u0171zethez SM20G18605 MQ6-US (h\u00e1tt\u00e9rvil\u00e1g\u00edt\u00e1ssal)"},"content":{"rendered":"<p><strong>A kulcsot az adatlap f\u00e9nyk\u00e9p\u00e9n l\u00e1that\u00f3 billenty\u0171zetr\u0151l kapja meg! Az el\u00e9rhet\u0151 kulcsok a k\u00e9pen l\u00e1that\u00f3k!<\/strong><\/p>\n<p>Ez a Lenovo ThinkPad Carbon X1 Gen 3 US billenty\u0171zet SM20G18605 MQ6-US (h\u00e1tt\u00e9rvil\u00e1g\u00edt\u00e1s\u00fa) billenty\u0171zet cserebillenty\u0171inek \u00e9s zsan\u00e9rjainak term\u00e9klist\u00e1ja. Az elad\u00f3 fontos inform\u00e1ci\u00f3kat k\u00f6z\u00f6l, amelyeket figyelembe kell venni a cserekulcsk\u00e9szlet megv\u00e1s\u00e1rl\u00e1sa el\u0151tt, bele\u00e9rtve a klipek vari\u00e1ci\u00f3it a billenty\u0171zet gy\u00e1rt\u00f3j\u00e1t\u00f3l f\u00fcgg\u0151en. Javasoljuk, hogy a vev\u0151 n\u00e9zze meg a mell\u00e9kelt k\u00e9peket, hogy megbizonyosodjon arr\u00f3l, hogy a cserebillenty\u0171k\u00f6n l\u00e9v\u0151 kapcsok megegyeznek a billenty\u0171zet\u00e9n l\u00e9v\u0151kkel. Ha tov\u00e1bbi pontos\u00edt\u00e1sra vagy a kulcs k\u00e9p\u00e9re van sz\u00fcks\u00e9g, a vev\u0151 a \u201ek\u00e9rdezze meg az elad\u00f3t\u201d linken kereszt\u00fcl kapcsolatba l\u00e9phet az elad\u00f3val, \u00e9s 24 \u00f3r\u00e1n bel\u00fcl v\u00e1laszt kap.<\/p>\n<p>A vev\u0151 egy m\u0171anyag kapcsos billenty\u0171zetbillenty\u0171t \u00e9s egy gumipoharat kap a billenty\u0171 alatt. Az elad\u00f3 azonban hangs\u00falyozza a kompatibilit\u00e1s ellen\u0151rz\u00e9s\u00e9nek fontoss\u00e1g\u00e1t a v\u00e1s\u00e1rl\u00e1s el\u0151tt, mivel az azonos laptopmodell vagy billenty\u0171zet cikksz\u00e1m nem garant\u00e1lja a cserebillenty\u0171k m\u0171k\u00f6d\u00e9s\u00e9t. A vev\u0151t utas\u00edtj\u00e1k, hogy hasonl\u00edtsa \u00f6ssze a megl\u00e9v\u0151 kulcs\u00e1n l\u00e9v\u0151 klipet a megadott k\u00e9pekkel, \u00e9s ha bizonytalan, k\u00fcldj\u00f6n egy k\u00e9pet az elad\u00f3nak \u00e9rt\u00e9kel\u00e9sre.<\/p>\n<p>A cserekulcsok megv\u00e1s\u00e1rl\u00e1s\u00e1hoz a vev\u0151nek t\u00e1j\u00e9koztatnia kell az elad\u00f3t, hogy melyik kulcsot k\u00edv\u00e1nja megv\u00e1s\u00e1rolni. Az el\u00e9rhet\u0151 kulcsok list\u00e1ja a list\u00e1ban tal\u00e1lhat\u00f3. A vev\u0151 vagy megjegyz\u00e9st \u00edrhat az elad\u00f3nak a fizet\u00e9s sor\u00e1n, vagy kapcsolatba l\u00e9phet az elad\u00f3val a fizet\u00e9s ut\u00e1n az eBay v\u00e1s\u00e1rl\u00e1si el\u0151zm\u00e9nyeinek oldal\u00e1n. Javasoljuk, hogy a v\u00e1s\u00e1rl\u00f3 jelezze, hogy balra vagy jobbra v\u00e1lt\u00f3, vez\u00e9rl\u0151 vagy alt billenty\u0171t v\u00e1s\u00e1rol-e, illetve, ha sz\u00e1mbillenty\u0171ket v\u00e1s\u00e1rol, fels\u0151 billenty\u0171ket vagy sz\u00e1mbillenty\u0171zeteket. Ha a vev\u0151 nem t\u00e1j\u00e9koztatja az elad\u00f3t, hogy melyik kulcsot szeretn\u00e9 megv\u00e1s\u00e1rolni, a megrendel\u00e9s nem ker\u00fcl feldolgoz\u00e1sra.<\/p>\n<p><strong>Elrendez\u00e9s: USA\/USA<\/strong><\/p>\n<p>Jelenleg az \u00f6sszes kulcs k\u00e9szleten van, ahogy az a list\u00e1n szerepl\u0151 k\u00e9pen is l\u00e1that\u00f3, bele\u00e9rtve:<\/p>\n<p>esc f1 f2 f3 f4 f5 f6 f8 f9 f10 f11 f12 &#8222;g\u00f6rget\u00e9s&#8221; &#8222;sz\u00fcnet&#8221; &#8222;besz\u00far\u00e1s&#8221; &#8222;t\u00f6rl\u00e9s&#8221;<\/p>\n<p>tilde 2 3 4 5 6 7 8 9 0 &#8211; = backspace &#8222;otthon&#8221;<\/p>\n<p>tab w e r y i o p [ ]  &#8222;oldal fel&#8221;<\/p>\n<p>caps lock s f j l ; &#8216; &#8222;enter&#8221; &#8222;oldal le&#8221;<\/p>\n<p>balra eltol\u00e1s z x c . \/ &#8222;jobbra eltol\u00e1s&#8221; &#8222;v\u00e9ge&#8221;<\/p>\n<p>&#8222;fn&#8221; &#8222;windows&#8221; &#8222;bal alt&#8221; &#8222;jobb oldali alt&#8221; &#8222;men\u00fc&#8221; &#8222;jobb vez\u00e9rl\u0151&#8221;<\/p>\n<p>&#8222;jobbra&#8221;<\/p>\n","protected":false},"excerpt":{"rendered":"<p>#VALUE!<\/p>\n","protected":false},"featured_media":3195,"template":"","meta":[],"product_brand":[],"product_cat":[24],"product_tag":[26],"class_list":{"0":"post-3160","1":"product","2":"type-product","3":"status-publish","4":"has-post-thumbnail","6":"product_cat-individual-keyboard-keys","7":"product_tag-lenovo","9":"first","10":"instock","11":"taxable","12":"shipping-taxable","13":"purchasable","14":"product-type-simple"},"_links":{"self":[{"href":"https:\/\/boreait.com\/hu\/wp-json\/wp\/v2\/product\/3160","targetHints":{"allow":["GET"]}}],"collection":[{"href":"https:\/\/boreait.com\/hu\/wp-json\/wp\/v2\/product"}],"about":[{"href":"https:\/\/boreait.com\/hu\/wp-json\/wp\/v2\/types\/product"}],"wp:featuredmedia":[{"embeddable":true,"href":"https:\/\/boreait.com\/hu\/wp-json\/wp\/v2\/media\/3195"}],"wp:attachment":[{"href":"https:\/\/boreait.com\/hu\/wp-json\/wp\/v2\/media?parent=3160"}],"wp:term":[{"taxonomy":"product_brand","embeddable":true,"href":"https:\/\/boreait.com\/hu\/wp-json\/wp\/v2\/product_brand?post=3160"},{"taxonomy":"product_cat","embeddable":true,"href":"https:\/\/boreait.com\/hu\/wp-json\/wp\/v2\/product_cat?post=3160"},{"taxonomy":"product_tag","embeddable":true,"href":"https:\/\/boreait.com\/hu\/wp-json\/wp\/v2\/product_tag?post=3160"}],"curies":[{"name":"wp","href":"https:\/\/api.w.org\/{rel}","templated":true}]}}