{"id":3159,"date":"2025-09-17T10:34:12","date_gmt":"2025-09-17T08:34:12","guid":{"rendered":"https:\/\/boreait.com\/hu\/?post_type=product&#038;p=3159"},"modified":"2026-01-07T09:39:17","modified_gmt":"2026-01-07T08:39:17","slug":"eredeti-hp-840-g1-14-usb-vga-io-kartya-6050a2559201-usb-a02","status":"publish","type":"product","link":"https:\/\/boreait.com\/hu\/termek\/eredeti-hp-840-g1-14-usb-vga-io-kartya-6050a2559201-usb-a02\/","title":{"rendered":"Eredeti HP 840 G1 14&#8243; USB\/VGA\/IO k\u00e1rtya &#8211; 6050A2559201-USB-A02"},"content":{"rendered":"<p>B\u0151v\u00edtse HP EliteBook 840 G1 14&#8243;-es laptopja csatlakoztathat\u00f3s\u00e1g\u00e1t az Eredeti HP USB\/VGA\/IO 6050A2559201-USB-A02 k\u00e1rty\u00e1val. Ez az eredeti \u00e9s megb\u00edzhat\u00f3 k\u00e1rtya hiteles megold\u00e1st k\u00edn\u00e1l laptopja USB-, VGA- \u00e9s IO-kapcsolat\u00e1nak b\u0151v\u00edt\u00e9s\u00e9re.<\/p>\n<p>Az eredeti HP USB\/VGA\/IO Board 6050A2559201-USB-A02 z\u00f6kken\u0151mentesen integr\u00e1lhat\u00f3 14&#8243;-es HP EliteBook 840 G1 laptopj\u00e1hoz, tov\u00e1bbfejlesztett USB- \u00e9s VGA-portfunkci\u00f3kat, valamint tov\u00e1bbfejlesztett IO-csatlakoz\u00e1st biztos\u00edtva. Ez az alaplap d\u00f6nt\u0151 szerepet j\u00e1tszik a z\u00f6kken\u0151mentes felhaszn\u00e1l\u00f3i \u00e9lm\u00e9ny biztos\u00edt\u00e1s\u00e1ban a k\u00fcls\u0151 eszk\u00f6z\u00f6kkel \u00e9s a varratmentesen.<\/p>\n<p>Az adott laptopmodellre szabott kompatibilit\u00e1snak k\u00f6sz\u00f6nhet\u0151en az USB\/VGA\/IO k\u00e1rtya megfelel\u0151 kommunik\u00e1ci\u00f3t biztos\u00edt laptopja \u00e9s k\u00fcls\u0151 eszk\u00f6z\u00f6k k\u00f6z\u00f6tt. F\u00fcggetlen\u00fcl att\u00f3l, hogy USB-perif\u00e9ri\u00e1kat, k\u00fcls\u0151 monitorokat VGA-n kereszt\u00fcl csatlakoztat, vagy IO-portokat haszn\u00e1l, \u00e9lvezze a megb\u00edzhat\u00f3 \u00e9s hat\u00e9kony csatlakoz\u00e1st az optimaliz\u00e1lt sz\u00e1m\u00edt\u00e1stechnikai \u00e9lm\u00e9ny \u00e9rdek\u00e9ben.<\/p>\n<p>A telep\u00edt\u00e9s egyszer\u0171, mivel az eredeti HP USB\/VGA\/IO 6050A2559201-USB-A02 k\u00e1rty\u00e1t \u00fagy tervezt\u00e9k, hogy z\u00f6kken\u0151mentesen illeszkedjen a laptop sz\u00e1m\u00e1ra kijel\u00f6lt foglalatba. B\u0151v\u00edtse HP EliteBook 840 G1 14&#8243;-es laptopja USB, VGA \u00e9s IO csatlakoz\u00e1s\u00e1t az eredeti HP USB\/VGA\/IO 6050A2559201-USB-A02 k\u00e1rty\u00e1val. \u00c9lvezze a tov\u00e1bbfejlesztett adat\u00e1tvitelt, a z\u00f6kken\u0151mentes csatlakoz\u00e1st \u00e9s a k\u00fcls\u0151 eszk\u00f6z\u00f6kkel val\u00f3 hat\u00e9kony interakci\u00f3t a tov\u00e1bbfejlesztett sz\u00e1m\u00edt\u00e1stechnikai utaz\u00e1s \u00e9rdek\u00e9ben.<\/p>\n<p>V\u00e1s\u00e1rl\u00e1s el\u0151tt gy\u0151z\u0151dj\u00f6n meg arr\u00f3l, hogy kompatibilis az adott laptopmodellj\u00e9vel.<\/p>\n","protected":false},"excerpt":{"rendered":"<p>N\u00f6velje HP EliteBook 840 G1 14&#8243;-es laptopja USB-, VGA- \u00e9s IO-kapcsolat\u00e1t az eredeti HP USB\/VGA\/IO 6050A2559201-USB-A02 k\u00e1rty\u00e1val. \u00c9lvezze a tov\u00e1bbfejlesztett adat\u00e1tvitelt \u00e9s a k\u00fcls\u0151 eszk\u00f6z\u00f6kkel val\u00f3 z\u00f6kken\u0151mentes interakci\u00f3t a jobb sz\u00e1m\u00edt\u00e1si \u00e9lm\u00e9ny \u00e9rdek\u00e9ben.<\/p>\n","protected":false},"featured_media":3194,"template":"","meta":[],"product_brand":[],"product_cat":[27],"product_tag":[25],"class_list":{"0":"post-3159","1":"product","2":"type-product","3":"status-publish","4":"has-post-thumbnail","6":"product_cat-motherboards-board-parts","7":"product_tag-hp","9":"first","10":"instock","11":"taxable","12":"shipping-taxable","13":"purchasable","14":"product-type-simple"},"_links":{"self":[{"href":"https:\/\/boreait.com\/hu\/wp-json\/wp\/v2\/product\/3159","targetHints":{"allow":["GET"]}}],"collection":[{"href":"https:\/\/boreait.com\/hu\/wp-json\/wp\/v2\/product"}],"about":[{"href":"https:\/\/boreait.com\/hu\/wp-json\/wp\/v2\/types\/product"}],"wp:featuredmedia":[{"embeddable":true,"href":"https:\/\/boreait.com\/hu\/wp-json\/wp\/v2\/media\/3194"}],"wp:attachment":[{"href":"https:\/\/boreait.com\/hu\/wp-json\/wp\/v2\/media?parent=3159"}],"wp:term":[{"taxonomy":"product_brand","embeddable":true,"href":"https:\/\/boreait.com\/hu\/wp-json\/wp\/v2\/product_brand?post=3159"},{"taxonomy":"product_cat","embeddable":true,"href":"https:\/\/boreait.com\/hu\/wp-json\/wp\/v2\/product_cat?post=3159"},{"taxonomy":"product_tag","embeddable":true,"href":"https:\/\/boreait.com\/hu\/wp-json\/wp\/v2\/product_tag?post=3159"}],"curies":[{"name":"wp","href":"https:\/\/api.w.org\/{rel}","templated":true}]}}