{"id":3158,"date":"2025-09-17T10:34:12","date_gmt":"2025-09-17T08:34:12","guid":{"rendered":"https:\/\/boreait.com\/hu\/?post_type=product&#038;p=3158"},"modified":"2026-01-07T09:39:00","modified_gmt":"2026-01-07T08:39:00","slug":"eredeti-lenovo-b50-30-b50-45-b50-70-b50-80-sata-dvd-csatlakozolap-ls-b095p","status":"publish","type":"product","link":"https:\/\/boreait.com\/hu\/termek\/eredeti-lenovo-b50-30-b50-45-b50-70-b50-80-sata-dvd-csatlakozolap-ls-b095p\/","title":{"rendered":"Eredeti Lenovo B50-30 B50-45 B50-70 B50-80 SATA DVD csatlakoz\u00f3lap LS-B095P"},"content":{"rendered":"<p>B\u0151v\u00edtse Lenovo B50-30, B50-45, B50-70 vagy B50-80 laptopja optikai meghajt\u00f3j\u00e1nak funkcionalit\u00e1s\u00e1t az Eredeti Lenovo SATA LS-B095P DVD-csatlakoz\u00f3k\u00e1rty\u00e1val. Ez a csatlakoz\u00f3k\u00e1rtya hiteles \u00e9s megb\u00edzhat\u00f3 megold\u00e1st k\u00edn\u00e1l laptopja optikai meghajt\u00f3 k\u00e9pess\u00e9geinek b\u0151v\u00edt\u00e9s\u00e9re.<\/p>\n<p>Az eredeti Lenovo SATA DVD-csatlakoz\u00f3k\u00e1rtya LS-B095P z\u00f6kken\u0151mentesen integr\u00e1lhat\u00f3 Lenovo B50-30, B50-45, B50-70 vagy B50-80 laptopj\u00e1hoz, \u00edgy jobb csatlakoztathat\u00f3s\u00e1got biztos\u00edt SATA DVD-meghajt\u00f3j\u00e1hoz. Ez az alaplap d\u00f6nt\u0151 szerepet j\u00e1tszik a stabil adat\u00e1tvitel \u00e9s az optikai meghajt\u00f3val val\u00f3 z\u00f6kken\u0151mentes interakci\u00f3 biztos\u00edt\u00e1s\u00e1ban, praktikus el\u0151ny\u00f6ket \u00e9s jobb felhaszn\u00e1l\u00f3i \u00e9lm\u00e9nyt k\u00edn\u00e1lva.<\/p>\n<p>Az adott laptopmodellhez szabott kompatibilit\u00e1snak k\u00f6sz\u00f6nhet\u0151en a csatlakoz\u00f3k\u00e1rtya megfelel\u0151 kommunik\u00e1ci\u00f3t biztos\u00edt laptopja \u00e9s SATA DVD-meghajt\u00f3ja k\u00f6z\u00f6tt. Ak\u00e1r lemezeket \u00edr, ak\u00e1r filmeket n\u00e9z, ak\u00e1r szoftvereket telep\u00edt, \u00e9lvezze az optikai adathordoz\u00f3kkal val\u00f3 megb\u00edzhat\u00f3 \u00e9s hat\u00e9kony interakci\u00f3t.<\/p>\n<p>A telep\u00edt\u00e9s egyszer\u0171, mivel az eredeti Lenovo SATA LS-B095P DVD-csatlakoz\u00f3k\u00e1rtya \u00fagy lett kialak\u00edtva, hogy k\u00f6nnyen illeszkedjen a laptop sz\u00e1m\u00e1ra kijel\u00f6lt ny\u00edl\u00e1sba. N\u00f6velje Lenovo B50-30, B50-45, B50-70 vagy B50-80 laptopja optikai meghajt\u00f3j\u00e1nak teljes\u00edtm\u00e9ny\u00e9t az eredeti Lenovo SATA LS-B095P DVD-csatlakoz\u00f3k\u00e1rty\u00e1val. \u00c9lvezze a tov\u00e1bbfejlesztett adat\u00e1tvitelt, a z\u00f6kken\u0151mentes csatlakoz\u00e1st \u00e9s az optikai adathordoz\u00f3kkal val\u00f3 hat\u00e9kony interakci\u00f3t.<\/p>\n<p>V\u00e1s\u00e1rl\u00e1s el\u0151tt gy\u0151z\u0151dj\u00f6n meg arr\u00f3l, hogy kompatibilis az adott laptopmodellj\u00e9vel.<\/p>\n","protected":false},"excerpt":{"rendered":"<p>Fokozza Lenovo B50-30, B50-45, B50-70 vagy B50-80 laptopja optikai meghajt\u00f3j\u00e1nak k\u00e9pess\u00e9geit az Eredeti Lenovo SATA LS-B095P DVD-csatlakoz\u00f3k\u00e1rty\u00e1val. \u00c9lvezze a tov\u00e1bbfejlesztett adat\u00e1tvitelt \u00e9s az optikai adathordoz\u00f3kkal val\u00f3 z\u00f6kken\u0151mentes interakci\u00f3t a jobb sz\u00e1m\u00edt\u00e1stechnikai \u00e9lm\u00e9ny \u00e9rdek\u00e9ben.<\/p>\n","protected":false},"featured_media":3193,"template":"","meta":[],"product_brand":[],"product_cat":[27],"product_tag":[26],"class_list":{"0":"post-3158","1":"product","2":"type-product","3":"status-publish","4":"has-post-thumbnail","6":"product_cat-motherboards-board-parts","7":"product_tag-lenovo","9":"first","10":"instock","11":"taxable","12":"shipping-taxable","13":"purchasable","14":"product-type-simple"},"_links":{"self":[{"href":"https:\/\/boreait.com\/hu\/wp-json\/wp\/v2\/product\/3158","targetHints":{"allow":["GET"]}}],"collection":[{"href":"https:\/\/boreait.com\/hu\/wp-json\/wp\/v2\/product"}],"about":[{"href":"https:\/\/boreait.com\/hu\/wp-json\/wp\/v2\/types\/product"}],"wp:featuredmedia":[{"embeddable":true,"href":"https:\/\/boreait.com\/hu\/wp-json\/wp\/v2\/media\/3193"}],"wp:attachment":[{"href":"https:\/\/boreait.com\/hu\/wp-json\/wp\/v2\/media?parent=3158"}],"wp:term":[{"taxonomy":"product_brand","embeddable":true,"href":"https:\/\/boreait.com\/hu\/wp-json\/wp\/v2\/product_brand?post=3158"},{"taxonomy":"product_cat","embeddable":true,"href":"https:\/\/boreait.com\/hu\/wp-json\/wp\/v2\/product_cat?post=3158"},{"taxonomy":"product_tag","embeddable":true,"href":"https:\/\/boreait.com\/hu\/wp-json\/wp\/v2\/product_tag?post=3158"}],"curies":[{"name":"wp","href":"https:\/\/api.w.org\/{rel}","templated":true}]}}