{"id":3157,"date":"2025-09-17T10:34:12","date_gmt":"2025-09-17T08:34:12","guid":{"rendered":"https:\/\/boreait.com\/hu\/?post_type=product&#038;p=3157"},"modified":"2025-09-17T10:34:47","modified_gmt":"2025-09-17T08:34:47","slug":"hp-probook-470-g1-sata-dvd-csatlakozo-adapterkartya-48-4zb05-011","status":"publish","type":"product","link":"https:\/\/boreait.com\/hu\/termek\/hp-probook-470-g1-sata-dvd-csatlakozo-adapterkartya-48-4zb05-011\/","title":{"rendered":"HP ProBook 470 G1 SATA DVD-csatlakoz\u00f3 adapterk\u00e1rtya 48.4ZB05.011"},"content":{"rendered":"<p>B\u0151v\u00edtse HP ProBook 470 G1 laptopja optikai meghajt\u00f3j\u00e1nak funkcionalit\u00e1s\u00e1t a 48.4ZB05.011 HP SATA DVD-csatlakoz\u00f3 adapterk\u00e1rty\u00e1val. Ez az adapterk\u00e1rtya val\u00f3di \u00e9s megb\u00edzhat\u00f3 megold\u00e1st k\u00edn\u00e1l laptopja optikai meghajt\u00f3 k\u00e9pess\u00e9geinek b\u0151v\u00edt\u00e9s\u00e9re.<\/p>\n<p>A 48.4ZB05.011 HP SATA DVD-csatlakoz\u00f3-adapterlap z\u00f6kken\u0151mentesen integr\u00e1lhat\u00f3 HP ProBook 470 G1 laptopj\u00e1hoz, jobb csatlakoz\u00e1st biztos\u00edtva SATA DVD-meghajt\u00f3j\u00e1hoz. Ez az alaplap d\u00f6nt\u0151 szerepet j\u00e1tszik a stabil adat\u00e1tvitel \u00e9s az optikai meghajt\u00f3val val\u00f3 z\u00f6kken\u0151mentes interakci\u00f3 biztos\u00edt\u00e1s\u00e1ban, praktikus el\u0151ny\u00f6ket \u00e9s jobb felhaszn\u00e1l\u00f3i \u00e9lm\u00e9nyt k\u00edn\u00e1lva.<\/p>\n<p>Az adott laptopmodellhez szabott kompatibilit\u00e1snak k\u00f6sz\u00f6nhet\u0151en az adapterk\u00e1rtya megfelel\u0151 kommunik\u00e1ci\u00f3t biztos\u00edt laptopja \u00e9s SATA DVD-meghajt\u00f3ja k\u00f6z\u00f6tt. Ak\u00e1r lemezeket \u00edr, ak\u00e1r filmeket n\u00e9z, ak\u00e1r szoftvereket telep\u00edt, \u00e9lvezze az optikai adathordoz\u00f3kkal val\u00f3 megb\u00edzhat\u00f3 \u00e9s hat\u00e9kony interakci\u00f3t.<\/p>\n<p>A telep\u00edt\u00e9s egyszer\u0171, mivel a 48.4ZB05.011 HP SATA DVD-csatlakoz\u00f3-adapterk\u00e1rty\u00e1t \u00fagy tervezt\u00e9k, hogy k\u00f6nnyen elf\u00e9rjen a laptop sz\u00e1m\u00e1ra kijel\u00f6lt ny\u00edl\u00e1sban. N\u00f6velje HP ProBook 470 G1 laptopja optikai meghajt\u00f3j\u00e1nak teljes\u00edtm\u00e9ny\u00e9t a 48.4ZB05.011 HP SATA DVD-csatlakoz\u00f3 adapterk\u00e1rty\u00e1val. \u00c9lvezze a tov\u00e1bbfejlesztett adat\u00e1tvitelt, a z\u00f6kken\u0151mentes csatlakoz\u00e1st \u00e9s az optikai adathordoz\u00f3kkal val\u00f3 hat\u00e9kony interakci\u00f3t.<\/p>\n<p>V\u00e1s\u00e1rl\u00e1s el\u0151tt gy\u0151z\u0151dj\u00f6n meg arr\u00f3l, hogy kompatibilis az adott laptopmodellj\u00e9vel.<\/p>\n","protected":false},"excerpt":{"rendered":"<p>N\u00f6velje HP ProBook 470 G1 laptopja optikai meghajt\u00f3j\u00e1nak k\u00e9pess\u00e9geit a 48.4ZB05.011 HP SATA DVD-csatlakoz\u00f3 adapterk\u00e1rty\u00e1val. \u00c9lvezze a tov\u00e1bbfejlesztett adat\u00e1tvitelt \u00e9s az optikai adathordoz\u00f3kkal val\u00f3 z\u00f6kken\u0151mentes interakci\u00f3t a jobb sz\u00e1m\u00edt\u00e1stechnikai \u00e9lm\u00e9ny \u00e9rdek\u00e9ben.<\/p>\n","protected":false},"featured_media":3192,"template":"","meta":[],"product_brand":[],"product_cat":[27],"product_tag":[25],"class_list":{"0":"post-3157","1":"product","2":"type-product","3":"status-publish","4":"has-post-thumbnail","6":"product_cat-motherboards-board-parts","7":"product_tag-hp","9":"first","10":"instock","11":"taxable","12":"shipping-taxable","13":"purchasable","14":"product-type-simple"},"_links":{"self":[{"href":"https:\/\/boreait.com\/hu\/wp-json\/wp\/v2\/product\/3157","targetHints":{"allow":["GET"]}}],"collection":[{"href":"https:\/\/boreait.com\/hu\/wp-json\/wp\/v2\/product"}],"about":[{"href":"https:\/\/boreait.com\/hu\/wp-json\/wp\/v2\/types\/product"}],"wp:featuredmedia":[{"embeddable":true,"href":"https:\/\/boreait.com\/hu\/wp-json\/wp\/v2\/media\/3192"}],"wp:attachment":[{"href":"https:\/\/boreait.com\/hu\/wp-json\/wp\/v2\/media?parent=3157"}],"wp:term":[{"taxonomy":"product_brand","embeddable":true,"href":"https:\/\/boreait.com\/hu\/wp-json\/wp\/v2\/product_brand?post=3157"},{"taxonomy":"product_cat","embeddable":true,"href":"https:\/\/boreait.com\/hu\/wp-json\/wp\/v2\/product_cat?post=3157"},{"taxonomy":"product_tag","embeddable":true,"href":"https:\/\/boreait.com\/hu\/wp-json\/wp\/v2\/product_tag?post=3157"}],"curies":[{"name":"wp","href":"https:\/\/api.w.org\/{rel}","templated":true}]}}