{"id":3146,"date":"2025-09-17T10:33:50","date_gmt":"2025-09-17T08:33:50","guid":{"rendered":"https:\/\/boreait.com\/hu\/?post_type=product&#038;p=3146"},"modified":"2026-01-07T09:38:47","modified_gmt":"2026-01-07T08:38:47","slug":"hp-pavilion-dv6-1000-sorozatu-bluetooth-modul-bcm92070mdref","status":"publish","type":"product","link":"https:\/\/boreait.com\/hu\/termek\/hp-pavilion-dv6-1000-sorozatu-bluetooth-modul-bcm92070mdref\/","title":{"rendered":"HP Pavilion DV6 1000 sorozat\u00fa Bluetooth modul BCM92070MDREF"},"content":{"rendered":"<p>Fokozza HP Pavilion DV6 1000 sorozat\u00fa laptopja vezet\u00e9k n\u00e9lk\u00fcli kapcsolat\u00e1t a HP BCM92070MDREF Bluetooth modullal. Ez a Bluetooth modul val\u00f3di \u00e9s megb\u00edzhat\u00f3 megold\u00e1st k\u00edn\u00e1l laptopja vezet\u00e9k n\u00e9lk\u00fcli k\u00e9pess\u00e9geinek b\u0151v\u00edt\u00e9s\u00e9re.<\/p>\n<p>A HP Bluetooth Module BCM92070MDREF z\u00f6kken\u0151mentesen integr\u00e1lhat\u00f3 HP Pavilion DV6 1000 sorozat\u00fa laptopj\u00e1val, \u00edgy tov\u00e1bbfejlesztett vezet\u00e9k n\u00e9lk\u00fcli kommunik\u00e1ci\u00f3s k\u00e9pess\u00e9geket biztos\u00edt. Ez a modul d\u00f6nt\u0151 szerepet j\u00e1tszik a megb\u00edzhat\u00f3 Bluetooth-kapcsolat biztos\u00edt\u00e1s\u00e1ban, gyakorlati el\u0151ny\u00f6ket \u00e9s jobb felhaszn\u00e1l\u00f3i \u00e9lm\u00e9nyt k\u00edn\u00e1lva.<\/p>\n<p>A k\u00fcl\u00f6nf\u00e9le Bluetooth-szabv\u00e1nyok t\u00e1mogat\u00e1s\u00e1val ez a modul megk\u00f6nny\u00edti az eszk\u00f6z\u00f6k k\u00f6z\u00f6tti vezet\u00e9k n\u00e9lk\u00fcli adat\u00e1tvitelt. Ak\u00e1r vezet\u00e9k n\u00e9lk\u00fcli perif\u00e9ri\u00e1kat csatlakoztat, ak\u00e1r f\u00e1jlokat oszt meg, ak\u00e1r kihangos\u00edtott kommunik\u00e1ci\u00f3t \u00e9lvez, tapasztalja meg a hat\u00e9kony \u00e9s megb\u00edzhat\u00f3 Bluetooth-kapcsolatot.<\/p>\n<p>A telep\u00edt\u00e9s egyszer\u0171, mivel a HP BCM92070MDREF Bluetooth-modult \u00fagy tervezt\u00e9k, hogy k\u00f6nnyen elf\u00e9rjen a laptop sz\u00e1m\u00e1ra kijel\u00f6lt ny\u00edl\u00e1sban. Ennek az autentikus alkatr\u00e9sznek a kiv\u00e1laszt\u00e1s\u00e1val laptopja min\u0151s\u00e9g\u00e9be, megb\u00edzhat\u00f3s\u00e1g\u00e1ba \u00e9s tov\u00e1bbfejlesztett vezet\u00e9k n\u00e9lk\u00fcli k\u00e9pess\u00e9geibe fektet be.<\/p>\n<p>Friss\u00edtse HP Pavilion DV6 1000 sorozat\u00fa laptopja Bluetooth-teljes\u00edtm\u00e9ny\u00e9t a HP BCM92070MDREF Bluetooth modullal. \u00c9lvezze a tov\u00e1bbfejlesztett Bluetooth kommunik\u00e1ci\u00f3t \u00e9s a z\u00f6kken\u0151mentes csatlakoz\u00e1st a jobb vezet\u00e9k n\u00e9lk\u00fcli \u00e9lm\u00e9ny \u00e9rdek\u00e9ben.<\/p>\n<p>V\u00e1s\u00e1rl\u00e1s el\u0151tt gy\u0151z\u0151dj\u00f6n meg arr\u00f3l, hogy kompatibilis az adott laptopmodellj\u00e9vel.<\/p>\n","protected":false},"excerpt":{"rendered":"<p>B\u0151v\u00edtse HP Pavilion DV6 1000 sorozat\u00fa laptopja vezet\u00e9k n\u00e9lk\u00fcli k\u00e9pess\u00e9geit a HP BCM92070MDREF Bluetooth modullal. \u00c9lvezze a hat\u00e9kony \u00e9s megb\u00edzhat\u00f3 Bluetooth kommunik\u00e1ci\u00f3t a z\u00f6kken\u0151mentes kapcsolatok \u00e9s a jobb vezet\u00e9k n\u00e9lk\u00fcli \u00e9lm\u00e9ny \u00e9rdek\u00e9ben.<\/p>\n","protected":false},"featured_media":3191,"template":"","meta":[],"product_brand":[],"product_cat":[27],"product_tag":[25],"class_list":{"0":"post-3146","1":"product","2":"type-product","3":"status-publish","4":"has-post-thumbnail","6":"product_cat-motherboards-board-parts","7":"product_tag-hp","9":"first","10":"instock","11":"taxable","12":"shipping-taxable","13":"purchasable","14":"product-type-simple"},"_links":{"self":[{"href":"https:\/\/boreait.com\/hu\/wp-json\/wp\/v2\/product\/3146","targetHints":{"allow":["GET"]}}],"collection":[{"href":"https:\/\/boreait.com\/hu\/wp-json\/wp\/v2\/product"}],"about":[{"href":"https:\/\/boreait.com\/hu\/wp-json\/wp\/v2\/types\/product"}],"wp:featuredmedia":[{"embeddable":true,"href":"https:\/\/boreait.com\/hu\/wp-json\/wp\/v2\/media\/3191"}],"wp:attachment":[{"href":"https:\/\/boreait.com\/hu\/wp-json\/wp\/v2\/media?parent=3146"}],"wp:term":[{"taxonomy":"product_brand","embeddable":true,"href":"https:\/\/boreait.com\/hu\/wp-json\/wp\/v2\/product_brand?post=3146"},{"taxonomy":"product_cat","embeddable":true,"href":"https:\/\/boreait.com\/hu\/wp-json\/wp\/v2\/product_cat?post=3146"},{"taxonomy":"product_tag","embeddable":true,"href":"https:\/\/boreait.com\/hu\/wp-json\/wp\/v2\/product_tag?post=3146"}],"curies":[{"name":"wp","href":"https:\/\/api.w.org\/{rel}","templated":true}]}}