{"id":3145,"date":"2025-09-17T10:33:50","date_gmt":"2025-09-17T08:33:50","guid":{"rendered":"https:\/\/boreait.com\/hu\/?post_type=product&#038;p=3145"},"modified":"2026-01-07T09:38:34","modified_gmt":"2026-01-07T08:38:34","slug":"09c01-ls-5575p-eredeti-eredeti-dell-led-kartya-precision-m4500","status":"publish","type":"product","link":"https:\/\/boreait.com\/hu\/termek\/09c01-ls-5575p-eredeti-eredeti-dell-led-kartya-precision-m4500\/","title":{"rendered":"09C01 LS-5575P EREDETI EREDETI DELL LED k\u00e1rtya PRECISION M4500"},"content":{"rendered":"<p>B\u0151v\u00edtse Dell Precision M4500 laptopja kijelz\u0151k\u00e9pess\u00e9g\u00e9t az Eredeti Eredeti Dell LED 09C01 LS-5575P k\u00e1rty\u00e1val. Ez a LED t\u00e1bla hiteles \u00e9s megb\u00edzhat\u00f3 megold\u00e1st k\u00edn\u00e1l laptopja vizu\u00e1lis \u00e9lm\u00e9ny\u00e9nek fokoz\u00e1s\u00e1ra.<\/p>\n<p>Az eredeti Dell LED 09C01 LS-5575P t\u00e1bla z\u00f6kken\u0151mentesen integr\u00e1lhat\u00f3 Dell Precision M4500 laptopj\u00e1hoz, jobb h\u00e1tt\u00e9rvil\u00e1g\u00edt\u00e1st \u00e9s jobb kijelz\u0151 teljes\u00edtm\u00e9nyt biztos\u00edtva. Ez a t\u00e1bla kulcsfontoss\u00e1g\u00fa szerepet j\u00e1tszik az \u00e9l\u00e9nk \u00e9s tiszta l\u00e1tv\u00e1ny biztos\u00edt\u00e1s\u00e1ban, gyakorlati el\u0151ny\u00f6ket \u00e9s jobb felhaszn\u00e1l\u00f3i \u00e9lm\u00e9nyt k\u00edn\u00e1lva.<\/p>\n<p>Az adott laptopmodellre szabott kompatibilit\u00e1snak k\u00f6sz\u00f6nhet\u0151en a LED-t\u00e1bla jav\u00edtja a kijelz\u0151 pontoss\u00e1g\u00e1t, hozz\u00e1j\u00e1rulva a jobb vizu\u00e1lis \u00e9lm\u00e9nyhez, ak\u00e1r munka k\u00f6zben, ak\u00e1r streamel\u00e9s k\u00f6zben vagy b\u00f6ng\u00e9sz\u00e9s k\u00f6zben.<\/p>\n<p>A telep\u00edt\u00e9s egyszer\u0171, mivel az Eredeti, Eredeti Dell LED 09C01 LS-5575P k\u00e1rty\u00e1t \u00fagy tervezt\u00e9k, hogy k\u00f6nnyen elf\u00e9rjen a laptop sz\u00e1m\u00e1ra kijel\u00f6lt foglalatban. Jav\u00edtsa Dell Precision M4500 laptopja kijelz\u0151j\u00e9nek teljes\u00edtm\u00e9ny\u00e9t az Eredeti Eredeti Dell LED 09C01 LS-5575P k\u00e1rty\u00e1val. \u00c9lvezze a jobb vizu\u00e1lis tisztas\u00e1got, a f\u00e9nyer\u0151t \u00e9s az \u00e1ltal\u00e1nos megjelen\u00edt\u00e9si min\u0151s\u00e9get a jobb sz\u00e1m\u00edt\u00e1stechnikai \u00e9lm\u00e9ny \u00e9rdek\u00e9ben.<\/p>\n<p>V\u00e1s\u00e1rl\u00e1s el\u0151tt gy\u0151z\u0151dj\u00f6n meg arr\u00f3l, hogy kompatibilis az adott laptopmodellj\u00e9vel.<\/p>\n","protected":false},"excerpt":{"rendered":"<p>Jav\u00edtsa Dell Precision M4500 laptopja megjelen\u00edt\u00e9si min\u0151s\u00e9g\u00e9t az Eredeti Eredeti Dell LED 09C01 LS-5575P k\u00e1rty\u00e1val. \u00c9lvezze a tov\u00e1bbfejlesztett f\u00e9nyer\u0151t, tisztas\u00e1got \u00e9s \u00e1ltal\u00e1nos vizu\u00e1lis teljes\u00edtm\u00e9nyt a jobb sz\u00e1m\u00edt\u00e1stechnikai \u00e9lm\u00e9ny \u00e9rdek\u00e9ben.<\/p>\n","protected":false},"featured_media":3190,"template":"","meta":[],"product_brand":[],"product_cat":[27],"product_tag":[17],"class_list":{"0":"post-3145","1":"product","2":"type-product","3":"status-publish","4":"has-post-thumbnail","6":"product_cat-motherboards-board-parts","7":"product_tag-dell","9":"first","10":"instock","11":"taxable","12":"shipping-taxable","13":"purchasable","14":"product-type-simple"},"_links":{"self":[{"href":"https:\/\/boreait.com\/hu\/wp-json\/wp\/v2\/product\/3145","targetHints":{"allow":["GET"]}}],"collection":[{"href":"https:\/\/boreait.com\/hu\/wp-json\/wp\/v2\/product"}],"about":[{"href":"https:\/\/boreait.com\/hu\/wp-json\/wp\/v2\/types\/product"}],"wp:featuredmedia":[{"embeddable":true,"href":"https:\/\/boreait.com\/hu\/wp-json\/wp\/v2\/media\/3190"}],"wp:attachment":[{"href":"https:\/\/boreait.com\/hu\/wp-json\/wp\/v2\/media?parent=3145"}],"wp:term":[{"taxonomy":"product_brand","embeddable":true,"href":"https:\/\/boreait.com\/hu\/wp-json\/wp\/v2\/product_brand?post=3145"},{"taxonomy":"product_cat","embeddable":true,"href":"https:\/\/boreait.com\/hu\/wp-json\/wp\/v2\/product_cat?post=3145"},{"taxonomy":"product_tag","embeddable":true,"href":"https:\/\/boreait.com\/hu\/wp-json\/wp\/v2\/product_tag?post=3145"}],"curies":[{"name":"wp","href":"https:\/\/api.w.org\/{rel}","templated":true}]}}