{"id":3142,"date":"2025-09-17T10:33:50","date_gmt":"2025-09-17T08:33:50","guid":{"rendered":"https:\/\/boreait.com\/hu\/?post_type=product&#038;p=3142"},"modified":"2026-01-07T09:37:54","modified_gmt":"2026-01-07T08:37:54","slug":"hp-pavilion-dv3-4151eo-wi-fi-kartyakartya-580101-002-605560-005","status":"publish","type":"product","link":"https:\/\/boreait.com\/hu\/termek\/hp-pavilion-dv3-4151eo-wi-fi-kartyakartya-580101-002-605560-005\/","title":{"rendered":"HP Pavilion dv3-4151eo Wi-Fi k\u00e1rtyak\u00e1rtya 580101-002 605560-005"},"content":{"rendered":"<p>N\u00f6velje HP Pavilion dv3-4151eo laptopja vezet\u00e9k n\u00e9lk\u00fcli k\u00e9pess\u00e9geit a HP Wi-Fi k\u00e1rty\u00e1val (modell: 580101-002, cikksz\u00e1m: 605560-005). A Wi-Fi teljes\u00edtm\u00e9ny\u00e9nek jav\u00edt\u00e1s\u00e1ra tervezett vezet\u00e9k n\u00e9lk\u00fcli k\u00e1rtya val\u00f3di \u00e9s megb\u00edzhat\u00f3 megold\u00e1st k\u00edn\u00e1l laptopja vezet\u00e9k n\u00e9lk\u00fcli kapcsolat\u00e1nak jav\u00edt\u00e1s\u00e1ra.<\/p>\n<p>A HP Wi-Fi k\u00e1rtya z\u00f6kken\u0151mentesen integr\u00e1lhat\u00f3 HP Pavilion dv3-4151eo laptopj\u00e1hoz, \u00edgy jobb jeler\u0151ss\u00e9get \u00e9s stabil vezet\u00e9k n\u00e9lk\u00fcli kapcsolatot biztos\u00edt. Ez a k\u00e1rtya l\u00e9tfontoss\u00e1g\u00fa szerepet j\u00e1tszik a megb\u00edzhat\u00f3 Wi-Fi kapcsolat biztos\u00edt\u00e1s\u00e1ban, praktikus el\u0151ny\u00f6ket \u00e9s jobb felhaszn\u00e1l\u00f3i \u00e9lm\u00e9nyt k\u00edn\u00e1lva.<\/p>\n<p>A k\u00fcl\u00f6nf\u00e9le Wi-Fi szabv\u00e1nyok t\u00e1mogat\u00e1s\u00e1val, bele\u00e9rtve a leg\u00fajabb protokollokat is, ez a k\u00e1rtya megk\u00f6nny\u00edti a nagy sebess\u00e9g\u0171 vezet\u00e9k n\u00e9lk\u00fcli adat\u00e1tvitelt. Ak\u00e1r streamel, ak\u00e1r let\u00f6lt, ak\u00e1r online dolgozik, \u00e9lvezze a z\u00f6kken\u0151mentes csatlakoz\u00e1st \u00e9s a hat\u00e9kony kommunik\u00e1ci\u00f3t.<\/p>\n<p>A telep\u00edt\u00e9s gyerekj\u00e1t\u00e9k, mivel a HP Wi-Fi k\u00e1rty\u00e1t \u00fagy tervezt\u00e9k, hogy z\u00f6kken\u0151mentesen illeszkedjen a laptop sz\u00e1m\u00e1ra kijel\u00f6lt ny\u00edl\u00e1sba. Ennek az eredeti HP-komponensnek a kiv\u00e1laszt\u00e1s\u00e1val laptopja min\u0151s\u00e9g\u00e9be, megb\u00edzhat\u00f3s\u00e1g\u00e1ba \u00e9s tov\u00e1bbfejlesztett vezet\u00e9k n\u00e9lk\u00fcli k\u00e9pess\u00e9geibe fektet be.<\/p>\n<p>Friss\u00edtse HP Pavilion dv3-4151eo laptopja vezet\u00e9k n\u00e9lk\u00fcli teljes\u00edtm\u00e9ny\u00e9t a HP Wi-Fi k\u00e1rty\u00e1val (modell: 580101-002, cikksz\u00e1m: 605560-005). \u00c9lvezze a tov\u00e1bbfejlesztett Wi-Fi kommunik\u00e1ci\u00f3t \u00e9s a hat\u00e9kony csatlakoz\u00e1st a kiv\u00e1l\u00f3 online \u00e9lm\u00e9ny \u00e9rdek\u00e9ben.<\/p>\n<p>V\u00e1s\u00e1rl\u00e1s el\u0151tt gy\u0151z\u0151dj\u00f6n meg arr\u00f3l, hogy kompatibilis az adott laptopmodellj\u00e9vel.<\/p>\n","protected":false},"excerpt":{"rendered":"<p>N\u00f6velje HP Pavilion dv3-4151eo laptopja vezet\u00e9k n\u00e9lk\u00fcli teljes\u00edtm\u00e9ny\u00e9t a HP Wi-Fi k\u00e1rty\u00e1val (modell: 580101-002, cikksz\u00e1m: 605560-005). Tapasztalja meg a tov\u00e1bbfejlesztett Wi-Fi-kapcsolatot \u00e9s a hat\u00e9kony kommunik\u00e1ci\u00f3t a tov\u00e1bbfejlesztett online \u00e9lm\u00e9ny \u00e9rdek\u00e9ben.<\/p>\n","protected":false},"featured_media":3177,"template":"","meta":[],"product_brand":[],"product_cat":[27],"product_tag":[25],"class_list":{"0":"post-3142","1":"product","2":"type-product","3":"status-publish","4":"has-post-thumbnail","6":"product_cat-motherboards-board-parts","7":"product_tag-hp","9":"first","10":"instock","11":"taxable","12":"shipping-taxable","13":"purchasable","14":"product-type-simple"},"_links":{"self":[{"href":"https:\/\/boreait.com\/hu\/wp-json\/wp\/v2\/product\/3142","targetHints":{"allow":["GET"]}}],"collection":[{"href":"https:\/\/boreait.com\/hu\/wp-json\/wp\/v2\/product"}],"about":[{"href":"https:\/\/boreait.com\/hu\/wp-json\/wp\/v2\/types\/product"}],"wp:featuredmedia":[{"embeddable":true,"href":"https:\/\/boreait.com\/hu\/wp-json\/wp\/v2\/media\/3177"}],"wp:attachment":[{"href":"https:\/\/boreait.com\/hu\/wp-json\/wp\/v2\/media?parent=3142"}],"wp:term":[{"taxonomy":"product_brand","embeddable":true,"href":"https:\/\/boreait.com\/hu\/wp-json\/wp\/v2\/product_brand?post=3142"},{"taxonomy":"product_cat","embeddable":true,"href":"https:\/\/boreait.com\/hu\/wp-json\/wp\/v2\/product_cat?post=3142"},{"taxonomy":"product_tag","embeddable":true,"href":"https:\/\/boreait.com\/hu\/wp-json\/wp\/v2\/product_tag?post=3142"}],"curies":[{"name":"wp","href":"https:\/\/api.w.org\/{rel}","templated":true}]}}