{"id":3138,"date":"2025-09-17T10:33:49","date_gmt":"2025-09-17T08:33:49","guid":{"rendered":"https:\/\/boreait.com\/hu\/?post_type=product&#038;p=3138"},"modified":"2025-09-17T10:34:27","modified_gmt":"2025-09-17T08:34:27","slug":"vezetek-nelkuli-wifi-kartya-hp-probook-6560b-582564-002-582235-002","status":"publish","type":"product","link":"https:\/\/boreait.com\/hu\/termek\/vezetek-nelkuli-wifi-kartya-hp-probook-6560b-582564-002-582235-002\/","title":{"rendered":"Vezet\u00e9k n\u00e9lk\u00fcli WiFi k\u00e1rtya HP PROBOOK 6560B &#8211; 582564-002 &#8211; 582235-002"},"content":{"rendered":"<p>Fokozza HP ProBook 6560B laptopja vezet\u00e9k n\u00e9lk\u00fcli k\u00e9pess\u00e9geit a vezet\u00e9k n\u00e9lk\u00fcli WiFi k\u00e1rty\u00e1val (cikksz\u00e1mok: 582564-002, 582235-002). A jobb Wi-Fi teljes\u00edtm\u00e9nyre tervezett k\u00e1rtya val\u00f3di \u00e9s megb\u00edzhat\u00f3 megold\u00e1st k\u00edn\u00e1l laptopja vezet\u00e9k n\u00e9lk\u00fcli kapcsolat\u00e1nak fokoz\u00e1s\u00e1ra.<\/p>\n<p>A vezet\u00e9k n\u00e9lk\u00fcli WiFi-k\u00e1rtya z\u00f6kken\u0151mentesen integr\u00e1lhat\u00f3 a HP ProBook 6560B-vel, fokozott jeler\u0151ss\u00e9get \u00e9s stabil vezet\u00e9k n\u00e9lk\u00fcli kapcsolatokat biztos\u00edtva. Ez a k\u00e1rtya l\u00e9tfontoss\u00e1g\u00fa szerepet j\u00e1tszik a megb\u00edzhat\u00f3 Wi-Fi kapcsolat biztos\u00edt\u00e1s\u00e1ban, gyakorlati el\u0151ny\u00f6ket \u00e9s jobb haszn\u00e1lhat\u00f3s\u00e1got biztos\u00edt.<\/p>\n<p>A k\u00fcl\u00f6nf\u00e9le Wi-Fi szabv\u00e1nyok t\u00e1mogat\u00e1s\u00e1val, bele\u00e9rtve a leg\u00fajabb 802.11n-t is, ez a k\u00e1rtya nagy sebess\u00e9g\u0171 vezet\u00e9k n\u00e9lk\u00fcli adat\u00e1tvitelt tesz lehet\u0151v\u00e9. Ak\u00e1r streamel, ak\u00e1r let\u00f6lt, ak\u00e1r online dolgozik, z\u00f6kken\u0151mentes csatlakoz\u00e1st \u00e9s hat\u00e9kony kommunik\u00e1ci\u00f3t tapasztalhat.<\/p>\n<p>A telep\u00edt\u00e9s egyszer\u0171, mivel a vezet\u00e9k n\u00e9lk\u00fcli WiFi k\u00e1rty\u00e1t \u00fagy tervezt\u00e9k, hogy k\u00f6nnyen elf\u00e9rjen a laptop sz\u00e1m\u00e1ra kijel\u00f6lt ny\u00edl\u00e1sban. Ha ezt az autentikus HP-komponenst v\u00e1lasztja, akkor laptopja min\u0151s\u00e9g\u00e9be, megb\u00edzhat\u00f3s\u00e1g\u00e1ba \u00e9s tov\u00e1bbfejlesztett vezet\u00e9k n\u00e9lk\u00fcli k\u00e9pess\u00e9geibe fektet be.<\/p>\n<p>Friss\u00edtse HP ProBook 6560B laptopja vezet\u00e9k n\u00e9lk\u00fcli teljes\u00edtm\u00e9ny\u00e9t a vezet\u00e9k n\u00e9lk\u00fcli WiFi k\u00e1rty\u00e1val (cikksz\u00e1mok: 582564-002, 582235-002). \u00c9lvezze a gyorsabb Wi-Fi-kapcsolatot \u00e9s a hat\u00e9kony kommunik\u00e1ci\u00f3t a tov\u00e1bbfejlesztett online \u00e9lm\u00e9ny \u00e9rdek\u00e9ben.<\/p>\n<p>V\u00e1s\u00e1rl\u00e1s el\u0151tt ellen\u0151rizze, hogy kompatibilis-e az adott laptopmodellj\u00e9vel.<\/p>\n","protected":false},"excerpt":{"rendered":"<p>N\u00f6velje HP ProBook 6560B laptopja vezet\u00e9k n\u00e9lk\u00fcli teljes\u00edtm\u00e9ny\u00e9t a vezet\u00e9k n\u00e9lk\u00fcli WiFi k\u00e1rty\u00e1val (cikksz\u00e1mok: 582564-002, 582235-002). \u00c9lvezze a tov\u00e1bbfejlesztett Wi-Fi-kapcsolatot \u00e9s a hat\u00e9kony kommunik\u00e1ci\u00f3t a jobb online \u00e9lm\u00e9ny \u00e9rdek\u00e9ben.<\/p>\n","protected":false},"featured_media":3173,"template":"","meta":[],"product_brand":[],"product_cat":[27],"product_tag":[25],"class_list":{"0":"post-3138","1":"product","2":"type-product","3":"status-publish","4":"has-post-thumbnail","6":"product_cat-motherboards-board-parts","7":"product_tag-hp","9":"first","10":"instock","11":"taxable","12":"shipping-taxable","13":"purchasable","14":"product-type-simple"},"_links":{"self":[{"href":"https:\/\/boreait.com\/hu\/wp-json\/wp\/v2\/product\/3138","targetHints":{"allow":["GET"]}}],"collection":[{"href":"https:\/\/boreait.com\/hu\/wp-json\/wp\/v2\/product"}],"about":[{"href":"https:\/\/boreait.com\/hu\/wp-json\/wp\/v2\/types\/product"}],"wp:featuredmedia":[{"embeddable":true,"href":"https:\/\/boreait.com\/hu\/wp-json\/wp\/v2\/media\/3173"}],"wp:attachment":[{"href":"https:\/\/boreait.com\/hu\/wp-json\/wp\/v2\/media?parent=3138"}],"wp:term":[{"taxonomy":"product_brand","embeddable":true,"href":"https:\/\/boreait.com\/hu\/wp-json\/wp\/v2\/product_brand?post=3138"},{"taxonomy":"product_cat","embeddable":true,"href":"https:\/\/boreait.com\/hu\/wp-json\/wp\/v2\/product_cat?post=3138"},{"taxonomy":"product_tag","embeddable":true,"href":"https:\/\/boreait.com\/hu\/wp-json\/wp\/v2\/product_tag?post=3138"}],"curies":[{"name":"wp","href":"https:\/\/api.w.org\/{rel}","templated":true}]}}