{"id":3125,"date":"2025-09-17T10:33:28","date_gmt":"2025-09-17T08:33:28","guid":{"rendered":"https:\/\/boreait.com\/hu\/?post_type=product&#038;p=3125"},"modified":"2026-01-07T09:37:05","modified_gmt":"2026-01-07T08:37:05","slug":"hp-probook-430-g2-wifi-vezetek-nelkuli-kartya-784638-005-784638-001","status":"publish","type":"product","link":"https:\/\/boreait.com\/hu\/termek\/hp-probook-430-g2-wifi-vezetek-nelkuli-kartya-784638-005-784638-001\/","title":{"rendered":"HP Probook 430 G2 WiFi vezet\u00e9k n\u00e9lk\u00fcli k\u00e1rtya 784638-005 784638-001"},"content":{"rendered":"<p>B\u0151v\u00edtse HP ProBook 430 G2 laptopja vezet\u00e9k n\u00e9lk\u00fcli k\u00e9pess\u00e9geit a HP WiFi vezet\u00e9k n\u00e9lk\u00fcli k\u00e1rty\u00e1val (cikksz\u00e1mok: 784638-005, 784638-001). A fokozott Wi-Fi teljes\u00edtm\u00e9nyre tervezett k\u00e1rtya megb\u00edzhat\u00f3 \u00e9s val\u00f3di megold\u00e1st k\u00edn\u00e1l laptopja vezet\u00e9k n\u00e9lk\u00fcli kapcsolat\u00e1nak fokoz\u00e1s\u00e1ra.<\/p>\n<p>A HP WiFi vezet\u00e9k n\u00e9lk\u00fcli k\u00e1rtya z\u00f6kken\u0151mentesen integr\u00e1lhat\u00f3 a HP ProBook 430 G2-vel, jobb jeler\u0151ss\u00e9get \u00e9s stabil vezet\u00e9k n\u00e9lk\u00fcli kapcsolatokat biztos\u00edtva. Ez a k\u00e1rtya kulcsfontoss\u00e1g\u00fa szerepet j\u00e1tszik a megb\u00edzhat\u00f3 Wi-Fi-kapcsolat biztos\u00edt\u00e1s\u00e1ban, praktikus el\u0151ny\u00f6ket \u00e9s jobb haszn\u00e1lhat\u00f3s\u00e1got k\u00edn\u00e1lva.<\/p>\n<p>A leg\u00fajabb Wi-Fi szabv\u00e1nyok t\u00e1mogat\u00e1s\u00e1val ez a k\u00e1rtya nagy sebess\u00e9g\u0171 vezet\u00e9k n\u00e9lk\u00fcli adat\u00e1tvitelt tesz lehet\u0151v\u00e9, \u00edgy ide\u00e1lis streaminghez, let\u00f6lt\u00e9shez \u00e9s online tev\u00e9kenys\u00e9gekhez. Tapasztalja meg a z\u00f6kken\u0151mentes csatlakoz\u00e1st, ak\u00e1r feladatokon dolgozik, ak\u00e1r az interneten b\u00f6ng\u00e9szik, ak\u00e1r kapcsolatban marad koll\u00e9g\u00e1ival.<\/p>\n<p>A telep\u00edt\u00e9s felhaszn\u00e1l\u00f3bar\u00e1t, mivel a HP WiFi vezet\u00e9k n\u00e9lk\u00fcli k\u00e1rty\u00e1t \u00fagy tervezt\u00e9k, hogy k\u00f6nnyen elf\u00e9rjen a laptop sz\u00e1m\u00e1ra kijel\u00f6lt ny\u00edl\u00e1sban. Az eredeti HP-komponensek kiv\u00e1laszt\u00e1s\u00e1val laptopja min\u0151s\u00e9g\u00e9be, megb\u00edzhat\u00f3s\u00e1g\u00e1ba \u00e9s tov\u00e1bbfejlesztett vezet\u00e9k n\u00e9lk\u00fcli k\u00e9pess\u00e9geibe fektet be.<\/p>\n<p>Friss\u00edtse HP ProBook 430 G2 laptopja vezet\u00e9k n\u00e9lk\u00fcli teljes\u00edtm\u00e9ny\u00e9t a HP WiFi vezet\u00e9k n\u00e9lk\u00fcli k\u00e1rty\u00e1val (cikksz\u00e1mok: 784638-005, 784638-001). \u00c9lvezze a tov\u00e1bbfejlesztett Wi-Fi kommunik\u00e1ci\u00f3t \u00e9s a hat\u00e9kony csatlakoz\u00e1st a tov\u00e1bbfejlesztett online \u00e9lm\u00e9ny \u00e9rdek\u00e9ben.<\/p>\n<p>V\u00e1s\u00e1rl\u00e1s el\u0151tt gy\u0151z\u0151dj\u00f6n meg arr\u00f3l, hogy kompatibilis az adott laptopmodellj\u00e9vel.<\/p>\n","protected":false},"excerpt":{"rendered":"<p>N\u00f6velje HP ProBook 430 G2 laptopja vezet\u00e9k n\u00e9lk\u00fcli teljes\u00edtm\u00e9ny\u00e9t a HP WiFi vezet\u00e9k n\u00e9lk\u00fcli k\u00e1rty\u00e1val (cikksz\u00e1mok: 784638-005, 784638-001). \u00c9lvezze a gyorsabb Wi-Fi-kapcsolatot \u00e9s a hat\u00e9kony kommunik\u00e1ci\u00f3t a tov\u00e1bbfejlesztett online \u00e9lm\u00e9ny \u00e9rdek\u00e9ben.<\/p>\n","protected":false},"featured_media":3171,"template":"","meta":[],"product_brand":[],"product_cat":[27],"product_tag":[25],"class_list":{"0":"post-3125","1":"product","2":"type-product","3":"status-publish","4":"has-post-thumbnail","6":"product_cat-motherboards-board-parts","7":"product_tag-hp","9":"first","10":"instock","11":"taxable","12":"shipping-taxable","13":"purchasable","14":"product-type-simple"},"_links":{"self":[{"href":"https:\/\/boreait.com\/hu\/wp-json\/wp\/v2\/product\/3125","targetHints":{"allow":["GET"]}}],"collection":[{"href":"https:\/\/boreait.com\/hu\/wp-json\/wp\/v2\/product"}],"about":[{"href":"https:\/\/boreait.com\/hu\/wp-json\/wp\/v2\/types\/product"}],"wp:featuredmedia":[{"embeddable":true,"href":"https:\/\/boreait.com\/hu\/wp-json\/wp\/v2\/media\/3171"}],"wp:attachment":[{"href":"https:\/\/boreait.com\/hu\/wp-json\/wp\/v2\/media?parent=3125"}],"wp:term":[{"taxonomy":"product_brand","embeddable":true,"href":"https:\/\/boreait.com\/hu\/wp-json\/wp\/v2\/product_brand?post=3125"},{"taxonomy":"product_cat","embeddable":true,"href":"https:\/\/boreait.com\/hu\/wp-json\/wp\/v2\/product_cat?post=3125"},{"taxonomy":"product_tag","embeddable":true,"href":"https:\/\/boreait.com\/hu\/wp-json\/wp\/v2\/product_tag?post=3125"}],"curies":[{"name":"wp","href":"https:\/\/api.w.org\/{rel}","templated":true}]}}