{"id":3122,"date":"2025-09-17T10:33:28","date_gmt":"2025-09-17T08:33:28","guid":{"rendered":"https:\/\/boreait.com\/hu\/?post_type=product&#038;p=3122"},"modified":"2026-01-07T09:36:48","modified_gmt":"2026-01-07T08:36:48","slug":"intel-8260-ngw-wifi-bluetooth-modul-set-dell-mini-3020-3060-3040-3050-9020-7040-2","status":"publish","type":"product","link":"https:\/\/boreait.com\/hu\/termek\/intel-8260-ngw-wifi-bluetooth-modul-set-dell-mini-3020-3060-3040-3050-9020-7040-2\/","title":{"rendered":"Intel 8260 NGW WiFi Bluetooth modul SET Dell MINI 3020 3060 3040 3050 9020 7040"},"content":{"rendered":"<p>B\u0151v\u00edtse Dell Mini PC-je vezet\u00e9k n\u00e9lk\u00fcli k\u00e9pess\u00e9geit az Intel 8260 NGW WiFi Bluetooth modulk\u00e9szlettel. A tov\u00e1bbfejlesztett Wi-Fi \u00e9s Bluetooth kapcsolat biztos\u00edt\u00e1s\u00e1ra tervezett modulk\u00e9szlet val\u00f3di \u00e9s megb\u00edzhat\u00f3 megold\u00e1st k\u00edn\u00e1l a jobb h\u00e1l\u00f3zati hozz\u00e1f\u00e9r\u00e9shez \u00e9s a z\u00f6kken\u0151mentes vezet\u00e9k n\u00e9lk\u00fcli kommunik\u00e1ci\u00f3hoz.<\/p>\n<p>A vezet\u00e9k n\u00e9lk\u00fcli kommunik\u00e1ci\u00f3s technol\u00f3gia egyik vezet\u0151 neve, az Intel \u00e1ltal gy\u00e1rtott Intel 8260 NGW WiFi Bluetooth modulk\u00e9szletet apr\u00f3l\u00e9kosan \u00fagy tervezt\u00e9k, hogy z\u00f6kken\u0151mentesen integr\u00e1l\u00f3djon Dell Mini PC-j\u00e9be. Ez a modulk\u00e9szlet l\u00e9tfontoss\u00e1g\u00fa eleme a stabil vezet\u00e9k n\u00e9lk\u00fcli kapcsolatok fenntart\u00e1s\u00e1nak \u00e9s a tov\u00e1bbfejlesztett Bluetooth k\u00e9pess\u00e9gek \u00e9lvezet\u00e9nek, praktikus el\u0151ny\u00f6ket \u00e9s jobb haszn\u00e1lhat\u00f3s\u00e1got k\u00edn\u00e1lva.<\/p>\n<p>Ak\u00e1r Dell Mini 3020, 3060, 3040, 3050, 9020 vagy 7040 k\u00e9sz\u00fcl\u00e9ket haszn\u00e1l, ez a modulk\u00e9szlet megb\u00edzhat\u00f3 kapcsolatot \u00e9s z\u00f6kken\u0151mentes adat\u00e1tvitelt biztos\u00edt Wi-Fi \u00e9s Bluetooth h\u00e1l\u00f3zaton egyar\u00e1nt. A leg\u00fajabb Wi-Fi szabv\u00e1nyok \u00e9s Bluetooth technol\u00f3gi\u00e1k t\u00e1mogat\u00e1s\u00e1val megb\u00edzhat\u00f3 megold\u00e1st k\u00edn\u00e1l k\u00fcl\u00f6nf\u00e9le kommunik\u00e1ci\u00f3s ig\u00e9nyekre.<\/p>\n<p>A telep\u00edt\u00e9s egyszer\u0171, mivel az Intel 8260 NGW WiFi Bluetooth modulk\u00e9szletet \u00fagy tervezt\u00e9k, hogy belef\u00e9rjen a Dell Mini PC-je kijel\u00f6lt foglalat\u00e1ba. Az eredeti Intel alkatr\u00e9szek kiv\u00e1laszt\u00e1s\u00e1val eszk\u00f6ze min\u0151s\u00e9g\u00e9be, megb\u00edzhat\u00f3s\u00e1g\u00e1ba \u00e9s tov\u00e1bbfejlesztett vezet\u00e9k n\u00e9lk\u00fcli kapcsolati k\u00e9pess\u00e9geibe fektet be.<\/p>\n<p>Friss\u00edtse Dell Mini PC-je vezet\u00e9k n\u00e9lk\u00fcli k\u00e9pess\u00e9geit az Intel 8260 NGW WiFi Bluetooth modulk\u00e9szlettel. \u00c9lvezze a stabil \u00e9s hat\u00e9kony Wi-Fi \u00e9s Bluetooth kommunik\u00e1ci\u00f3t a tov\u00e1bbfejlesztett online \u00e9lm\u00e9ny \u00e9rdek\u00e9ben.<\/p>\n<p>V\u00e1s\u00e1rl\u00e1s el\u0151tt ellen\u0151rizze a kompatibilit\u00e1st az adott Dell Mini PC-modellj\u00e9vel.<\/p>\n","protected":false},"excerpt":{"rendered":"<p>B\u0151v\u00edtse Dell Mini PC-je vezet\u00e9k n\u00e9lk\u00fcli k\u00e9pess\u00e9geit az Intel 8260 NGW WiFi Bluetooth modulk\u00e9szlettel. \u00c9lvezze a stabil \u00e9s hat\u00e9kony Wi-Fi \u00e9s Bluetooth kommunik\u00e1ci\u00f3t a tov\u00e1bbfejlesztett online \u00e9lm\u00e9ny \u00e9rdek\u00e9ben.<\/p>\n","protected":false},"featured_media":3168,"template":"","meta":[],"product_brand":[],"product_cat":[27],"product_tag":[],"class_list":{"0":"post-3122","1":"product","2":"type-product","3":"status-publish","4":"has-post-thumbnail","6":"product_cat-motherboards-board-parts","8":"first","9":"instock","10":"taxable","11":"shipping-taxable","12":"purchasable","13":"product-type-simple"},"_links":{"self":[{"href":"https:\/\/boreait.com\/hu\/wp-json\/wp\/v2\/product\/3122","targetHints":{"allow":["GET"]}}],"collection":[{"href":"https:\/\/boreait.com\/hu\/wp-json\/wp\/v2\/product"}],"about":[{"href":"https:\/\/boreait.com\/hu\/wp-json\/wp\/v2\/types\/product"}],"wp:featuredmedia":[{"embeddable":true,"href":"https:\/\/boreait.com\/hu\/wp-json\/wp\/v2\/media\/3168"}],"wp:attachment":[{"href":"https:\/\/boreait.com\/hu\/wp-json\/wp\/v2\/media?parent=3122"}],"wp:term":[{"taxonomy":"product_brand","embeddable":true,"href":"https:\/\/boreait.com\/hu\/wp-json\/wp\/v2\/product_brand?post=3122"},{"taxonomy":"product_cat","embeddable":true,"href":"https:\/\/boreait.com\/hu\/wp-json\/wp\/v2\/product_cat?post=3122"},{"taxonomy":"product_tag","embeddable":true,"href":"https:\/\/boreait.com\/hu\/wp-json\/wp\/v2\/product_tag?post=3122"}],"curies":[{"name":"wp","href":"https:\/\/api.w.org\/{rel}","templated":true}]}}