{"id":3121,"date":"2025-09-17T10:33:28","date_gmt":"2025-09-17T08:33:28","guid":{"rendered":"https:\/\/boreait.com\/hu\/?post_type=product&#038;p=3121"},"modified":"2026-01-07T09:36:35","modified_gmt":"2026-01-07T08:36:35","slug":"dell-dw1820-wlan-wifi-vezetek-nelkuli-802-11ac-ngff-halozati-modul-kartya-qcnfa344a-d4v21","status":"publish","type":"product","link":"https:\/\/boreait.com\/hu\/termek\/dell-dw1820-wlan-wifi-vezetek-nelkuli-802-11ac-ngff-halozati-modul-kartya-qcnfa344a-d4v21\/","title":{"rendered":"DELL DW1820 WLAN WiFi vezet\u00e9k n\u00e9lk\u00fcli 802.11ac NGFF h\u00e1l\u00f3zati modul k\u00e1rtya QCNFA344A D4V21"},"content":{"rendered":"<p>N\u00f6velje laptopja vezet\u00e9k n\u00e9lk\u00fcli k\u00e9pess\u00e9geit a Dell DW1820 WLAN WiFi Wireless 802.11ac NGFF h\u00e1l\u00f3zati modulk\u00e1rty\u00e1val, QCNFA344A D4V21 cikksz\u00e1mmal. A tov\u00e1bbfejlesztett vezet\u00e9k n\u00e9lk\u00fcli kommunik\u00e1ci\u00f3 biztos\u00edt\u00e1s\u00e1ra tervezett modulk\u00e1rtya val\u00f3di \u00e9s megb\u00edzhat\u00f3 megold\u00e1st k\u00edn\u00e1l a jobb kapcsol\u00f3d\u00e1shoz \u00e9s a z\u00f6kken\u0151mentes internet-hozz\u00e1f\u00e9r\u00e9shez.<\/p>\n<p>A Dell \u00e1ltal gy\u00e1rtott, a h\u00e1l\u00f3zati technol\u00f3gia ter\u00e9n elismert n\u00e9v, a Dell DW1820 WLAN Wireless Wireless Module Card k\u00e1rty\u00e1t apr\u00f3l\u00e9kosan \u00fagy tervezt\u00e9k, hogy hib\u00e1tlanul integr\u00e1lhat\u00f3 legyen laptopj\u00e1val. Ez a modulk\u00e1rtya kulcsfontoss\u00e1g\u00fa eleme a stabil vezet\u00e9k n\u00e9lk\u00fcli kapcsolatok fenntart\u00e1s\u00e1nak, praktikus el\u0151ny\u00f6ket \u00e9s jobb haszn\u00e1lhat\u00f3s\u00e1got k\u00edn\u00e1lva.<\/p>\n<p>Ak\u00e1r otthon van, ak\u00e1r az irod\u00e1ban, ak\u00e1r \u00fatk\u00f6zben, ez a modulk\u00e1rtya megb\u00edzhat\u00f3 kapcsolatot \u00e9s z\u00f6kken\u0151mentes adat\u00e1tvitelt biztos\u00edt a vezet\u00e9k n\u00e9lk\u00fcli h\u00e1l\u00f3zaton kereszt\u00fcl. A Wi-Fi szabv\u00e1nyok t\u00e1mogat\u00e1s\u00e1val, bele\u00e9rtve a leg\u00fajabb technol\u00f3gi\u00e1kat is, megb\u00edzhat\u00f3 megold\u00e1st k\u00edn\u00e1l k\u00fcl\u00f6nf\u00e9le kommunik\u00e1ci\u00f3s ig\u00e9nyekre.<\/p>\n<p>A telep\u00edt\u00e9s egyszer\u0171, mivel a Dell DW1820 WLAN WiFi Wireless Module Card k\u00e1rty\u00e1t \u00fagy tervezt\u00e9k, hogy belef\u00e9rjen a laptop sz\u00e1m\u00e1ra kijel\u00f6lt ny\u00edl\u00e1sba. Az eredeti Dell alkatr\u00e9szek kiv\u00e1laszt\u00e1s\u00e1val laptopja min\u0151s\u00e9g\u00e9be, megb\u00edzhat\u00f3s\u00e1g\u00e1ba \u00e9s tov\u00e1bbfejlesztett vezet\u00e9k n\u00e9lk\u00fcli csatlakoz\u00e1si k\u00e9pess\u00e9g\u00e9be fektet be.<\/p>\n<p>Friss\u00edtse laptopja vezet\u00e9k n\u00e9lk\u00fcli k\u00e9pess\u00e9geit a Dell DW1820 WLAN WiFi Wireless 802.11ac NGFF h\u00e1l\u00f3zati modulk\u00e1rty\u00e1val. \u00c9lvezze a stabil \u00e9s hat\u00e9kony vezet\u00e9k n\u00e9lk\u00fcli kommunik\u00e1ci\u00f3t a tov\u00e1bbfejlesztett online \u00e9lm\u00e9ny \u00e9rdek\u00e9ben.<\/p>\n<p>V\u00e1s\u00e1rl\u00e1s el\u0151tt ellen\u0151rizze, hogy kompatibilis-e az adott laptopmodellj\u00e9vel.<\/p>\n","protected":false},"excerpt":{"rendered":"<p>N\u00f6velje laptopja vezet\u00e9k n\u00e9lk\u00fcli k\u00e9pess\u00e9geit a Dell DW1820 WLAN WiFi Wireless 802.11ac NGFF h\u00e1l\u00f3zati modulk\u00e1rty\u00e1val, QCNFA344A D4V21 cikksz\u00e1mmal. A tov\u00e1bbfejlesztett vezet\u00e9k n\u00e9lk\u00fcli kommunik\u00e1ci\u00f3 biztos\u00edt\u00e1s\u00e1ra tervezett modulk\u00e1rtya val\u00f3di \u00e9s megb\u00edzhat\u00f3 megold\u00e1st k\u00edn\u00e1l a jobb kapcsol\u00f3d\u00e1shoz \u00e9s a z\u00f6kken\u0151mentes internet-hozz\u00e1f\u00e9r\u00e9shez.<\/p>\n<p>A Dell \u00e1ltal gy\u00e1rtott, a h\u00e1l\u00f3zati technol\u00f3gia ter\u00e9n elismert n\u00e9v, a Dell DW1820 WLAN Wireless Wireless Module Card k\u00e1rty\u00e1t apr\u00f3l\u00e9kosan \u00fagy tervezt\u00e9k, hogy hib\u00e1tlanul integr\u00e1lhat\u00f3 legyen laptopj\u00e1val. Ez a modulk\u00e1rtya kulcsfontoss\u00e1g\u00fa eleme a stabil vezet\u00e9k n\u00e9lk\u00fcli kapcsolatok fenntart\u00e1s\u00e1nak, praktikus el\u0151ny\u00f6ket \u00e9s jobb haszn\u00e1lhat\u00f3s\u00e1got k\u00edn\u00e1lva.<\/p>\n<p>Ak\u00e1r otthon van, ak\u00e1r az irod\u00e1ban, ak\u00e1r \u00fatk\u00f6zben, ez a modulk\u00e1rtya megb\u00edzhat\u00f3 kapcsolatot \u00e9s z\u00f6kken\u0151mentes adat\u00e1tvitelt biztos\u00edt a vezet\u00e9k n\u00e9lk\u00fcli h\u00e1l\u00f3zaton kereszt\u00fcl. A Wi-Fi szabv\u00e1nyok t\u00e1mogat\u00e1s\u00e1val, bele\u00e9rtve a leg\u00fajabb technol\u00f3gi\u00e1kat is, megb\u00edzhat\u00f3 megold\u00e1st k\u00edn\u00e1l k\u00fcl\u00f6nf\u00e9le kommunik\u00e1ci\u00f3s ig\u00e9nyekre.<\/p>\n<p>A telep\u00edt\u00e9s egyszer\u0171, mivel a Dell DW1820 WLAN WiFi Wireless Module Card k\u00e1rty\u00e1t \u00fagy tervezt\u00e9k, hogy belef\u00e9rjen a laptop sz\u00e1m\u00e1ra kijel\u00f6lt ny\u00edl\u00e1sba. Az eredeti Dell alkatr\u00e9szek kiv\u00e1laszt\u00e1s\u00e1val laptopja min\u0151s\u00e9g\u00e9be, megb\u00edzhat\u00f3s\u00e1g\u00e1ba \u00e9s tov\u00e1bbfejlesztett vezet\u00e9k n\u00e9lk\u00fcli csatlakoz\u00e1si k\u00e9pess\u00e9g\u00e9be fektet be.<\/p>\n<p>Friss\u00edtse laptopja vezet\u00e9k n\u00e9lk\u00fcli k\u00e9pess\u00e9geit a Dell DW1820 WLAN WiFi Wireless 802.11ac NGFF h\u00e1l\u00f3zati modulk\u00e1rty\u00e1val. \u00c9lvezze a stabil \u00e9s hat\u00e9kony vezet\u00e9k n\u00e9lk\u00fcli kommunik\u00e1ci\u00f3t a tov\u00e1bbfejlesztett online \u00e9lm\u00e9ny \u00e9rdek\u00e9ben.<\/p>\n<p>V\u00e1s\u00e1rl\u00e1s el\u0151tt ellen\u0151rizze, hogy kompatibilis-e az adott laptopmodellj\u00e9vel.<\/p>\n","protected":false},"featured_media":3167,"template":"","meta":[],"product_brand":[],"product_cat":[27],"product_tag":[17],"class_list":{"0":"post-3121","1":"product","2":"type-product","3":"status-publish","4":"has-post-thumbnail","6":"product_cat-motherboards-board-parts","7":"product_tag-dell","9":"first","10":"instock","11":"taxable","12":"shipping-taxable","13":"purchasable","14":"product-type-simple"},"_links":{"self":[{"href":"https:\/\/boreait.com\/hu\/wp-json\/wp\/v2\/product\/3121","targetHints":{"allow":["GET"]}}],"collection":[{"href":"https:\/\/boreait.com\/hu\/wp-json\/wp\/v2\/product"}],"about":[{"href":"https:\/\/boreait.com\/hu\/wp-json\/wp\/v2\/types\/product"}],"wp:featuredmedia":[{"embeddable":true,"href":"https:\/\/boreait.com\/hu\/wp-json\/wp\/v2\/media\/3167"}],"wp:attachment":[{"href":"https:\/\/boreait.com\/hu\/wp-json\/wp\/v2\/media?parent=3121"}],"wp:term":[{"taxonomy":"product_brand","embeddable":true,"href":"https:\/\/boreait.com\/hu\/wp-json\/wp\/v2\/product_brand?post=3121"},{"taxonomy":"product_cat","embeddable":true,"href":"https:\/\/boreait.com\/hu\/wp-json\/wp\/v2\/product_cat?post=3121"},{"taxonomy":"product_tag","embeddable":true,"href":"https:\/\/boreait.com\/hu\/wp-json\/wp\/v2\/product_tag?post=3121"}],"curies":[{"name":"wp","href":"https:\/\/api.w.org\/{rel}","templated":true}]}}