{"id":3120,"date":"2025-09-17T10:33:28","date_gmt":"2025-09-17T08:33:28","guid":{"rendered":"https:\/\/boreait.com\/hu\/?post_type=product&#038;p=3120"},"modified":"2026-01-07T09:36:23","modified_gmt":"2026-01-07T08:36:23","slug":"eredeti-hp-15-cs0053cl-vezetek-nelkuli-bluetooth-kartya-915620-001-u98h132","status":"publish","type":"product","link":"https:\/\/boreait.com\/hu\/termek\/eredeti-hp-15-cs0053cl-vezetek-nelkuli-bluetooth-kartya-915620-001-u98h132\/","title":{"rendered":"Eredeti Hp 15-CS0053CL VEZET\u00c9K N\u00c9LK\u00dcLI BLUETOOTH K\u00c1RTYA 915620-001 U98H132"},"content":{"rendered":"<p>Fokozza laptopja vezet\u00e9k n\u00e9lk\u00fcli \u00e9s Bluetooth-kapcsolat\u00e1t az Eredeti HP 15-CS0053CL vezet\u00e9k n\u00e9lk\u00fcli Bluetooth-k\u00e1rty\u00e1val, cikksz\u00e1m: 915620-001 U98H132. A tov\u00e1bbfejlesztett vezet\u00e9k n\u00e9lk\u00fcli kommunik\u00e1ci\u00f3s k\u00e9pess\u00e9gek biztos\u00edt\u00e1s\u00e1ra tervezett k\u00e1rtya val\u00f3di \u00e9s megb\u00edzhat\u00f3 megold\u00e1st k\u00edn\u00e1l a z\u00f6kken\u0151mentes internet-hozz\u00e1f\u00e9r\u00e9shez \u00e9s a tov\u00e1bbfejlesztett kapcsol\u00f3d\u00e1shoz.<\/p>\n<p>A HP \u00e1ltal gy\u00e1rtott, megb\u00edzhat\u00f3 n\u00e9v a sz\u00e1m\u00edt\u00e1stechnik\u00e1ban \u00e9s a technol\u00f3gi\u00e1ban, az Eredeti HP 15-CS0053CL vezet\u00e9k n\u00e9lk\u00fcli Bluetooth-k\u00e1rtya apr\u00f3l\u00e9kosan \u00fagy lett megtervezve, hogy hib\u00e1tlanul integr\u00e1lhat\u00f3 legyen laptopj\u00e1val. Ez a k\u00e1rtya l\u00e9tfontoss\u00e1g\u00fa szerepet j\u00e1tszik a stabil vezet\u00e9k n\u00e9lk\u00fcli \u00e9s Bluetooth kapcsolatok fenntart\u00e1s\u00e1ban, praktikus el\u0151ny\u00f6ket \u00e9s jobb haszn\u00e1lhat\u00f3s\u00e1got k\u00edn\u00e1lva.<\/p>\n<p>Ak\u00e1r otthon van, ak\u00e1r a munkahely\u00e9n, ak\u00e1r \u00fatk\u00f6zben, ez a k\u00e1rtya megb\u00edzhat\u00f3 csatlakoz\u00e1st \u00e9s z\u00f6kken\u0151mentes adat\u00e1tvitelt biztos\u00edt vezet\u00e9k n\u00e9lk\u00fcli \u00e9s Bluetooth h\u00e1l\u00f3zaton kereszt\u00fcl. A Wi-Fi \u00e9s Bluetooth szabv\u00e1nyok t\u00e1mogat\u00e1s\u00e1val megb\u00edzhat\u00f3 megold\u00e1st k\u00edn\u00e1l k\u00fcl\u00f6nf\u00e9le kommunik\u00e1ci\u00f3s ig\u00e9nyekre.<\/p>\n<p>A telep\u00edt\u00e9s egyszer\u0171, mivel az Eredeti HP 15-CS0053CL vezet\u00e9k n\u00e9lk\u00fcli Bluetooth-k\u00e1rtya \u00fagy lett kialak\u00edtva, hogy illeszkedjen a laptop sz\u00e1m\u00e1ra kijel\u00f6lt foglalatba. Az eredeti HP alkatr\u00e9szek kiv\u00e1laszt\u00e1s\u00e1val laptopja min\u0151s\u00e9g\u00e9be, megb\u00edzhat\u00f3s\u00e1g\u00e1ba, valamint tov\u00e1bbfejlesztett vezet\u00e9k n\u00e9lk\u00fcli \u00e9s Bluetooth-k\u00e9pess\u00e9g\u00e9be fektet be.<\/p>\n<p>Friss\u00edtse laptopja vezet\u00e9k n\u00e9lk\u00fcli \u00e9s Bluetooth-kapcsolat\u00e1t az eredeti HP 15-CS0053CL vezet\u00e9k n\u00e9lk\u00fcli Bluetooth-k\u00e1rty\u00e1val. \u00c9lvezze a stabil \u00e9s hat\u00e9kony vezet\u00e9k n\u00e9lk\u00fcli kommunik\u00e1ci\u00f3t \u00e9s a Bluetooth-kapcsolatot a tov\u00e1bbfejlesztett online \u00e9lm\u00e9ny \u00e9rdek\u00e9ben.<\/p>\n<p>V\u00e1s\u00e1rl\u00e1s el\u0151tt ellen\u0151rizze, hogy kompatibilis-e az adott laptopmodellj\u00e9vel.<\/p>\n","protected":false},"excerpt":{"rendered":"<p>B\u0151v\u00edtse laptopja vezet\u00e9k n\u00e9lk\u00fcli \u00e9s Bluetooth-kapcsolat\u00e1t az Eredeti HP 15-CS0053CL vezet\u00e9k n\u00e9lk\u00fcli Bluetooth-k\u00e1rty\u00e1val, cikksz\u00e1m: 915620-001 U98H132. \u00c9lvezze a stabil \u00e9s hat\u00e9kony vezet\u00e9k n\u00e9lk\u00fcli kommunik\u00e1ci\u00f3t \u00e9s a Bluetooth-kapcsolatot a tov\u00e1bbfejlesztett online \u00e9lm\u00e9ny \u00e9rdek\u00e9ben.<\/p>\n","protected":false},"featured_media":3156,"template":"","meta":[],"product_brand":[],"product_cat":[27],"product_tag":[25],"class_list":{"0":"post-3120","1":"product","2":"type-product","3":"status-publish","4":"has-post-thumbnail","6":"product_cat-motherboards-board-parts","7":"product_tag-hp","9":"first","10":"instock","11":"taxable","12":"shipping-taxable","13":"purchasable","14":"product-type-simple"},"_links":{"self":[{"href":"https:\/\/boreait.com\/hu\/wp-json\/wp\/v2\/product\/3120","targetHints":{"allow":["GET"]}}],"collection":[{"href":"https:\/\/boreait.com\/hu\/wp-json\/wp\/v2\/product"}],"about":[{"href":"https:\/\/boreait.com\/hu\/wp-json\/wp\/v2\/types\/product"}],"wp:featuredmedia":[{"embeddable":true,"href":"https:\/\/boreait.com\/hu\/wp-json\/wp\/v2\/media\/3156"}],"wp:attachment":[{"href":"https:\/\/boreait.com\/hu\/wp-json\/wp\/v2\/media?parent=3120"}],"wp:term":[{"taxonomy":"product_brand","embeddable":true,"href":"https:\/\/boreait.com\/hu\/wp-json\/wp\/v2\/product_brand?post=3120"},{"taxonomy":"product_cat","embeddable":true,"href":"https:\/\/boreait.com\/hu\/wp-json\/wp\/v2\/product_cat?post=3120"},{"taxonomy":"product_tag","embeddable":true,"href":"https:\/\/boreait.com\/hu\/wp-json\/wp\/v2\/product_tag?post=3120"}],"curies":[{"name":"wp","href":"https:\/\/api.w.org\/{rel}","templated":true}]}}