{"id":3119,"date":"2025-09-17T10:33:28","date_gmt":"2025-09-17T08:33:28","guid":{"rendered":"https:\/\/boreait.com\/hu\/?post_type=product&#038;p=3119"},"modified":"2026-02-02T11:38:13","modified_gmt":"2026-02-02T10:38:13","slug":"vezetek-nelkuli-halozati-kartya-lenovo-flex-2-15-g50-70-realtek-rtl8723be-20-200570","status":"publish","type":"product","link":"https:\/\/boreait.com\/hu\/termek\/vezetek-nelkuli-halozati-kartya-lenovo-flex-2-15-g50-70-realtek-rtl8723be-20-200570\/","title":{"rendered":"Vezet\u00e9k n\u00e9lk\u00fcli h\u00e1l\u00f3zati k\u00e1rtya Lenovo Flex 2-15 G50-70 Realtek RTL8723BE 20-200570"},"content":{"rendered":"<p>B\u0151v\u00edtse laptopja vezet\u00e9k n\u00e9lk\u00fcli k\u00e9pess\u00e9geit a Lenovo Flex 2-15 G50-70 laptopokhoz tervezett Realtek RTL8723BE vezet\u00e9k n\u00e9lk\u00fcli h\u00e1l\u00f3zati k\u00e1rty\u00e1val. A laptop csatlakoztathat\u00f3s\u00e1g\u00e1nak jav\u00edt\u00e1s\u00e1ra tervezett h\u00e1l\u00f3zati k\u00e1rtya hiteles \u00e9s megb\u00edzhat\u00f3 megold\u00e1st k\u00edn\u00e1l a tov\u00e1bbfejlesztett vezet\u00e9k n\u00e9lk\u00fcli kommunik\u00e1ci\u00f3hoz \u00e9s a z\u00f6kken\u0151mentes internet-hozz\u00e1f\u00e9r\u00e9shez.<\/p>\n<p>A Realtek \u00e1ltal gy\u00e1rtott, megb\u00edzhat\u00f3 n\u00e9v a h\u00e1l\u00f3zati technol\u00f3gia ter\u00fclet\u00e9n, a Realtek RTL8723BE vezet\u00e9k n\u00e9lk\u00fcli h\u00e1l\u00f3zati k\u00e1rty\u00e1t \u00fagy tervezt\u00e9k, hogy z\u00f6kken\u0151mentesen illeszkedjen laptopja kialak\u00edt\u00e1s\u00e1ba. Ez a k\u00e1rtya kulcsfontoss\u00e1g\u00fa eleme a stabil vezet\u00e9k n\u00e9lk\u00fcli kapcsolatok fenntart\u00e1s\u00e1nak, praktikus el\u0151ny\u00f6ket \u00e9s jobb haszn\u00e1lhat\u00f3s\u00e1got k\u00edn\u00e1l.<\/p>\n<p>Ak\u00e1r otthon van, ak\u00e1r a munkahely\u00e9n, ak\u00e1r \u00faton van, ez a h\u00e1l\u00f3zati k\u00e1rtya megb\u00edzhat\u00f3 kapcsolatot \u00e9s z\u00f6kken\u0151mentes adat\u00e1tvitelt biztos\u00edt a vezet\u00e9k n\u00e9lk\u00fcli h\u00e1l\u00f3zaton kereszt\u00fcl. A Wi-Fi szabv\u00e1nyok t\u00e1mogat\u00e1s\u00e1val, bele\u00e9rtve a leg\u00fajabb technol\u00f3gi\u00e1kat is, megb\u00edzhat\u00f3 megold\u00e1st k\u00edn\u00e1l k\u00fcl\u00f6nf\u00e9le kommunik\u00e1ci\u00f3s ig\u00e9nyekre.<\/p>\n<p>A telep\u00edt\u00e9s egyszer\u0171, mivel a Realtek RTL8723BE vezet\u00e9k n\u00e9lk\u00fcli h\u00e1l\u00f3zati k\u00e1rty\u00e1t \u00fagy tervezt\u00e9k, hogy illeszkedjen a laptop sz\u00e1m\u00e1ra kijel\u00f6lt ny\u00edl\u00e1sba. Az eredeti Realtek alkatr\u00e9szek kiv\u00e1laszt\u00e1s\u00e1val laptopja min\u0151s\u00e9g\u00e9be, megb\u00edzhat\u00f3s\u00e1g\u00e1ba \u00e9s tov\u00e1bbfejlesztett vezet\u00e9k n\u00e9lk\u00fcli kapcsolati k\u00e9pess\u00e9g\u00e9be fektet be.<\/p>\n<p>Friss\u00edtse laptopja vezet\u00e9k n\u00e9lk\u00fcli kapcsolat\u00e1t a Realtek RTL8723BE vezet\u00e9k n\u00e9lk\u00fcli h\u00e1l\u00f3zati k\u00e1rty\u00e1val Lenovo Flex 2-15 G50-70-hez. \u00c9lvezze a stabil \u00e9s hat\u00e9kony vezet\u00e9k n\u00e9lk\u00fcli kommunik\u00e1ci\u00f3t a tov\u00e1bbfejlesztett online \u00e9lm\u00e9ny \u00e9rdek\u00e9ben.<\/p>\n<p>V\u00e1s\u00e1rl\u00e1s el\u0151tt ellen\u0151rizze, hogy kompatibilis-e az adott laptopmodellj\u00e9vel.<\/p>\n","protected":false},"excerpt":{"rendered":"<p>B\u0151v\u00edtse laptopja vezet\u00e9k n\u00e9lk\u00fcli kapcsolat\u00e1t a Lenovo Flex 2-15 G50-70 laptopokhoz tervezett Realtek RTL8723BE vezet\u00e9k n\u00e9lk\u00fcli h\u00e1l\u00f3zati k\u00e1rty\u00e1val. \u00c9lvezze a stabil \u00e9s hat\u00e9kony vezet\u00e9k n\u00e9lk\u00fcli kommunik\u00e1ci\u00f3t a tov\u00e1bbfejlesztett online \u00e9lm\u00e9ny \u00e9rdek\u00e9ben.<\/p>\n","protected":false},"featured_media":3155,"template":"","meta":[],"product_brand":[],"product_cat":[27],"product_tag":[26],"class_list":{"0":"post-3119","1":"product","2":"type-product","3":"status-publish","4":"has-post-thumbnail","6":"product_cat-motherboards-board-parts","7":"product_tag-lenovo","9":"first","10":"instock","11":"taxable","12":"shipping-taxable","13":"purchasable","14":"product-type-simple"},"_links":{"self":[{"href":"https:\/\/boreait.com\/hu\/wp-json\/wp\/v2\/product\/3119","targetHints":{"allow":["GET"]}}],"collection":[{"href":"https:\/\/boreait.com\/hu\/wp-json\/wp\/v2\/product"}],"about":[{"href":"https:\/\/boreait.com\/hu\/wp-json\/wp\/v2\/types\/product"}],"wp:featuredmedia":[{"embeddable":true,"href":"https:\/\/boreait.com\/hu\/wp-json\/wp\/v2\/media\/3155"}],"wp:attachment":[{"href":"https:\/\/boreait.com\/hu\/wp-json\/wp\/v2\/media?parent=3119"}],"wp:term":[{"taxonomy":"product_brand","embeddable":true,"href":"https:\/\/boreait.com\/hu\/wp-json\/wp\/v2\/product_brand?post=3119"},{"taxonomy":"product_cat","embeddable":true,"href":"https:\/\/boreait.com\/hu\/wp-json\/wp\/v2\/product_cat?post=3119"},{"taxonomy":"product_tag","embeddable":true,"href":"https:\/\/boreait.com\/hu\/wp-json\/wp\/v2\/product_tag?post=3119"}],"curies":[{"name":"wp","href":"https:\/\/api.w.org\/{rel}","templated":true}]}}