{"id":3118,"date":"2025-09-17T10:33:28","date_gmt":"2025-09-17T08:33:28","guid":{"rendered":"https:\/\/boreait.com\/hu\/?post_type=product&#038;p=3118"},"modified":"2026-01-07T09:35:56","modified_gmt":"2026-01-07T08:35:56","slug":"mini-pci-express-wi-fi-kartya-atheros-ar5bxb63","status":"publish","type":"product","link":"https:\/\/boreait.com\/hu\/termek\/mini-pci-express-wi-fi-kartya-atheros-ar5bxb63\/","title":{"rendered":"Mini-PCI Express Wi-Fi k\u00e1rtya &#8211; Atheros AR5BXB63"},"content":{"rendered":"<p>B\u0151v\u00edtse laptopja vezet\u00e9k n\u00e9lk\u00fcli k\u00e9pess\u00e9geit az Atheros AR5BXB63 Mini-PCI Express Wi-Fi k\u00e1rty\u00e1val. A tov\u00e1bbfejlesztett vezet\u00e9k n\u00e9lk\u00fcli h\u00e1l\u00f3zat \u00e9s a z\u00f6kken\u0151mentes internet-hozz\u00e1f\u00e9r\u00e9s biztos\u00edt\u00e1s\u00e1ra tervezett Wi-Fi-k\u00e1rtya hiteles \u00e9s megb\u00edzhat\u00f3 megold\u00e1st k\u00edn\u00e1l a tov\u00e1bbfejlesztett kapcsolathoz \u00e9s az online b\u00f6ng\u00e9sz\u00e9shez.<\/p>\n<p>A vezet\u00e9k n\u00e9lk\u00fcli kommunik\u00e1ci\u00f3s technol\u00f3gia elismert neve, az Atheros \u00e1ltal gy\u00e1rtott Atheros AR5BXB63 Mini-PCI Express Wi-Fi k\u00e1rtya apr\u00f3l\u00e9kosan megtervezett, hogy z\u00f6kken\u0151mentesen illeszkedjen a laptop diz\u00e1jnj\u00e1ba. A stabil vezet\u00e9k n\u00e9lk\u00fcli kapcsolatok kritikus elemek\u00e9nt ez a k\u00e1rtya gyakorlati el\u0151ny\u00f6ket \u00e9s jobb haszn\u00e1lhat\u00f3s\u00e1got k\u00edn\u00e1l.<\/p>\n<p>Ak\u00e1r otthon, az irod\u00e1ban vagy \u00fatk\u00f6zben van, ez a Mini-PCI Express Wi-Fi k\u00e1rtya megb\u00edzhat\u00f3 kapcsolatot \u00e9s z\u00f6kken\u0151mentes adat\u00e1tvitelt biztos\u00edt a vezet\u00e9k n\u00e9lk\u00fcli h\u00e1l\u00f3zaton kereszt\u00fcl. A Wi-Fi szabv\u00e1nyok t\u00e1mogat\u00e1s\u00e1val megb\u00edzhat\u00f3 megold\u00e1st k\u00edn\u00e1l k\u00fcl\u00f6nf\u00e9le kommunik\u00e1ci\u00f3s ig\u00e9nyekre.<\/p>\n<p>A telep\u00edt\u00e9s egyszer\u0171, mivel ezt a Mini-PCI Express k\u00e1rty\u00e1t \u00fagy tervezt\u00e9k, hogy illeszkedjen a laptop sz\u00e1m\u00e1ra kijel\u00f6lt ny\u00edl\u00e1sba. Ha autentikus Atheros alkatr\u00e9szeket v\u00e1laszt, akkor laptopja min\u0151s\u00e9g\u00e9be, megb\u00edzhat\u00f3s\u00e1g\u00e1ba \u00e9s tov\u00e1bbfejlesztett vezet\u00e9k n\u00e9lk\u00fcli kapcsolati k\u00e9pess\u00e9g\u00e9be fektet be.<\/p>\n<p>Friss\u00edtse laptopja vezet\u00e9k n\u00e9lk\u00fcli kapcsolat\u00e1t az Atheros AR5BXB63 Mini-PCI Express Wi-Fi k\u00e1rty\u00e1val. \u00c9lvezze a stabil \u00e9s hat\u00e9kony vezet\u00e9k n\u00e9lk\u00fcli kommunik\u00e1ci\u00f3t a tov\u00e1bbfejlesztett online \u00e9lm\u00e9ny \u00e9rdek\u00e9ben.<\/p>\n<p>V\u00e1s\u00e1rl\u00e1s el\u0151tt ellen\u0151rizze, hogy kompatibilis-e az adott laptopmodellj\u00e9vel.<\/p>\n","protected":false},"excerpt":{"rendered":"<p>B\u0151v\u00edtse laptopja vezet\u00e9k n\u00e9lk\u00fcli kapcsolat\u00e1t az Atheros AR5BXB63 Mini-PCI Express Wi-Fi k\u00e1rty\u00e1val. \u00c9lvezze a stabil \u00e9s hat\u00e9kony vezet\u00e9k n\u00e9lk\u00fcli kommunik\u00e1ci\u00f3t a tov\u00e1bbfejlesztett online \u00e9lm\u00e9ny \u00e9rdek\u00e9ben.<\/p>\n","protected":false},"featured_media":3154,"template":"","meta":[],"product_brand":[],"product_cat":[27],"product_tag":[],"class_list":{"0":"post-3118","1":"product","2":"type-product","3":"status-publish","4":"has-post-thumbnail","6":"product_cat-motherboards-board-parts","8":"first","9":"instock","10":"taxable","11":"shipping-taxable","12":"purchasable","13":"product-type-simple"},"_links":{"self":[{"href":"https:\/\/boreait.com\/hu\/wp-json\/wp\/v2\/product\/3118","targetHints":{"allow":["GET"]}}],"collection":[{"href":"https:\/\/boreait.com\/hu\/wp-json\/wp\/v2\/product"}],"about":[{"href":"https:\/\/boreait.com\/hu\/wp-json\/wp\/v2\/types\/product"}],"wp:featuredmedia":[{"embeddable":true,"href":"https:\/\/boreait.com\/hu\/wp-json\/wp\/v2\/media\/3154"}],"wp:attachment":[{"href":"https:\/\/boreait.com\/hu\/wp-json\/wp\/v2\/media?parent=3118"}],"wp:term":[{"taxonomy":"product_brand","embeddable":true,"href":"https:\/\/boreait.com\/hu\/wp-json\/wp\/v2\/product_brand?post=3118"},{"taxonomy":"product_cat","embeddable":true,"href":"https:\/\/boreait.com\/hu\/wp-json\/wp\/v2\/product_cat?post=3118"},{"taxonomy":"product_tag","embeddable":true,"href":"https:\/\/boreait.com\/hu\/wp-json\/wp\/v2\/product_tag?post=3118"}],"curies":[{"name":"wp","href":"https:\/\/api.w.org\/{rel}","templated":true}]}}