{"id":3116,"date":"2025-09-17T10:33:28","date_gmt":"2025-09-17T08:33:28","guid":{"rendered":"https:\/\/boreait.com\/hu\/?post_type=product&#038;p=3116"},"modified":"2026-01-07T09:35:31","modified_gmt":"2026-01-07T08:35:31","slug":"hp-531993-001-509064-003-qualcomm-gobi-2000-wwan","status":"publish","type":"product","link":"https:\/\/boreait.com\/hu\/termek\/hp-531993-001-509064-003-qualcomm-gobi-2000-wwan\/","title":{"rendered":"HP 531993-001 509064-003 Qualcomm Gobi 2000 WWAN"},"content":{"rendered":"<p>B\u0151v\u00edtse laptopja csatlakoztathat\u00f3s\u00e1g\u00e1t a HP 531993-001 509064-003 Qualcomm Gobi 2000 WWAN k\u00e1rty\u00e1val. A tov\u00e1bbfejlesztett vezet\u00e9k n\u00e9lk\u00fcli kommunik\u00e1ci\u00f3s k\u00e9pess\u00e9gek biztos\u00edt\u00e1s\u00e1ra tervezett WWAN (Wireless Wide Area Network) k\u00e1rtya hiteles \u00e9s megb\u00edzhat\u00f3 megold\u00e1st k\u00edn\u00e1l a tov\u00e1bbfejlesztett mobilkapcsolathoz \u00e9s online hozz\u00e1f\u00e9r\u00e9shez.<\/p>\n<p>A sz\u00e1m\u00edt\u00e1stechnik\u00e1ban \u00e9s kommunik\u00e1ci\u00f3s technol\u00f3gi\u00e1ban elismert n\u00e9v, a HP \u00e1ltal gy\u00e1rtott HP 531993-001 509064-003 Qualcomm Gobi 2000 WWAN k\u00e1rtya apr\u00f3l\u00e9kosan \u00fagy lett megtervezve, hogy z\u00f6kken\u0151mentesen illeszkedjen a laptop kialak\u00edt\u00e1s\u00e1ba. A stabil vezet\u00e9k n\u00e9lk\u00fcli kapcsolatok kulcsfontoss\u00e1g\u00fa elemek\u00e9nt ez a k\u00e1rtya gyakorlati el\u0151ny\u00f6ket \u00e9s jobb haszn\u00e1lhat\u00f3s\u00e1got k\u00edn\u00e1l.<\/p>\n<p>Ak\u00e1r \u00faton van, ak\u00e1r utazik, ak\u00e1r megb\u00edzhat\u00f3 mobilinternet-hozz\u00e1f\u00e9r\u00e9sre van sz\u00fcks\u00e9ge, ez a WWAN-k\u00e1rtya stabil kapcsolatot \u00e9s z\u00f6kken\u0151mentes adat\u00e1tvitelt biztos\u00edt k\u00fcl\u00f6nb\u00f6z\u0151 mobilh\u00e1l\u00f3zatokon. T\u00f6bb frekvencia \u00e9s s\u00e1v t\u00e1mogat\u00e1s\u00e1val megb\u00edzhat\u00f3 megold\u00e1st k\u00edn\u00e1l k\u00fcl\u00f6nf\u00e9le kommunik\u00e1ci\u00f3s ig\u00e9nyekre.<\/p>\n<p>A telep\u00edt\u00e9s egyszer\u0171, mivel ezt a WWAN-k\u00e1rty\u00e1t \u00fagy tervezt\u00e9k, hogy illeszkedjen a laptop sz\u00e1m\u00e1ra kijel\u00f6lt ny\u00edl\u00e1sba.\u00a0 Ha eredeti HP alkatr\u00e9szeket v\u00e1laszt, akkor laptopja min\u0151s\u00e9g\u00e9be, megb\u00edzhat\u00f3s\u00e1g\u00e1ba \u00e9s tov\u00e1bbfejlesztett mobilkapcsolati k\u00e9pess\u00e9geibe fektet be.<\/p>\n<p>Friss\u00edtse laptopja csatlakoztathat\u00f3s\u00e1g\u00e1t a HP 531993-001 509064-003 Qualcomm Gobi 2000 WWAN k\u00e1rty\u00e1val. \u00c9lvezze a megb\u00edzhat\u00f3 mobilkommunik\u00e1ci\u00f3t \u00e9s a hat\u00e9kony adat\u00e1tvitelt a tov\u00e1bbfejlesztett mobil\u00e9lm\u00e9ny \u00e9rdek\u00e9ben.<\/p>\n<p>V\u00e1s\u00e1rl\u00e1s el\u0151tt ellen\u0151rizze, hogy kompatibilis-e az adott laptopmodellj\u00e9vel.<\/p>\n","protected":false},"excerpt":{"rendered":"<p>B\u0151v\u00edtse laptopja csatlakoztathat\u00f3s\u00e1g\u00e1t a HP 531993-001 509064-003 Qualcomm Gobi 2000 WWAN k\u00e1rty\u00e1val. \u00c9lvezze a megb\u00edzhat\u00f3 mobilkommunik\u00e1ci\u00f3t \u00e9s a hat\u00e9kony adat\u00e1tvitelt a tov\u00e1bbfejlesztett mobil\u00e9lm\u00e9ny \u00e9rdek\u00e9ben.<\/p>\n","protected":false},"featured_media":3152,"template":"","meta":[],"product_brand":[],"product_cat":[27],"product_tag":[25],"class_list":{"0":"post-3116","1":"product","2":"type-product","3":"status-publish","4":"has-post-thumbnail","6":"product_cat-motherboards-board-parts","7":"product_tag-hp","9":"first","10":"instock","11":"taxable","12":"shipping-taxable","13":"purchasable","14":"product-type-simple"},"_links":{"self":[{"href":"https:\/\/boreait.com\/hu\/wp-json\/wp\/v2\/product\/3116","targetHints":{"allow":["GET"]}}],"collection":[{"href":"https:\/\/boreait.com\/hu\/wp-json\/wp\/v2\/product"}],"about":[{"href":"https:\/\/boreait.com\/hu\/wp-json\/wp\/v2\/types\/product"}],"wp:featuredmedia":[{"embeddable":true,"href":"https:\/\/boreait.com\/hu\/wp-json\/wp\/v2\/media\/3152"}],"wp:attachment":[{"href":"https:\/\/boreait.com\/hu\/wp-json\/wp\/v2\/media?parent=3116"}],"wp:term":[{"taxonomy":"product_brand","embeddable":true,"href":"https:\/\/boreait.com\/hu\/wp-json\/wp\/v2\/product_brand?post=3116"},{"taxonomy":"product_cat","embeddable":true,"href":"https:\/\/boreait.com\/hu\/wp-json\/wp\/v2\/product_cat?post=3116"},{"taxonomy":"product_tag","embeddable":true,"href":"https:\/\/boreait.com\/hu\/wp-json\/wp\/v2\/product_tag?post=3116"}],"curies":[{"name":"wp","href":"https:\/\/api.w.org\/{rel}","templated":true}]}}