{"id":3115,"date":"2025-09-17T10:33:28","date_gmt":"2025-09-17T08:33:28","guid":{"rendered":"https:\/\/boreait.com\/hu\/?post_type=product&#038;p=3115"},"modified":"2026-01-07T09:35:18","modified_gmt":"2026-01-07T08:35:18","slug":"acer-aspire-one-nav50-wi-fi-kartya-4104a-ar5b95","status":"publish","type":"product","link":"https:\/\/boreait.com\/hu\/termek\/acer-aspire-one-nav50-wi-fi-kartya-4104a-ar5b95\/","title":{"rendered":"Acer Aspire One NAV50 Wi-Fi k\u00e1rtya 4104A-AR5B95"},"content":{"rendered":"<p>N\u00f6velje laptopja csatlakoztathat\u00f3s\u00e1g\u00e1t a HP LT4120 T77W595 NGFF 4G LTE WWAN 800870-001 mobilk\u00e1rty\u00e1val. A nagy sebess\u00e9g\u0171 4G LTE vezet\u00e9k n\u00e9lk\u00fcli kommunik\u00e1ci\u00f3ra tervezett NGFF mobilk\u00e1rtya hiteles \u00e9s megb\u00edzhat\u00f3 megold\u00e1st k\u00edn\u00e1l a tov\u00e1bbfejlesztett mobilkapcsolathoz \u00e9s online hozz\u00e1f\u00e9r\u00e9shez.<\/p>\n<p>A sz\u00e1m\u00edt\u00e1stechnikai \u00e9s kommunik\u00e1ci\u00f3s technol\u00f3gia egyik vezet\u0151 v\u00e1llalata, a HP \u00e1ltal gy\u00e1rtott HP LT4120 T77W595 NGFF 4G LTE WWAN 800870-001 mobilk\u00e1rtya apr\u00f3l\u00e9kosan megtervezett, hogy z\u00f6kken\u0151mentesen illeszkedjen a laptop kialak\u00edt\u00e1s\u00e1ba. A gyors \u00e9s megb\u00edzhat\u00f3 vezet\u00e9k n\u00e9lk\u00fcli kapcsolatok kritikus elemek\u00e9nt ez a k\u00e1rtya gyakorlati el\u0151ny\u00f6ket \u00e9s jobb haszn\u00e1lhat\u00f3s\u00e1got k\u00edn\u00e1l.<\/p>\n<p>Ak\u00e1r \u00fatk\u00f6zben van, internetkapcsolatra van sz\u00fcks\u00e9ge, vagy t\u00e1voli er\u0151forr\u00e1sokhoz csatlakozik, ez a mobilk\u00e1rtya stabil kapcsolatot \u00e9s hat\u00e9kony adat\u00e1tvitelt biztos\u00edt a nagy sebess\u00e9g\u0171 4G LTE h\u00e1l\u00f3zaton kereszt\u00fcl. A WWAN (Wireless Wide Area Network) funkci\u00f3k t\u00e1mogat\u00e1s\u00e1val megb\u00edzhat\u00f3 megold\u00e1st k\u00edn\u00e1l k\u00fcl\u00f6nf\u00e9le kommunik\u00e1ci\u00f3s ig\u00e9nyekre.<\/p>\n<p>A telep\u00edt\u00e9s egyszer\u0171, mivel ezt a mobilk\u00e1rty\u00e1t \u00fagy tervezt\u00e9k, hogy illeszkedjen a laptop NGFF (Next Generation Form Factor) foglalat\u00e1ba. Ha eredeti HP alkatr\u00e9szeket v\u00e1laszt, akkor laptopja min\u0151s\u00e9g\u00e9be, megb\u00edzhat\u00f3s\u00e1g\u00e1ba \u00e9s tov\u00e1bbfejlesztett mobilkapcsolati k\u00e9pess\u00e9geibe fektet be.<\/p>\n<p>B\u0151v\u00edtse laptopja csatlakoztathat\u00f3s\u00e1g\u00e1t a HP LT4120 T77W595 NGFF 4G LTE WWAN 800870-001 mobilk\u00e1rty\u00e1val. \u00c9lvezze a gyors \u00e9s megb\u00edzhat\u00f3 vezet\u00e9k n\u00e9lk\u00fcli kommunik\u00e1ci\u00f3t a tov\u00e1bbfejlesztett mobil\u00e9lm\u00e9ny \u00e9rdek\u00e9ben.<\/p>\n<p>V\u00e1s\u00e1rl\u00e1s el\u0151tt ellen\u0151rizze, hogy kompatibilis-e az adott laptopmodellj\u00e9vel.<\/p>\n","protected":false},"excerpt":{"rendered":"<p>B\u0151v\u00edtse laptopja csatlakoztathat\u00f3s\u00e1g\u00e1t a HP LT4120 T77W595 NGFF 4G LTE WWAN 800870-001 mobilk\u00e1rty\u00e1val. \u00c9lvezze a gyors \u00e9s megb\u00edzhat\u00f3 vezet\u00e9k n\u00e9lk\u00fcli kommunik\u00e1ci\u00f3t a tov\u00e1bbfejlesztett mobil\u00e9lm\u00e9ny \u00e9rdek\u00e9ben.<\/p>\n","protected":false},"featured_media":3151,"template":"","meta":[],"product_brand":[],"product_cat":[27],"product_tag":[29],"class_list":{"0":"post-3115","1":"product","2":"type-product","3":"status-publish","4":"has-post-thumbnail","6":"product_cat-motherboards-board-parts","7":"product_tag-acer","9":"first","10":"instock","11":"taxable","12":"shipping-taxable","13":"purchasable","14":"product-type-simple"},"_links":{"self":[{"href":"https:\/\/boreait.com\/hu\/wp-json\/wp\/v2\/product\/3115","targetHints":{"allow":["GET"]}}],"collection":[{"href":"https:\/\/boreait.com\/hu\/wp-json\/wp\/v2\/product"}],"about":[{"href":"https:\/\/boreait.com\/hu\/wp-json\/wp\/v2\/types\/product"}],"wp:featuredmedia":[{"embeddable":true,"href":"https:\/\/boreait.com\/hu\/wp-json\/wp\/v2\/media\/3151"}],"wp:attachment":[{"href":"https:\/\/boreait.com\/hu\/wp-json\/wp\/v2\/media?parent=3115"}],"wp:term":[{"taxonomy":"product_brand","embeddable":true,"href":"https:\/\/boreait.com\/hu\/wp-json\/wp\/v2\/product_brand?post=3115"},{"taxonomy":"product_cat","embeddable":true,"href":"https:\/\/boreait.com\/hu\/wp-json\/wp\/v2\/product_cat?post=3115"},{"taxonomy":"product_tag","embeddable":true,"href":"https:\/\/boreait.com\/hu\/wp-json\/wp\/v2\/product_tag?post=3115"}],"curies":[{"name":"wp","href":"https:\/\/api.w.org\/{rel}","templated":true}]}}