{"id":3111,"date":"2025-09-17T10:33:27","date_gmt":"2025-09-17T08:33:27","guid":{"rendered":"https:\/\/boreait.com\/hu\/?post_type=product&#038;p=3111"},"modified":"2026-01-14T09:10:59","modified_gmt":"2026-01-14T08:10:59","slug":"hp-elitebook-2540p-modemkartya-628824-001-kabellel","status":"publish","type":"product","link":"https:\/\/boreait.com\/hu\/termek\/hp-elitebook-2540p-modemkartya-628824-001-kabellel\/","title":{"rendered":"HP EliteBook 2540p modemk\u00e1rtya 628824-001 k\u00e1bellel"},"content":{"rendered":"<p>N\u00f6velje HP EliteBook 2540p laptopja kommunik\u00e1ci\u00f3s k\u00e9pess\u00e9geit a 628824-001 k\u00e1bellel ell\u00e1tott HP EliteBook 2540p modemk\u00e1rty\u00e1val. Megb\u00edzhat\u00f3 modemfunkci\u00f3kat \u00e9s z\u00f6kken\u0151mentes csatlakoz\u00e1st biztos\u00edt\u00f3 modemk\u00e1rtya- \u00e9s k\u00e1belszerelv\u00e9ny hiteles \u00e9s megb\u00edzhat\u00f3 megold\u00e1st k\u00edn\u00e1l a jobb h\u00e1l\u00f3zati \u00e9s online hozz\u00e1f\u00e9r\u00e9shez.<\/p>\n<p>A HP, a sz\u00e1m\u00edt\u00e1stechnikai \u00e9s kommunik\u00e1ci\u00f3s technol\u00f3gia egyik megb\u00edzhat\u00f3 vezet\u0151 gy\u00e1rt\u00f3ja, a 628824-001 k\u00e1bellel ell\u00e1tott HP EliteBook 2540p modemk\u00e1rty\u00e1t apr\u00f3l\u00e9kosan \u00fagy tervezt\u00e9k, hogy z\u00f6kken\u0151mentesen illeszkedjen a laptop kialak\u00edt\u00e1s\u00e1ba. A megb\u00edzhat\u00f3 h\u00e1l\u00f3zati kapcsolatok kritikus elemek\u00e9nt ez az \u00f6ssze\u00e1ll\u00edt\u00e1s gyakorlati el\u0151ny\u00f6ket \u00e9s jobb haszn\u00e1lhat\u00f3s\u00e1got k\u00edn\u00e1l.<\/p>\n<p>Ak\u00e1r az internethez csatlakozik, ak\u00e1r e-maileket k\u00fcld, ak\u00e1r online forr\u00e1sokhoz f\u00e9r hozz\u00e1, ez a modemk\u00e1rtya \u00e9s k\u00e1belszerelv\u00e9ny stabil kapcsolatot \u00e9s megb\u00edzhat\u00f3 adat\u00e1tvitelt biztos\u00edt. A modem funkci\u00f3k t\u00e1mogat\u00e1s\u00e1val megb\u00edzhat\u00f3 megold\u00e1st k\u00edn\u00e1l k\u00fcl\u00f6nf\u00e9le kommunik\u00e1ci\u00f3s ig\u00e9nyekre.<\/p>\n<p>A mell\u00e9kelt k\u00e1bel biztons\u00e1gos \u00e9s megfelel\u0151 kapcsolatot biztos\u00edt a modemk\u00e1rtya \u00e9s a laptop bels\u0151 r\u00e9szei k\u00f6z\u00f6tt, tov\u00e1bb jav\u00edtva a szerelv\u00e9ny funkcionalit\u00e1s\u00e1t.<\/p>\n<p>A telep\u00edt\u00e9s egyszer\u0171, mivel ezt a modemk\u00e1rty\u00e1t \u00e9s k\u00e1belt \u00fagy tervezt\u00e9k, hogy gond n\u00e9lk\u00fcl lecser\u00e9lje a laptop megl\u00e9v\u0151 modem hardver\u00e9t. Ha eredeti HP alkatr\u00e9szeket v\u00e1laszt, akkor laptopja min\u0151s\u00e9g\u00e9be, megb\u00edzhat\u00f3s\u00e1g\u00e1ba \u00e9s tov\u00e1bbfejlesztett h\u00e1l\u00f3zati k\u00e9pess\u00e9geibe fektet be.<\/p>\n<p>Friss\u00edtse HP EliteBook 2540p laptopja kommunik\u00e1ci\u00f3s k\u00e9pess\u00e9geit a 628824-001 k\u00e1bellel ell\u00e1tott HP EliteBook 2540p modemk\u00e1rty\u00e1val. \u00c9lvezze a stabil kapcsolatot \u00e9s a megb\u00edzhat\u00f3 modemfunkci\u00f3kat a tov\u00e1bbfejlesztett online \u00e9lm\u00e9ny \u00e9rdek\u00e9ben.<\/p>\n<p>V\u00e1s\u00e1rl\u00e1s el\u0151tt ellen\u0151rizze, hogy kompatibilis-e az adott laptopmodellj\u00e9vel.<\/p>\n","protected":false},"excerpt":{"rendered":"<p>B\u0151v\u00edtse HP EliteBook 2540p laptopja kommunik\u00e1ci\u00f3s k\u00e9pess\u00e9geit a 628824-001 k\u00e1bellel ell\u00e1tott HP EliteBook 2540p modemk\u00e1rty\u00e1val. \u00c9lvezze a stabil kapcsolatot \u00e9s a megb\u00edzhat\u00f3 modemfunkci\u00f3kat a tov\u00e1bbfejlesztett online \u00e9lm\u00e9ny \u00e9rdek\u00e9ben.<\/p>\n","protected":false},"featured_media":3147,"template":"","meta":[],"product_brand":[],"product_cat":[27],"product_tag":[25],"class_list":{"0":"post-3111","1":"product","2":"type-product","3":"status-publish","4":"has-post-thumbnail","6":"product_cat-motherboards-board-parts","7":"product_tag-hp","9":"first","10":"instock","11":"taxable","12":"shipping-taxable","13":"purchasable","14":"product-type-simple"},"_links":{"self":[{"href":"https:\/\/boreait.com\/hu\/wp-json\/wp\/v2\/product\/3111","targetHints":{"allow":["GET"]}}],"collection":[{"href":"https:\/\/boreait.com\/hu\/wp-json\/wp\/v2\/product"}],"about":[{"href":"https:\/\/boreait.com\/hu\/wp-json\/wp\/v2\/types\/product"}],"wp:featuredmedia":[{"embeddable":true,"href":"https:\/\/boreait.com\/hu\/wp-json\/wp\/v2\/media\/3147"}],"wp:attachment":[{"href":"https:\/\/boreait.com\/hu\/wp-json\/wp\/v2\/media?parent=3111"}],"wp:term":[{"taxonomy":"product_brand","embeddable":true,"href":"https:\/\/boreait.com\/hu\/wp-json\/wp\/v2\/product_brand?post=3111"},{"taxonomy":"product_cat","embeddable":true,"href":"https:\/\/boreait.com\/hu\/wp-json\/wp\/v2\/product_cat?post=3111"},{"taxonomy":"product_tag","embeddable":true,"href":"https:\/\/boreait.com\/hu\/wp-json\/wp\/v2\/product_tag?post=3111"}],"curies":[{"name":"wp","href":"https:\/\/api.w.org\/{rel}","templated":true}]}}