{"id":3110,"date":"2025-09-17T10:33:27","date_gmt":"2025-09-17T08:33:27","guid":{"rendered":"https:\/\/boreait.com\/hu\/?post_type=product&#038;p=3110"},"modified":"2026-01-07T09:34:25","modified_gmt":"2026-01-07T08:34:25","slug":"hp-461749-001-compaq-notebook-agere-modem-d40-kartyaadapter-nics-kartya","status":"publish","type":"product","link":"https:\/\/boreait.com\/hu\/termek\/hp-461749-001-compaq-notebook-agere-modem-d40-kartyaadapter-nics-kartya\/","title":{"rendered":"HP 461749-001 Compaq notebook Agere Modem D40 k\u00e1rtyaadapter nics k\u00e1rtya"},"content":{"rendered":"<p>N\u00f6velje laptopja kommunik\u00e1ci\u00f3s k\u00e9pess\u00e9geit a HP 461749-001 Compaq notebook Agere Modem D40 k\u00e1rtyaadapter k\u00e1rty\u00e1val. A megb\u00edzhat\u00f3 modem \u00e9s h\u00e1l\u00f3zati funkci\u00f3k biztos\u00edt\u00e1s\u00e1ra tervezett k\u00e1rtyaadapter k\u00e1rtya hiteles \u00e9s megb\u00edzhat\u00f3 megold\u00e1st k\u00edn\u00e1l a jobb csatlakoz\u00e1shoz \u00e9s online hozz\u00e1f\u00e9r\u00e9shez.<\/p>\n<p>A HP \u00e1ltal gy\u00e1rtott, megb\u00edzhat\u00f3 n\u00e9v a sz\u00e1m\u00edt\u00e1si \u00e9s kommunik\u00e1ci\u00f3s technol\u00f3gi\u00e1ban, a HP 461749-001 Compaq Notebook Agere Modem D40 k\u00e1rtyaadapter Nic Board k\u00e1rty\u00e1t apr\u00f3l\u00e9kosan \u00fagy tervezt\u00e9k, hogy z\u00f6kken\u0151mentesen integr\u00e1l\u00f3djon a kompatibilis laptophoz. A megb\u00edzhat\u00f3 kommunik\u00e1ci\u00f3 kritikus elemek\u00e9nt ez a t\u00e1bla gyakorlati el\u0151ny\u00f6ket \u00e9s jobb haszn\u00e1lhat\u00f3s\u00e1got k\u00edn\u00e1l.<\/p>\n<p>Ak\u00e1r az internethez kell csatlakoznia, ak\u00e1r e-maileket kell k\u00fcldenie, ak\u00e1r online forr\u00e1sokhoz kell hozz\u00e1f\u00e9rnie, ez a k\u00e1rtyaadapterk\u00e1rtya stabil kapcsolatot \u00e9s megb\u00edzhat\u00f3 adat\u00e1tvitelt biztos\u00edt. A modem \u00e9s a h\u00e1l\u00f3zati funkci\u00f3k t\u00e1mogat\u00e1s\u00e1val sokoldal\u00fa megold\u00e1st k\u00edn\u00e1l k\u00fcl\u00f6nf\u00e9le kommunik\u00e1ci\u00f3s ig\u00e9nyekre.<\/p>\n<p>A mell\u00e9kelt Agere Modem D40 k\u00e1rtyaadapter biztos\u00edtja a modem \u00e9s a h\u00e1l\u00f3zati funkci\u00f3k z\u00f6kken\u0151mentes integr\u00e1ci\u00f3j\u00e1t egyetlen kompakt megold\u00e1sban. Ez a kett\u0151s funkcionalit\u00e1s k\u00fcl\u00f6n\u00f6sen olyan laptopok eset\u00e9ben hasznos, ahol korl\u00e1tozott a hely.<\/p>\n<p>A telep\u00edt\u00e9s egyszer\u0171, mivel ezt a k\u00e1rtyaadaptert \u00fagy tervezt\u00e9k, hogy helyettes\u00edtse vagy b\u0151v\u00edtse laptopja kommunik\u00e1ci\u00f3s k\u00e9pess\u00e9geit. Ha eredeti HP alkatr\u00e9szeket v\u00e1laszt, akkor laptopja min\u0151s\u00e9g\u00e9be, megb\u00edzhat\u00f3s\u00e1g\u00e1ba \u00e9s tov\u00e1bbfejlesztett kommunik\u00e1ci\u00f3s k\u00e9pess\u00e9geibe fektet be.<\/p>\n<p>Friss\u00edtse laptopja kommunik\u00e1ci\u00f3s k\u00e9pess\u00e9geit a HP 461749-001 Compaq notebook Agere Modem D40 k\u00e1rtyaadapter k\u00e1rty\u00e1val. \u00c9lvezze a stabil kapcsolatot \u00e9s a sokoldal\u00fa kommunik\u00e1ci\u00f3s funkcionalit\u00e1st a tov\u00e1bbfejlesztett online \u00e9lm\u00e9ny \u00e9rdek\u00e9ben.<\/p>\n<p>V\u00e1s\u00e1rl\u00e1s el\u0151tt ellen\u0151rizze, hogy kompatibilis-e az adott laptopmodellj\u00e9vel.<\/p>\n","protected":false},"excerpt":{"rendered":"<p>B\u0151v\u00edtse laptopja kommunik\u00e1ci\u00f3s k\u00e9pess\u00e9geit a HP 461749-001 Compaq notebook Agere Modem D40 k\u00e1rtyaadapter k\u00e1rty\u00e1val. \u00c9lvezze a stabil kapcsolatot \u00e9s a sokoldal\u00fa kommunik\u00e1ci\u00f3s funkcionalit\u00e1st a tov\u00e1bbfejlesztett online \u00e9lm\u00e9ny \u00e9rdek\u00e9ben.<\/p>\n","protected":false},"featured_media":3137,"template":"","meta":[],"product_brand":[],"product_cat":[27],"product_tag":[25],"class_list":{"0":"post-3110","1":"product","2":"type-product","3":"status-publish","4":"has-post-thumbnail","6":"product_cat-motherboards-board-parts","7":"product_tag-hp","9":"first","10":"instock","11":"taxable","12":"shipping-taxable","13":"purchasable","14":"product-type-simple"},"_links":{"self":[{"href":"https:\/\/boreait.com\/hu\/wp-json\/wp\/v2\/product\/3110","targetHints":{"allow":["GET"]}}],"collection":[{"href":"https:\/\/boreait.com\/hu\/wp-json\/wp\/v2\/product"}],"about":[{"href":"https:\/\/boreait.com\/hu\/wp-json\/wp\/v2\/types\/product"}],"wp:featuredmedia":[{"embeddable":true,"href":"https:\/\/boreait.com\/hu\/wp-json\/wp\/v2\/media\/3137"}],"wp:attachment":[{"href":"https:\/\/boreait.com\/hu\/wp-json\/wp\/v2\/media?parent=3110"}],"wp:term":[{"taxonomy":"product_brand","embeddable":true,"href":"https:\/\/boreait.com\/hu\/wp-json\/wp\/v2\/product_brand?post=3110"},{"taxonomy":"product_cat","embeddable":true,"href":"https:\/\/boreait.com\/hu\/wp-json\/wp\/v2\/product_cat?post=3110"},{"taxonomy":"product_tag","embeddable":true,"href":"https:\/\/boreait.com\/hu\/wp-json\/wp\/v2\/product_tag?post=3110"}],"curies":[{"name":"wp","href":"https:\/\/api.w.org\/{rel}","templated":true}]}}