{"id":3109,"date":"2025-09-17T10:33:27","date_gmt":"2025-09-17T08:33:27","guid":{"rendered":"https:\/\/boreait.com\/hu\/?post_type=product&#038;p=3109"},"modified":"2026-01-07T09:34:12","modified_gmt":"2026-01-07T08:34:12","slug":"conexant-rd02-d110-3652b-rd02d110-mini-pci-betarcsazos-modem-56k","status":"publish","type":"product","link":"https:\/\/boreait.com\/hu\/termek\/conexant-rd02-d110-3652b-rd02d110-mini-pci-betarcsazos-modem-56k\/","title":{"rendered":"Conexant RD02-D110 3652B-RD02D110 Mini PCI bet\u00e1rcs\u00e1z\u00f3s modem 56K"},"content":{"rendered":"<p>B\u0151v\u00edtse csatlakoz\u00e1si lehet\u0151s\u00e9geit a Conexant RD02-D110 3652B-RD02D110 Mini PCI Dial Up Modem 56K seg\u00edts\u00e9g\u00e9vel. Megb\u00edzhat\u00f3 bet\u00e1rcs\u00e1z\u00f3s modemfunkci\u00f3kat \u00e9s z\u00f6kken\u0151mentes csatlakoz\u00e1st biztos\u00edt\u00f3 mini PCI modem hiteles \u00e9s megb\u00edzhat\u00f3 megold\u00e1st k\u00edn\u00e1l a tov\u00e1bbfejlesztett h\u00e1l\u00f3zati k\u00e9pess\u00e9gekhez \u00e9s az online hozz\u00e1f\u00e9r\u00e9shez.<\/p>\n<p>A Conexant, a kommunik\u00e1ci\u00f3s technol\u00f3gia megb\u00edzhat\u00f3 neve, magas k\u00f6vetelm\u00e9nyeinek megfelel\u0151en gy\u00e1rtott Conexant RD02-D110 3652B-RD02D110 Mini PCI Dial Up Modem 56K apr\u00f3l\u00e9kosan \u00fagy lett megtervezve, hogy z\u00f6kken\u0151mentesen integr\u00e1lhat\u00f3 legyen a kompatibilis eszk\u00f6zzel. A megb\u00edzhat\u00f3 h\u00e1l\u00f3zati kapcsolatok kritikus elemek\u00e9nt ez a modem gyakorlati el\u0151ny\u00f6ket \u00e9s jobb haszn\u00e1lhat\u00f3s\u00e1got k\u00edn\u00e1l.<\/p>\n<p>Ak\u00e1r korl\u00e1tozott sz\u00e9less\u00e1v\u00fa hozz\u00e1f\u00e9r\u00e9ssel rendelkez\u0151 ter\u00fcleten tart\u00f3zkodik, ak\u00e1r tartal\u00e9k internetkapcsolatra van sz\u00fcks\u00e9ge, ez a bet\u00e1rcs\u00e1z\u00f3s modem stabil kapcsolatot \u00e9s megb\u00edzhat\u00f3 adat\u00e1tvitelt biztos\u00edt. Az 56K-ig terjed\u0151 sebess\u00e9g t\u00e1mogat\u00e1s\u00e1val megb\u00edzhat\u00f3 lehet\u0151s\u00e9get biztos\u00edt az internethez val\u00f3 csatlakoz\u00e1shoz, e-mailek k\u00fcld\u00e9s\u00e9hez vagy online forr\u00e1sok el\u00e9r\u00e9s\u00e9hez.<\/p>\n<p>A mell\u00e9kelt mini PCI form\u00e1tum k\u00f6nny\u0171 integr\u00e1ci\u00f3t biztos\u00edt a kompatibilis eszk\u00f6z\u00f6kkel, \u00edgy alkalmas laptopokhoz \u00e9s m\u00e1s, ezt az interf\u00e9szt t\u00e1mogat\u00f3 rendszerekhez.<\/p>\n<p>A telep\u00edt\u00e9s egyszer\u0171, mivel ezt a mini PCI modemet \u00fagy tervezt\u00e9k, hogy helyettes\u00edtse vagy b\u0151v\u00edtse eszk\u00f6ze h\u00e1l\u00f3zati k\u00e9pess\u00e9geit. Ha autentikus Conexant alkatr\u00e9szeket v\u00e1laszt, akkor eszk\u00f6ze min\u0151s\u00e9g\u00e9be, megb\u00edzhat\u00f3s\u00e1g\u00e1ba \u00e9s tov\u00e1bbfejlesztett h\u00e1l\u00f3zati k\u00e9pess\u00e9geibe fektet be.<\/p>\n<p>Friss\u00edtse eszk\u00f6ze h\u00e1l\u00f3zati k\u00e9pess\u00e9geit a Conexant RD02-D110 3652B-RD02D110 Mini PCI bet\u00e1rcs\u00e1z\u00f3s 56K modemmel. \u00c9lvezze a stabil kapcsolatot \u00e9s a megb\u00edzhat\u00f3 modemfunkci\u00f3kat a tov\u00e1bbfejlesztett online \u00e9lm\u00e9ny \u00e9rdek\u00e9ben, k\u00fcl\u00f6n\u00f6sen a korl\u00e1tozott sz\u00e9less\u00e1v\u00fa hozz\u00e1f\u00e9r\u00e9ssel rendelkez\u0151 ter\u00fcleteken.<\/p>\n<p>V\u00e1s\u00e1rl\u00e1s el\u0151tt ellen\u0151rizze a kompatibilit\u00e1st az adott eszk\u00f6zzel.<\/p>\n","protected":false},"excerpt":{"rendered":"<p>B\u0151v\u00edtse eszk\u00f6ze h\u00e1l\u00f3zati k\u00e9pess\u00e9geit a Conexant RD02-D110 3652B-RD02D110 Mini PCI bet\u00e1rcs\u00e1z\u00f3s 56K modemmel. \u00c9lvezze a stabil kapcsolatot \u00e9s a megb\u00edzhat\u00f3 modemfunkci\u00f3kat a tov\u00e1bbfejlesztett online \u00e9lm\u00e9ny \u00e9rdek\u00e9ben, k\u00fcl\u00f6n\u00f6sen a korl\u00e1tozott sz\u00e9less\u00e1v\u00fa hozz\u00e1f\u00e9r\u00e9ssel rendelkez\u0151 ter\u00fcleteken.<\/p>\n","protected":false},"featured_media":3136,"template":"","meta":[],"product_brand":[],"product_cat":[27],"product_tag":[],"class_list":{"0":"post-3109","1":"product","2":"type-product","3":"status-publish","4":"has-post-thumbnail","6":"product_cat-motherboards-board-parts","8":"first","9":"instock","10":"taxable","11":"shipping-taxable","12":"purchasable","13":"product-type-simple"},"_links":{"self":[{"href":"https:\/\/boreait.com\/hu\/wp-json\/wp\/v2\/product\/3109","targetHints":{"allow":["GET"]}}],"collection":[{"href":"https:\/\/boreait.com\/hu\/wp-json\/wp\/v2\/product"}],"about":[{"href":"https:\/\/boreait.com\/hu\/wp-json\/wp\/v2\/types\/product"}],"wp:featuredmedia":[{"embeddable":true,"href":"https:\/\/boreait.com\/hu\/wp-json\/wp\/v2\/media\/3136"}],"wp:attachment":[{"href":"https:\/\/boreait.com\/hu\/wp-json\/wp\/v2\/media?parent=3109"}],"wp:term":[{"taxonomy":"product_brand","embeddable":true,"href":"https:\/\/boreait.com\/hu\/wp-json\/wp\/v2\/product_brand?post=3109"},{"taxonomy":"product_cat","embeddable":true,"href":"https:\/\/boreait.com\/hu\/wp-json\/wp\/v2\/product_cat?post=3109"},{"taxonomy":"product_tag","embeddable":true,"href":"https:\/\/boreait.com\/hu\/wp-json\/wp\/v2\/product_tag?post=3109"}],"curies":[{"name":"wp","href":"https:\/\/api.w.org\/{rel}","templated":true}]}}