{"id":3108,"date":"2025-09-17T10:33:27","date_gmt":"2025-09-17T08:33:27","guid":{"rendered":"https:\/\/boreait.com\/hu\/?post_type=product&#038;p=3108"},"modified":"2025-09-17T10:33:45","modified_gmt":"2025-09-17T08:33:45","slug":"lemezmodem-t60m955-00-ccab06m10010t1-hordozhato-acer-aspire-5738z-kartya","status":"publish","type":"product","link":"https:\/\/boreait.com\/hu\/termek\/lemezmodem-t60m955-00-ccab06m10010t1-hordozhato-acer-aspire-5738z-kartya\/","title":{"rendered":"Lemezmodem T60M955.00+ CCAB06M10010T1 hordozhat\u00f3 Acer Aspire 5738Z k\u00e1rtya"},"content":{"rendered":"<p>Fokozza az Acer Aspire 5738Z laptop csatlakoztathat\u00f3s\u00e1g\u00e1t a T60M955.00+ lemezmodem CCAB06M10010T1 hordozhat\u00f3 k\u00e1bellel. Megb\u00edzhat\u00f3 modemfunkci\u00f3kat \u00e9s z\u00f6kken\u0151mentes csatlakoztathat\u00f3s\u00e1got biztos\u00edt\u00f3 modemlemez-szerelv\u00e9ny hiteles \u00e9s megb\u00edzhat\u00f3 megold\u00e1st k\u00edn\u00e1l a tov\u00e1bbfejlesztett h\u00e1l\u00f3zati k\u00e9pess\u00e9gekhez \u00e9s az online hozz\u00e1f\u00e9r\u00e9shez.<\/p>\n<p>Az Acer \u2013 a sz\u00e1m\u00edt\u00e1stechnik\u00e1ban megb\u00edzhat\u00f3 n\u00e9v \u2013 magas k\u00f6vetelm\u00e9nyeinek megfelel\u0151en gy\u00e1rtott T60M955.00+ CCAB06M10010T1 hordozhat\u00f3 lemezmodem k\u00e1belt apr\u00f3l\u00e9kosan \u00fagy tervezt\u00e9k, hogy z\u00f6kken\u0151mentesen illeszkedjen a laptop kialak\u00edt\u00e1s\u00e1ba. A megb\u00edzhat\u00f3 h\u00e1l\u00f3zati kapcsolatok kritikus elemek\u00e9nt ez a modemlemez-szerelv\u00e9ny gyakorlati el\u0151ny\u00f6ket \u00e9s jobb haszn\u00e1lhat\u00f3s\u00e1got k\u00edn\u00e1l.<\/p>\n<p>Ak\u00e1r az internethez csatlakozik, ak\u00e1r e-maileket k\u00fcld, ak\u00e1r online forr\u00e1sokhoz f\u00e9r hozz\u00e1, ez a modemegys\u00e9g stabil kapcsolatot \u00e9s megb\u00edzhat\u00f3 adat\u00e1tvitelt biztos\u00edt. Kiv\u00e1l\u00f3 min\u0151s\u00e9g\u0171 fel\u00e9p\u00edt\u00e9se megb\u00edzhat\u00f3 teljes\u00edtm\u00e9nyt garant\u00e1l, jav\u00edtva laptopja \u00e1ltal\u00e1nos h\u00e1l\u00f3zati k\u00e9pess\u00e9geit.<\/p>\n<p>A mell\u00e9kelt CCAB06M10010T1 k\u00e1bel biztons\u00e1gos \u00e9s megfelel\u0151 kapcsolatot biztos\u00edt a modemlemez \u00e9s a laptop bels\u0151 elemei k\u00f6z\u00f6tt, tov\u00e1bb jav\u00edtva a szerelv\u00e9ny funkcionalit\u00e1s\u00e1t.<\/p>\n<p>A telep\u00edt\u00e9s egyszer\u0171, mivel ezt a modemlemez-szerelv\u00e9nyt arra tervezt\u00e9k, hogy gond n\u00e9lk\u00fcl lecser\u00e9lje a laptop megl\u00e9v\u0151 modem hardver\u00e9t.\u00a0 Ha autentikus Acer alkatr\u00e9szeket v\u00e1laszt, akkor laptopja min\u0151s\u00e9g\u00e9be, megb\u00edzhat\u00f3s\u00e1g\u00e1ba \u00e9s tov\u00e1bbfejlesztett h\u00e1l\u00f3zati k\u00e9pess\u00e9geibe fektet be.<\/p>\n<p>Friss\u00edtse Acer Aspire 5738Z laptopja h\u00e1l\u00f3zati k\u00e9pess\u00e9geit a T60M955.00+ lemezmodem CCAB06M10010T1 hordozhat\u00f3 k\u00e1bellel. \u00c9lvezze a stabil kapcsolatot \u00e9s a megb\u00edzhat\u00f3 modemfunkci\u00f3kat a tov\u00e1bbfejlesztett online \u00e9lm\u00e9ny \u00e9rdek\u00e9ben.<\/p>\n<p>V\u00e1s\u00e1rl\u00e1s el\u0151tt ellen\u0151rizze, hogy kompatibilis-e az adott laptopmodellj\u00e9vel.<\/p>\n","protected":false},"excerpt":{"rendered":"<p>B\u0151v\u00edtse Acer Aspire 5738Z laptopja h\u00e1l\u00f3zati k\u00e9pess\u00e9geit a T60M955.00+ lemezmodem CCAB06M10010T1 hordozhat\u00f3 k\u00e1bellel. \u00c9lvezze a stabil kapcsolatot \u00e9s a megb\u00edzhat\u00f3 modemfunkci\u00f3kat a tov\u00e1bbfejlesztett online \u00e9lm\u00e9ny \u00e9rdek\u00e9ben.<\/p>\n","protected":false},"featured_media":3135,"template":"","meta":[],"product_brand":[],"product_cat":[27],"product_tag":[29],"class_list":{"0":"post-3108","1":"product","2":"type-product","3":"status-publish","4":"has-post-thumbnail","6":"product_cat-motherboards-board-parts","7":"product_tag-acer","9":"first","10":"instock","11":"taxable","12":"shipping-taxable","13":"purchasable","14":"product-type-simple"},"_links":{"self":[{"href":"https:\/\/boreait.com\/hu\/wp-json\/wp\/v2\/product\/3108","targetHints":{"allow":["GET"]}}],"collection":[{"href":"https:\/\/boreait.com\/hu\/wp-json\/wp\/v2\/product"}],"about":[{"href":"https:\/\/boreait.com\/hu\/wp-json\/wp\/v2\/types\/product"}],"wp:featuredmedia":[{"embeddable":true,"href":"https:\/\/boreait.com\/hu\/wp-json\/wp\/v2\/media\/3135"}],"wp:attachment":[{"href":"https:\/\/boreait.com\/hu\/wp-json\/wp\/v2\/media?parent=3108"}],"wp:term":[{"taxonomy":"product_brand","embeddable":true,"href":"https:\/\/boreait.com\/hu\/wp-json\/wp\/v2\/product_brand?post=3108"},{"taxonomy":"product_cat","embeddable":true,"href":"https:\/\/boreait.com\/hu\/wp-json\/wp\/v2\/product_cat?post=3108"},{"taxonomy":"product_tag","embeddable":true,"href":"https:\/\/boreait.com\/hu\/wp-json\/wp\/v2\/product_tag?post=3108"}],"curies":[{"name":"wp","href":"https:\/\/api.w.org\/{rel}","templated":true}]}}