{"id":3104,"date":"2025-09-17T10:33:27","date_gmt":"2025-09-17T08:33:27","guid":{"rendered":"https:\/\/boreait.com\/hu\/?post_type=product&#038;p=3104"},"modified":"2026-01-07T14:45:27","modified_gmt":"2026-01-07T13:45:27","slug":"dummy-ap0tg000800-cd-dvd-lejatszo-ap0tg000800-lenovo-g40-45-hoz","status":"publish","type":"product","link":"https:\/\/boreait.com\/hu\/termek\/dummy-ap0tg000800-cd-dvd-lejatszo-ap0tg000800-lenovo-g40-45-hoz\/","title":{"rendered":"Dummy AP0TG000800 CD\/DVD-lej\u00e1tsz\u00f3 \u2013 AP0TG000800 Lenovo G40-45-h\u00f6z"},"content":{"rendered":"<p>Fokozza Lenovo G40-45 laptopja eszt\u00e9tik\u00e1j\u00e1t, mik\u00f6zben meg\u0151rzi a tiszta \u00e9s professzion\u00e1lis megjelen\u00e9st a Dummy AP0TG000800 CD\/DVD-lej\u00e1tsz\u00f3 bor\u00edt\u00f3val. \u00dagy tervezt\u00e9k, hogy z\u00f6kken\u0151mentesen beleolvadjon a laptop diz\u00e1jnj\u00e1ba, ez a pr\u00f3bahuzat hiteles \u00e9s megb\u00edzhat\u00f3 megold\u00e1st k\u00edn\u00e1l a CD\/DVD-lej\u00e1tsz\u00f3 ny\u00edl\u00e1s elrejt\u00e9s\u00e9re, pol\u00edrozott \u00e9s \u00e1ramvonalas megjelen\u00e9st biztos\u00edtva.<\/p>\n<p>A Lenovo, a sz\u00e1m\u00edt\u00e1stechnika megb\u00edzhat\u00f3 vezet\u0151 gy\u00e1rt\u00f3ja \u00e1ltal gy\u00e1rtott Dummy AP0TG000800 CD\/DVD-lej\u00e1tsz\u00f3 bor\u00edt\u00f3t apr\u00f3l\u00e9kosan kidolgozt\u00e1k, hogy t\u00f6k\u00e9letesen illeszkedjen a laptop diz\u00e1jnj\u00e1hoz. Funkcion\u00e1lis tartoz\u00e9kk\u00e9nt ez a burkolat praktikus el\u0151ny\u00f6ket \u00e9s jobb l\u00e1tv\u00e1nyt ny\u00fajt.<\/p>\n<p>Ak\u00e1r ritk\u00e1n haszn\u00e1lja a CD\/DVD-lej\u00e1tsz\u00f3t, ak\u00e1r \u00e1tt\u00e9rt a digit\u00e1lis m\u00e9di\u00e1ra, ez az \u00e1lbor\u00edt\u00e1s hat\u00e9konyan elfedi a lej\u00e1tsz\u00f3ny\u00edl\u00e1st, mik\u00f6zben jav\u00edtja a laptop megjelen\u00e9s\u00e9t. Kiv\u00e1l\u00f3 min\u0151s\u00e9g\u0171 fel\u00e9p\u00edt\u00e9se z\u00f6kken\u0151mentes illeszked\u00e9st \u00e9s fel\u00fcletet biztos\u00edt, meg\u0151rizve a laptop professzion\u00e1lis megjelen\u00e9s\u00e9t.<\/p>\n<p>A telep\u00edt\u00e9s egyszer\u0171 \u00e9s probl\u00e9mamentes, mivel ezt a pr\u00f3bahuzatot \u00fagy tervezt\u00e9k, hogy biztons\u00e1gosan r\u00f6gz\u00edtse laptopja CD\/DVD-lej\u00e1tsz\u00f3j\u00e1hoz. Ha autentikus Lenovo alkatr\u00e9szeket v\u00e1laszt, akkor laptopja min\u0151s\u00e9g\u00e9be, megb\u00edzhat\u00f3s\u00e1g\u00e1ba \u00e9s tov\u00e1bbfejlesztett eszt\u00e9tik\u00e1j\u00e1ba fektet be.<\/p>\n<p>N\u00f6velje Lenovo G40-45 laptopja vizu\u00e1lis megjelen\u00e9s\u00e9t a Dummy AP0TG000800 CD\/DVD-lej\u00e1tsz\u00f3 bor\u00edt\u00f3val. \u00c9lvezze a tiszta \u00e9s csiszolt megjelen\u00e9st, mik\u00f6zben meg\u0151rzi laptopja CD\/DVD-lej\u00e1tsz\u00f3j\u00e1nak funkcionalit\u00e1s\u00e1t.<\/p>\n<p>V\u00e1s\u00e1rl\u00e1s el\u0151tt ellen\u0151rizze, hogy kompatibilis-e az adott laptopmodellj\u00e9vel.<\/p>\n","protected":false},"excerpt":{"rendered":"<p>Fokozza Lenovo G40-45 laptopja eszt\u00e9tik\u00e1j\u00e1t a Dummy AP0TG000800 CD\/DVD-lej\u00e1tsz\u00f3 bor\u00edt\u00f3val. \u00c9lvezze a tiszta \u00e9s csiszolt megjelen\u00e9st, mik\u00f6zben meg\u0151rzi laptopja CD\/DVD-lej\u00e1tsz\u00f3j\u00e1nak funkcionalit\u00e1s\u00e1t.<\/p>\n","protected":false},"featured_media":3128,"template":"","meta":[],"product_brand":[],"product_cat":[16],"product_tag":[],"class_list":{"0":"post-3104","1":"product","2":"type-product","3":"status-publish","4":"has-post-thumbnail","6":"product_cat-laptop-housing","8":"first","9":"instock","10":"taxable","11":"shipping-taxable","12":"purchasable","13":"product-type-simple"},"_links":{"self":[{"href":"https:\/\/boreait.com\/hu\/wp-json\/wp\/v2\/product\/3104","targetHints":{"allow":["GET"]}}],"collection":[{"href":"https:\/\/boreait.com\/hu\/wp-json\/wp\/v2\/product"}],"about":[{"href":"https:\/\/boreait.com\/hu\/wp-json\/wp\/v2\/types\/product"}],"wp:featuredmedia":[{"embeddable":true,"href":"https:\/\/boreait.com\/hu\/wp-json\/wp\/v2\/media\/3128"}],"wp:attachment":[{"href":"https:\/\/boreait.com\/hu\/wp-json\/wp\/v2\/media?parent=3104"}],"wp:term":[{"taxonomy":"product_brand","embeddable":true,"href":"https:\/\/boreait.com\/hu\/wp-json\/wp\/v2\/product_brand?post=3104"},{"taxonomy":"product_cat","embeddable":true,"href":"https:\/\/boreait.com\/hu\/wp-json\/wp\/v2\/product_cat?post=3104"},{"taxonomy":"product_tag","embeddable":true,"href":"https:\/\/boreait.com\/hu\/wp-json\/wp\/v2\/product_tag?post=3104"}],"curies":[{"name":"wp","href":"https:\/\/api.w.org\/{rel}","templated":true}]}}