{"id":3103,"date":"2025-09-17T10:33:27","date_gmt":"2025-09-17T08:33:27","guid":{"rendered":"https:\/\/boreait.com\/hu\/?post_type=product&#038;p=3103"},"modified":"2026-01-14T09:10:39","modified_gmt":"2026-01-14T08:10:39","slug":"oem-hp-elitebook-8540p-cd-rw-dvd-rw-iro-meghajto-ad-7586h-574285-tc0-594043-001","status":"publish","type":"product","link":"https:\/\/boreait.com\/hu\/termek\/oem-hp-elitebook-8540p-cd-rw-dvd-rw-iro-meghajto-ad-7586h-574285-tc0-594043-001\/","title":{"rendered":"OEM HP Elitebook 8540p CD-RW DVD\/RW \u00edr\u00f3 meghajt\u00f3 AD-7586H 574285-TC0 594043-001"},"content":{"rendered":"<p>Fokozza HP Elitebook 8540p laptopja adatkezel\u00e9si \u00e9s multim\u00e9di\u00e1s k\u00e9pess\u00e9geit az OEM HP Elitebook 8540p CD-RW DVD\/RW \u00edr\u00f3 meghajt\u00f3 AD-7586H 574285-TC0 594043-001 seg\u00edts\u00e9g\u00e9vel. A megb\u00edzhat\u00f3 optikai lemezolvas\u00e1sra \u00e9s -\u00edr\u00e1sra tervezett CD-RW DVD\/RW-\u00edr\u00f3 meghajt\u00f3 hiteles \u00e9s megb\u00edzhat\u00f3 megold\u00e1st k\u00edn\u00e1l k\u00fcl\u00f6nf\u00e9le adatt\u00e1rol\u00e1si \u00e9s sz\u00f3rakoz\u00e1si ig\u00e9nyekhez.<\/p>\n<p>A sz\u00e1m\u00edt\u00e1stechnika tekint\u00e9lyes vezet\u0151 HP-je \u00e1ltal gy\u00e1rtott OEM HP Elitebook 8540p CD-RW DVD\/RW \u00edr\u00f3 AD-7586H 574285-TC0 594043-001 apr\u00f3l\u00e9kosan megtervezett, hogy z\u00f6kken\u0151mentesen illeszkedjen a laptop kialak\u00edt\u00e1s\u00e1ba. A sokoldal\u00fa adatkezel\u00e9s elengedhetetlen elemek\u00e9nt ez a meghajt\u00f3 gyakorlati el\u0151ny\u00f6ket \u00e9s tov\u00e1bbfejlesztett multim\u00e9di\u00e1s funkcionalit\u00e1st k\u00edn\u00e1l.<\/p>\n<p>Ak\u00e1r CD-ket, DVD-ket \u00edr, szoftvereket telep\u00edt, ak\u00e1r filmeket n\u00e9z, ez a CD-RW DVD\/RW-\u00edr\u00f3 meghajt\u00f3 biztos\u00edtja az optikai lemezek hat\u00e9kony olvas\u00e1s\u00e1t \u00e9s \u00edr\u00e1s\u00e1t. Kiv\u00e1l\u00f3 min\u0151s\u00e9g\u0171 fel\u00e9p\u00edt\u00e9se pontos adatt\u00e1rol\u00e1st, g\u00f6rd\u00fcl\u00e9keny lemezlej\u00e1tsz\u00e1st \u00e9s megb\u00edzhat\u00f3 teljes\u00edtm\u00e9nyt garant\u00e1l, jav\u00edtva laptopja \u00e1ltal\u00e1nos haszn\u00e1lhat\u00f3s\u00e1g\u00e1t.<\/p>\n<p>A telep\u00edt\u00e9s egyszer\u0171, mivel ezt a meghajt\u00f3t arra tervezt\u00e9k, hogy gond n\u00e9lk\u00fcl lecser\u00e9lje a laptop megl\u00e9v\u0151 meghajt\u00f3j\u00e1t. Ha eredeti HP alkatr\u00e9szeket v\u00e1laszt, akkor laptopja min\u0151s\u00e9g\u00e9be, megb\u00edzhat\u00f3s\u00e1g\u00e1ba, valamint jobb t\u00e1rol\u00e1si \u00e9s sz\u00f3rakoztat\u00e1si k\u00e9pess\u00e9g\u00e9be fektet be.<\/p>\n<p>Friss\u00edtse HP Elitebook 8540p laptopja optikai lemezes k\u00e9pess\u00e9geit az OEM HP Elitebook 8540p CD-RW DVD\/RW \u00edr\u00f3 meghajt\u00f3 AD-7586H 574285-TC0 594043-001 seg\u00edts\u00e9g\u00e9vel. \u00c9lvezze a hat\u00e9kony adatt\u00e1rol\u00e1st \u00e9s a tov\u00e1bbfejlesztett multim\u00e9di\u00e1s funkcionalit\u00e1st a jobb sz\u00e1m\u00edt\u00e1stechnikai \u00e9lm\u00e9ny \u00e9rdek\u00e9ben.<\/p>\n<p>V\u00e1s\u00e1rl\u00e1s el\u0151tt ellen\u0151rizze, hogy kompatibilis-e az adott laptopmodellj\u00e9vel.<\/p>\n","protected":false},"excerpt":{"rendered":"<p>Fokozza HP Elitebook 8540p laptopja adatkezel\u00e9si \u00e9s multim\u00e9di\u00e1s k\u00e9pess\u00e9geit az OEM HP Elitebook 8540p CD-RW DVD\/RW \u00edr\u00f3 meghajt\u00f3 AD-7586H 574285-TC0 594043-001 seg\u00edts\u00e9g\u00e9vel. \u00c9lvezze a hat\u00e9kony adatt\u00e1rol\u00e1st \u00e9s a tov\u00e1bbfejlesztett optikai lemezfunkci\u00f3kat a jobb sz\u00e1m\u00edt\u00e1stechnikai \u00e9lm\u00e9ny \u00e9rdek\u00e9ben.<\/p>\n","protected":false},"featured_media":3126,"template":"","meta":[],"product_brand":[],"product_cat":[27],"product_tag":[25],"class_list":{"0":"post-3103","1":"product","2":"type-product","3":"status-publish","4":"has-post-thumbnail","6":"product_cat-motherboards-board-parts","7":"product_tag-hp","9":"first","10":"instock","11":"taxable","12":"shipping-taxable","13":"purchasable","14":"product-type-simple"},"_links":{"self":[{"href":"https:\/\/boreait.com\/hu\/wp-json\/wp\/v2\/product\/3103","targetHints":{"allow":["GET"]}}],"collection":[{"href":"https:\/\/boreait.com\/hu\/wp-json\/wp\/v2\/product"}],"about":[{"href":"https:\/\/boreait.com\/hu\/wp-json\/wp\/v2\/types\/product"}],"wp:featuredmedia":[{"embeddable":true,"href":"https:\/\/boreait.com\/hu\/wp-json\/wp\/v2\/media\/3126"}],"wp:attachment":[{"href":"https:\/\/boreait.com\/hu\/wp-json\/wp\/v2\/media?parent=3103"}],"wp:term":[{"taxonomy":"product_brand","embeddable":true,"href":"https:\/\/boreait.com\/hu\/wp-json\/wp\/v2\/product_brand?post=3103"},{"taxonomy":"product_cat","embeddable":true,"href":"https:\/\/boreait.com\/hu\/wp-json\/wp\/v2\/product_cat?post=3103"},{"taxonomy":"product_tag","embeddable":true,"href":"https:\/\/boreait.com\/hu\/wp-json\/wp\/v2\/product_tag?post=3103"}],"curies":[{"name":"wp","href":"https:\/\/api.w.org\/{rel}","templated":true}]}}