{"id":310,"date":"2025-09-17T09:23:37","date_gmt":"2025-09-17T07:23:37","guid":{"rendered":"https:\/\/boreait.com\/hu\/?post_type=product&#038;p=310"},"modified":"2026-01-13T17:32:26","modified_gmt":"2026-01-13T16:32:26","slug":"samsung-m471b5773chs-ch9-2gb-1rx8-pc3-10600s-09-10-zzz","status":"publish","type":"product","link":"https:\/\/boreait.com\/hu\/termek\/samsung-m471b5773chs-ch9-2gb-1rx8-pc3-10600s-09-10-zzz\/","title":{"rendered":"Samsung M471B5773CHS-CH9 2GB 1Rx8 PC3-10600S-09-10-ZZZ"},"content":{"rendered":"<p>A Samsung M471B5773CHS-CH9 2GB 1Rx8 PC3-10600S-09-10-ZZZ RAM modul egy megb\u00edzhat\u00f3 \u00e9s nagy teljes\u00edtm\u00e9ny\u0171 mem\u00f3riakomponens, amelyet sz\u00e1m\u00edt\u00f3g\u00e9pe rendszer\u00e9nek teljes\u00edtm\u00e9ny\u00e9nek jav\u00edt\u00e1s\u00e1ra terveztek. 2 GB kapacit\u00e1s\u00e1val \u00e9s 1Rx8 konfigur\u00e1ci\u00f3j\u00e1val elegend\u0151 t\u00e1rhelyet biztos\u00edt a z\u00f6kken\u0151mentes t\u00f6bbfeladatos munkav\u00e9gz\u00e9shez \u00e9s a hat\u00e9kony adatkezel\u00e9shez.<\/p>\n<p>A PC3-10600S-09-10-ZZZ sebess\u00e9ggel m\u0171k\u00f6d\u0151 RAM-modul gyors \u00e9s megb\u00edzhat\u00f3 adatfeldolgoz\u00e1st tesz lehet\u0151v\u00e9, lehet\u0151v\u00e9 t\u00e9ve az alkalmaz\u00e1sok \u00e9s feladatok z\u00f6kken\u0151mentes v\u00e9grehajt\u00e1s\u00e1t. Sz\u00e1mos sz\u00e1m\u00edt\u00f3g\u00e9pes rendszerrel kompatibilis, \u00e9s k\u00fcl\u00f6n\u00f6sen alkalmas laptopokhoz \u00e9s notebookokhoz.<\/p>\n<p>A Samsung M471B5773CHS-CH9 RAM modult szigor\u00fa tesztel\u00e9snek vetett\u00e9k al\u00e1 min\u0151s\u00e9g\u00e9nek \u00e9s megb\u00edzhat\u00f3s\u00e1g\u00e1nak biztos\u00edt\u00e1sa \u00e9rdek\u00e9ben. Megfelel az ipari szabv\u00e1nyoknak, garant\u00e1lva a stabil teljes\u00edtm\u00e9nyt \u00e9s a k\u00fcl\u00f6nb\u00f6z\u0151 sz\u00e1m\u00edt\u00e1si k\u00f6rnyezetekkel val\u00f3 kompatibilit\u00e1st.<\/p>\n<p>Ha rendszer\u00e9t a Samsung M471B5773CHS-CH9 2GB 1Rx8 PC3-10600S-09-10-ZZZ RAM modullal friss\u00edti, jobb teljes\u00edtm\u00e9nyt \u00e9s reakci\u00f3k\u00e9pess\u00e9get tapasztalhat. F\u00fcggetlen\u00fcl att\u00f3l, hogy er\u0151forr\u00e1sig\u00e9nyes alkalmaz\u00e1sokat futtat, multim\u00e9di\u00e1s tartalmat szerkeszt vagy t\u00f6bbfeladatos munk\u00e1t v\u00e9gez, ez a RAM-modul megadja a sz\u00fcks\u00e9ges l\u00f6k\u00e9st a sz\u00e1m\u00edt\u00e1stechnikai \u00e9lm\u00e9ny optimaliz\u00e1l\u00e1s\u00e1hoz.<\/p>\n","protected":false},"excerpt":{"rendered":"<div class=\"group w-full text-gray-800 dark:text-gray-100 border-b border-black\/10 dark:border-gray-900\/50 bg-gray-50 dark:bg-[#444654]\">\n<div class=\"flex p-4 gap-4 text-base md:gap-6 md:max-w-2xl lg:max-w-[38rem] xl:max-w-3xl md:py-6 lg:px-0 m-auto\">\n<div class=\"relat\u00edv flex w-[calc(100%-50px)] flex-col gap-1 md:gap-3 lg:w-[calc(100%-115px)]\">\n<div class=\"flex flex-grow flex-col gap-3\">\n<div class=\"min-h-[20px] flex flex-col items-start gap-4 whitespace-pre-wrap break-words\">\n<div class=\"markdown prose w-full break-words dark:prose-invert light\">\n<p>A Samsung M471B5773CHS-CH9 2GB 1Rx8 PC3-10600S-09-10-ZZZ RAM modul egy megb\u00edzhat\u00f3 \u00e9s nagy teljes\u00edtm\u00e9ny\u0171 mem\u00f3riakomponens, amelyet a rendszer teljes\u00edtm\u00e9ny\u00e9nek fokoz\u00e1s\u00e1ra terveztek. 2 GB kapacit\u00e1s\u00e1val \u00e9s PC3-10600S-09-10-ZZZ sebess\u00e9g\u00e9vel gyors \u00e9s hat\u00e9kony adatfeldolgoz\u00e1st tesz lehet\u0151v\u00e9. Min\u0151s\u00e9gi \u00e9s kompatibilit\u00e1si szempontb\u00f3l tesztelt, laptopokhoz \u00e9s notebookokhoz haszn\u00e1lhat\u00f3. Friss\u00edtse rendszer\u00e9t ezzel a RAM-modullal a jobb teljes\u00edtm\u00e9ny \u00e9s a g\u00f6rd\u00fcl\u00e9kenyebb t\u00f6bbfeladatos munka \u00e9rdek\u00e9ben.<\/p>\n<\/div>\n<\/div>\n<\/div>\n<\/div>\n<\/div>\n<\/div>\n","protected":false},"featured_media":376,"template":"","meta":[],"product_brand":[],"product_cat":[37,36],"product_tag":[],"class_list":{"0":"post-310","1":"product","2":"type-product","3":"status-publish","4":"has-post-thumbnail","6":"product_cat-ddr3-ddr3l","7":"product_cat-ram-memory","9":"first","10":"instock","11":"taxable","12":"shipping-taxable","13":"purchasable","14":"product-type-simple"},"_links":{"self":[{"href":"https:\/\/boreait.com\/hu\/wp-json\/wp\/v2\/product\/310","targetHints":{"allow":["GET"]}}],"collection":[{"href":"https:\/\/boreait.com\/hu\/wp-json\/wp\/v2\/product"}],"about":[{"href":"https:\/\/boreait.com\/hu\/wp-json\/wp\/v2\/types\/product"}],"wp:featuredmedia":[{"embeddable":true,"href":"https:\/\/boreait.com\/hu\/wp-json\/wp\/v2\/media\/376"}],"wp:attachment":[{"href":"https:\/\/boreait.com\/hu\/wp-json\/wp\/v2\/media?parent=310"}],"wp:term":[{"taxonomy":"product_brand","embeddable":true,"href":"https:\/\/boreait.com\/hu\/wp-json\/wp\/v2\/product_brand?post=310"},{"taxonomy":"product_cat","embeddable":true,"href":"https:\/\/boreait.com\/hu\/wp-json\/wp\/v2\/product_cat?post=310"},{"taxonomy":"product_tag","embeddable":true,"href":"https:\/\/boreait.com\/hu\/wp-json\/wp\/v2\/product_tag?post=310"}],"curies":[{"name":"wp","href":"https:\/\/api.w.org\/{rel}","templated":true}]}}