{"id":3095,"date":"2025-09-17T10:33:02","date_gmt":"2025-09-17T08:33:02","guid":{"rendered":"https:\/\/boreait.com\/hu\/?post_type=product&#038;p=3095"},"modified":"2026-01-07T14:40:33","modified_gmt":"2026-01-07T13:40:33","slug":"intel-dual-band-wireless-ac-7265-7265ngw","status":"publish","type":"product","link":"https:\/\/boreait.com\/hu\/termek\/intel-dual-band-wireless-ac-7265-7265ngw\/","title":{"rendered":"Intel Dual Band Wireless-AC 7265 7265NGW"},"content":{"rendered":"<p>Az Intel Dual Band Wireless-AC 7265 (7265NGW) egy fejlett vezet\u00e9k n\u00e9lk\u00fcli h\u00e1l\u00f3zati k\u00e1rtya, amely kiv\u00e9teles Wi-Fi teljes\u00edtm\u00e9nyt k\u00edn\u00e1l laptopja sz\u00e1m\u00e1ra. \u00dagy tervezt\u00e9k, hogy megb\u00edzhat\u00f3 \u00e9s gyors vezet\u00e9k n\u00e9lk\u00fcli kapcsolatot biztos\u00edtson, lehet\u0151v\u00e9 t\u00e9ve, hogy kapcsolatban maradjon \u00e9s produkt\u00edv, b\u00e1rhov\u00e1 is megy.<\/p>\n<p>A vezet\u00e9k n\u00e9lk\u00fcli k\u00e1rtya t\u00e1mogatja a k\u00e9ts\u00e1vos m\u0171k\u00f6d\u00e9st, \u00edgy 2,4 GHz-es \u00e9s 5 GHz-es Wi-Fi h\u00e1l\u00f3zatokhoz is csatlakozhat. Ez a k\u00e9ts\u00e1vos k\u00e9pess\u00e9g rugalmass\u00e1got biztos\u00edt, \u00e9s lehet\u0151v\u00e9 teszi a legjobb el\u00e9rhet\u0151 h\u00e1l\u00f3zat kiv\u00e1laszt\u00e1s\u00e1t az \u00d6n egyedi ig\u00e9nyeinek megfelel\u0151en. A 2,4 GHz-es s\u00e1v jobb hat\u00f3t\u00e1vols\u00e1got \u00e9s kompatibilit\u00e1st k\u00edn\u00e1l a r\u00e9gebbi eszk\u00f6z\u00f6kkel, m\u00edg az 5 GHz-es s\u00e1v nagyobb sebess\u00e9get \u00e9s cs\u00f6kkentett interferenci\u00e1t biztos\u00edt a sim\u00e1bb \u00e9s megb\u00edzhat\u00f3bb kapcsolatok \u00e9rdek\u00e9ben.<\/p>\n<p>Az Intel Dual Band Wireless-AC 7265 t\u00e1mogatja a leg\u00fajabb 802.11ac Wi-Fi szabv\u00e1nyt, amely ak\u00e1r 867 Mbps-os nagy sebess\u00e9g\u0171 vezet\u00e9k n\u00e9lk\u00fcli adat\u00e1tviteli sebess\u00e9get biztos\u00edt. Ez gyors \u00e9s k\u00e9sedelemmentes teljes\u00edtm\u00e9nyt biztos\u00edt a nagy s\u00e1vsz\u00e9less\u00e9get ig\u00e9nyl\u0151 tev\u00e9kenys\u00e9gekhez, mint p\u00e9ld\u00e1ul HD vide\u00f3k streamel\u00e9se, online j\u00e1t\u00e9kok \u00e9s nagy f\u00e1jl\u00e1tvitel.<\/p>\n<p>A gyors Wi-Fi sebess\u00e9g mellett a vezet\u00e9k n\u00e9lk\u00fcli k\u00e1rtya t\u00e1mogatja a Bluetooth technol\u00f3gi\u00e1t is, amely lehet\u0151v\u00e9 teszi a Bluetooth-kompatibilis eszk\u00f6z\u00f6k, p\u00e9ld\u00e1ul fejhallgat\u00f3k, hangsz\u00f3r\u00f3k \u00e9s okostelefonok csatlakoz\u00e1s\u00e1t \u00e9s kommunik\u00e1ci\u00f3j\u00e1t. Ez m\u00e9g sokoldal\u00fabb\u00e1 teszi laptopj\u00e1t, \u00e9s z\u00f6kken\u0151mentes csatlakoztat\u00e1st tesz lehet\u0151v\u00e9 a k\u00fcl\u00f6nb\u00f6z\u0151 eszk\u00f6z\u00f6k k\u00f6z\u00f6tt.<\/p>\n<p>Az Intel Dual Band Wireless-AC 7265 az Intel fejlett vezet\u00e9k n\u00e9lk\u00fcli technol\u00f3gi\u00e1j\u00e1val k\u00e9sz\u00fclt, amely optim\u00e1lis teljes\u00edtm\u00e9nyt \u00e9s megb\u00edzhat\u00f3s\u00e1got biztos\u00edt. Fejlett biztons\u00e1gi protokollokkal rendelkezik a vezet\u00e9k n\u00e9lk\u00fcli kapcsolatok v\u00e9delm\u00e9re, \u00e9s t\u00e1mogatja az olyan fejlett funkci\u00f3kat, mint az Intel Wireless Display (WiDi) \u00e9s az Intel Smart Connect technol\u00f3gia.<\/p>\n<p>Az Intel Dual Band Wireless-AC 7265 (7265NGW) telep\u00edt\u00e9s\u00e9hez ki kell nyitni a laptopot, \u00e9s ki kell cser\u00e9lni a megl\u00e9v\u0151 vezet\u00e9k n\u00e9lk\u00fcli h\u00e1l\u00f3zati k\u00e1rty\u00e1t. Javasoljuk, hogy szakember seg\u00edts\u00e9g\u00e9t k\u00e9rje, vagy k\u00f6vesse a gy\u00e1rt\u00f3 utas\u00edt\u00e1sait a megfelel\u0151 telep\u00edt\u00e9shez.<\/p>\n<p>Friss\u00edtse laptopja vezet\u00e9k n\u00e9lk\u00fcli kapcsolat\u00e1t az Intel Dual Band Wireless-AC 7265 (7265NGW) seg\u00edts\u00e9g\u00e9vel, \u00e9s \u00e9lvezze a gyors, megb\u00edzhat\u00f3 \u00e9s biztons\u00e1gos vezet\u00e9k n\u00e9lk\u00fcli kapcsolatokat minden sz\u00e1m\u00edt\u00e1stechnikai ig\u00e9ny\u00e9hez. Legyen sz\u00f3 streamel\u00e9sr\u0151l, online j\u00e1t\u00e9kr\u00f3l vagy egyszer\u0171en csak b\u00f6ng\u00e9sz\u00e9sr\u0151l az interneten, ez a vezet\u00e9k n\u00e9lk\u00fcli h\u00e1l\u00f3zati k\u00e1rtya biztos\u00edtja a sz\u00fcks\u00e9ges teljes\u00edtm\u00e9nyt \u00e9s k\u00e9nyelmet.<\/p>\n","protected":false},"excerpt":{"rendered":"<p>Az Intel Dual Band Wireless-AC 7265 (7265NGW) egy nagy teljes\u00edtm\u00e9ny\u0171 vezet\u00e9k n\u00e9lk\u00fcli h\u00e1l\u00f3zati k\u00e1rtya, amelyet arra terveztek, hogy gyors \u00e9s megb\u00edzhat\u00f3 Wi-Fi kapcsolatot biztos\u00edtson laptopja sz\u00e1m\u00e1ra. T\u00e1mogatja a k\u00e9ts\u00e1vos m\u0171k\u00f6d\u00e9st, \u00e9s nagy sebess\u00e9g\u0171 vezet\u00e9k n\u00e9lk\u00fcli adat\u00e1tviteli sebess\u00e9get biztos\u00edt, \u00edgy ide\u00e1lis streaminghez, online j\u00e1t\u00e9kokhoz \u00e9s m\u00e1s, nagy s\u00e1vsz\u00e9less\u00e9get ig\u00e9nyl\u0151 feladatokhoz.<\/p>\n","protected":false},"featured_media":3099,"template":"","meta":[],"product_brand":[],"product_cat":[27],"product_tag":[],"class_list":{"0":"post-3095","1":"product","2":"type-product","3":"status-publish","4":"has-post-thumbnail","6":"product_cat-motherboards-board-parts","8":"first","9":"instock","10":"taxable","11":"shipping-taxable","12":"purchasable","13":"product-type-simple"},"_links":{"self":[{"href":"https:\/\/boreait.com\/hu\/wp-json\/wp\/v2\/product\/3095","targetHints":{"allow":["GET"]}}],"collection":[{"href":"https:\/\/boreait.com\/hu\/wp-json\/wp\/v2\/product"}],"about":[{"href":"https:\/\/boreait.com\/hu\/wp-json\/wp\/v2\/types\/product"}],"wp:featuredmedia":[{"embeddable":true,"href":"https:\/\/boreait.com\/hu\/wp-json\/wp\/v2\/media\/3099"}],"wp:attachment":[{"href":"https:\/\/boreait.com\/hu\/wp-json\/wp\/v2\/media?parent=3095"}],"wp:term":[{"taxonomy":"product_brand","embeddable":true,"href":"https:\/\/boreait.com\/hu\/wp-json\/wp\/v2\/product_brand?post=3095"},{"taxonomy":"product_cat","embeddable":true,"href":"https:\/\/boreait.com\/hu\/wp-json\/wp\/v2\/product_cat?post=3095"},{"taxonomy":"product_tag","embeddable":true,"href":"https:\/\/boreait.com\/hu\/wp-json\/wp\/v2\/product_tag?post=3095"}],"curies":[{"name":"wp","href":"https:\/\/api.w.org\/{rel}","templated":true}]}}