{"id":306,"date":"2025-09-17T09:23:36","date_gmt":"2025-09-17T07:23:36","guid":{"rendered":"https:\/\/boreait.com\/hu\/?post_type=product&#038;p=306"},"modified":"2025-09-17T09:25:47","modified_gmt":"2025-09-17T07:25:47","slug":"3x-elpida-ebj21ue8bfu0-dj-f-2-gb-2rx8-pc3-10600s-9-10-f1-ram","status":"publish","type":"product","link":"https:\/\/boreait.com\/hu\/termek\/3x-elpida-ebj21ue8bfu0-dj-f-2-gb-2rx8-pc3-10600s-9-10-f1-ram\/","title":{"rendered":"3X Elpida EBJ21UE8BFU0-DJ-F (2 GB 2RX8 PC3-10600S-9-10-F1) RAM"},"content":{"rendered":"<p>Az Elpida EBJ21UE8BFU0-DJ-F RAM modul egy kiv\u00e1l\u00f3 min\u0151s\u00e9g\u0171 mem\u00f3riakomponens, amelyet sz\u00e1m\u00edt\u00f3g\u00e9pe teljes\u00edtm\u00e9ny\u00e9nek \u00e9s hat\u00e9konys\u00e1g\u00e1nak n\u00f6vel\u00e9s\u00e9re terveztek. 2 GB kapacit\u00e1s\u00e1val \u00e9s 2RX8 konfigur\u00e1ci\u00f3j\u00e1val b\u0151s\u00e9ges helyet biztos\u00edt az adatok t\u00e1rol\u00e1s\u00e1ra \u00e9s el\u00e9r\u00e9s\u00e9re, lehet\u0151v\u00e9 t\u00e9ve a z\u00f6kken\u0151mentes t\u00f6bbfeladatos munkav\u00e9gz\u00e9st \u00e9s a rendszer jobb v\u00e1laszk\u00e9szs\u00e9g\u00e9t.<\/p>\n<p>A PC3-10600S-9-10-F1 sebess\u00e9ggel m\u0171k\u00f6d\u0151 RAM-modul gyors \u00e9s megb\u00edzhat\u00f3 teljes\u00edtm\u00e9nyt ny\u00fajt, biztos\u00edtva az alkalmaz\u00e1sok \u00e9s feladatok z\u00f6kken\u0151mentes v\u00e9grehajt\u00e1s\u00e1t. Optimaliz\u00e1lt kialak\u00edt\u00e1sa \u00e9s fejlett technol\u00f3gi\u00e1ja hat\u00e9kony adat\u00e1tvitelt tesz lehet\u0151v\u00e9, ami a rendszer \u00e1ltal\u00e1nos sebess\u00e9g\u00e9nek \u00e9s teljes\u00edtm\u00e9ny\u00e9nek javul\u00e1s\u00e1t eredm\u00e9nyezi.<\/p>\n<p>Az Elpida EBJ21UE8BFU0-DJ-F RAM modul k\u00fcl\u00f6nf\u00e9le sz\u00e1m\u00edt\u00f3g\u00e9pes rendszerekkel kompatibilis, \u00e9s k\u00fcl\u00f6n\u00f6sen alkalmas laptopokhoz \u00e9s notebookokhoz. Szigor\u00faan tesztelt\u00e9k a min\u0151s\u00e9get \u00e9s a megb\u00edzhat\u00f3s\u00e1got, \u00e9s megfelel az ipari szabv\u00e1nyoknak az optim\u00e1lis stabilit\u00e1s \u00e9s kompatibilit\u00e1s biztos\u00edt\u00e1sa \u00e9rdek\u00e9ben.<\/p>\n<p>Ha rendszer\u00e9t az Elpida EBJ21UE8BFU0-DJ-F RAM modullal friss\u00edti, jelent\u0151sen jav\u00edthatja sz\u00e1m\u00edt\u00f3g\u00e9pe teljes\u00edtm\u00e9ny\u00e9t \u00e9s gyorsabb adatfeldolgoz\u00e1st tapasztalhat. F\u00fcggetlen\u00fcl att\u00f3l, hogy ig\u00e9nyes alkalmaz\u00e1sokat futtat, t\u00f6bbfeladatos munk\u00e1t v\u00e9gez, vagy egyszer\u0171en csak b\u00f6ng\u00e9szik az interneten, ez a RAM-modul megadja a sz\u00fcks\u00e9ges l\u00f6k\u00e9st az \u00e1ltal\u00e1nos sz\u00e1m\u00edt\u00e1stechnikai \u00e9lm\u00e9ny fokoz\u00e1s\u00e1hoz.<\/p>\n","protected":false},"excerpt":{"rendered":"<div class=\"flex-1 overflow-hidden\">\n<div class=\"react-scroll-to-bottom--css-ijwin-79elbk h-full dark:bg-gray-800\">\n<div class=\"react-scroll-to-bottom--css-ijwin-1n7m0yu\">\n<div class=\"flex flex-col text-sm dark:bg-gray-800\">\n<div class=\"group w-full text-gray-800 dark:text-gray-100 border-b border-black\/10 dark:border-gray-900\/50 bg-gray-50 dark:bg-[#444654]\">\n<div class=\"flex p-4 gap-4 text-base md:gap-6 md:max-w-2xl lg:max-w-[38rem] xl:max-w-3xl md:py-6 lg:px-0 m-auto\">\n<div class=\"relat\u00edv flex w-[calc(100%-50px)] flex-col gap-1 md:gap-3 lg:w-[calc(100%-115px)]\">\n<div class=\"flex flex-grow flex-col gap-3\">\n<div class=\"min-h-[20px] flex flex-col items-start gap-4 whitespace-pre-wrap break-words\">\n<div class=\"markdown prose w-full break-words dark:prose-invert light\">\n<p>Az Elpida EBJ21UE8BFU0-DJ-F RAM modul egy kiv\u00e1l\u00f3 min\u0151s\u00e9g\u0171 2 GB-os mem\u00f3riakomponens, amelyet a rendszer teljes\u00edtm\u00e9ny\u00e9nek jav\u00edt\u00e1s\u00e1ra terveztek. 2RX8 konfigur\u00e1ci\u00f3j\u00e1val \u00e9s PC3-10600S-9-10-F1 sebess\u00e9g\u00e9vel gyors \u00e9s megb\u00edzhat\u00f3 adatfeldolgoz\u00e1st biztos\u00edt. A min\u0151s\u00e9g \u00e9s a kompatibilit\u00e1s szempontj\u00e1b\u00f3l tesztelt, megb\u00edzhat\u00f3 v\u00e1laszt\u00e1s laptopok \u00e9s notebookok friss\u00edt\u00e9s\u00e9hez. N\u00f6velje sz\u00e1m\u00edt\u00f3g\u00e9pe teljes\u00edtm\u00e9ny\u00e9t az Elpida EBJ21UE8BFU0-DJ-F RAM modul telep\u00edt\u00e9s\u00e9vel, \u00e9s \u00e9lvezze a gyorsabb adatfeldolgoz\u00e1st \u00e9s a tov\u00e1bbfejlesztett t\u00f6bbfeladatos k\u00e9pess\u00e9geket.<\/p>\n<\/div>\n<\/div>\n<\/div>\n<\/div>\n<\/div>\n<\/div>\n<\/div>\n<\/div>\n<\/div>\n<\/div>\n","protected":false},"featured_media":372,"template":"","meta":[],"product_brand":[],"product_cat":[36],"product_tag":[],"class_list":{"0":"post-306","1":"product","2":"type-product","3":"status-publish","4":"has-post-thumbnail","6":"product_cat-ram-memory","8":"first","9":"instock","10":"taxable","11":"shipping-taxable","12":"purchasable","13":"product-type-simple"},"_links":{"self":[{"href":"https:\/\/boreait.com\/hu\/wp-json\/wp\/v2\/product\/306","targetHints":{"allow":["GET"]}}],"collection":[{"href":"https:\/\/boreait.com\/hu\/wp-json\/wp\/v2\/product"}],"about":[{"href":"https:\/\/boreait.com\/hu\/wp-json\/wp\/v2\/types\/product"}],"wp:featuredmedia":[{"embeddable":true,"href":"https:\/\/boreait.com\/hu\/wp-json\/wp\/v2\/media\/372"}],"wp:attachment":[{"href":"https:\/\/boreait.com\/hu\/wp-json\/wp\/v2\/media?parent=306"}],"wp:term":[{"taxonomy":"product_brand","embeddable":true,"href":"https:\/\/boreait.com\/hu\/wp-json\/wp\/v2\/product_brand?post=306"},{"taxonomy":"product_cat","embeddable":true,"href":"https:\/\/boreait.com\/hu\/wp-json\/wp\/v2\/product_cat?post=306"},{"taxonomy":"product_tag","embeddable":true,"href":"https:\/\/boreait.com\/hu\/wp-json\/wp\/v2\/product_tag?post=306"}],"curies":[{"name":"wp","href":"https:\/\/api.w.org\/{rel}","templated":true}]}}