{"id":303,"date":"2025-09-17T09:23:36","date_gmt":"2025-09-17T07:23:36","guid":{"rendered":"https:\/\/boreait.com\/hu\/?post_type=product&#038;p=303"},"modified":"2025-09-17T09:25:32","modified_gmt":"2025-09-17T07:25:32","slug":"hp-elitebook-8560p-also-talp-641182-001-oem","status":"publish","type":"product","link":"https:\/\/boreait.com\/hu\/termek\/hp-elitebook-8560p-also-talp-641182-001-oem\/","title":{"rendered":"HP EliteBook 8560p als\u00f3 talp 641182-001 OEM"},"content":{"rendered":"<div class=\"group w-full text-gray-800 dark:text-gray-100 border-b border-black\/10 dark:border-gray-900\/50 bg-gray-50 dark:bg-[#444654]\">\n<div class=\"flex p-4 gap-4 text-base md:gap-6 md:max-w-2xl lg:max-w-[38rem] xl:max-w-3xl md:py-6 lg:px-0 m-auto\">\n<div class=\"relat\u00edv flex w-[calc(100%-50px)] flex-col gap-1 md:gap-3 lg:w-[calc(100%-115px)]\">\n<div class=\"flex flex-grow flex-col gap-3\">\n<div class=\"min-h-[20px] flex flex-col items-start gap-4 whitespace-pre-wrap break-words\">\n<div class=\"markdown prose w-full break-words dark:prose-invert light\">\n<p>A HP EliteBook 8560p Bottom Base, cikksz\u00e1m: 641182-001, egy eredeti OEM cserealkatr\u00e9sz, amelyet kifejezetten ehhez a laptopmodellhez terveztek. Ez az als\u00f3 talp szerkezeti t\u00e1mogat\u00e1st \u00e9s v\u00e9delmet ny\u00fajt az EliteBook 8560p bels\u0151 alkatr\u00e9szei sz\u00e1m\u00e1ra.<\/p>\n<p>A prec\u00edzen megalkotott \u00e9s a HP magas min\u0151s\u00e9gi el\u0151\u00edr\u00e1sainak megfelel\u0151en kialak\u00edtott als\u00f3 talp biztos\u00edtja a megfelel\u0151 illeszked\u00e9st \u00e9s a z\u00f6kken\u0151mentes integr\u00e1ci\u00f3t laptopj\u00e1val. Tart\u00f3s anyagokb\u00f3l k\u00e9sz\u00fclt, hogy ellen\u00e1lljon a napi haszn\u00e1latnak \u00e9s stabilit\u00e1st biztos\u00edtson a k\u00e9sz\u00fcl\u00e9knek.<\/p>\n<p>Helyes telep\u00edt\u00e9s eset\u00e9n ez a csere als\u00f3 talp visszaadja EliteBook 8560p eredeti funkcionalit\u00e1s\u00e1t \u00e9s eszt\u00e9tik\u00e1j\u00e1t. Ez egy hiteles HP OEM term\u00e9k, amely mentes plagiz\u00e1l\u00e1st\u00f3l \u00e9s ut\u00e1nz\u00e1st\u00f3l, \u00e9s garant\u00e1lja a kompatibilit\u00e1st \u00e9s az optim\u00e1lis teljes\u00edtm\u00e9nyt.<\/p>\n<p>Friss\u00edtse HP EliteBook 8560p-j\u00e9t a 641182-001 als\u00f3 alappal, \u00e9s \u00e9lvezze a meg\u00fajult \u00e9s v\u00e9dett laptop \u00e9lm\u00e9nyt. Tapasztalja meg az autentikus \u00e9s megb\u00edzhat\u00f3 cserealkatr\u00e9szek haszn\u00e1lat\u00e1val j\u00e1r\u00f3 nyugalmat.<\/p>\n<\/div>\n<\/div>\n<\/div>\n<\/div>\n<\/div>\n<\/div>\n","protected":false},"excerpt":{"rendered":"<p>A HP EliteBook 8560p Bottom Base (cikksz\u00e1m: 641182-001) egy eredeti OEM csere, amely szerkezeti t\u00e1mogat\u00e1st \u00e9s v\u00e9delmet ny\u00fajt. Biztos\u00edtja a megfelel\u0151 illeszked\u00e9st \u00e9s z\u00f6kken\u0151mentes integr\u00e1ci\u00f3t, vissza\u00e1ll\u00edtva laptopja funkcionalit\u00e1s\u00e1t \u00e9s eszt\u00e9tik\u00e1j\u00e1t.<\/p>\n","protected":false},"featured_media":363,"template":"","meta":[],"product_brand":[],"product_cat":[16],"product_tag":[25],"class_list":{"0":"post-303","1":"product","2":"type-product","3":"status-publish","4":"has-post-thumbnail","6":"product_cat-laptop-housing","7":"product_tag-hp","9":"first","10":"instock","11":"taxable","12":"shipping-taxable","13":"purchasable","14":"product-type-simple"},"_links":{"self":[{"href":"https:\/\/boreait.com\/hu\/wp-json\/wp\/v2\/product\/303","targetHints":{"allow":["GET"]}}],"collection":[{"href":"https:\/\/boreait.com\/hu\/wp-json\/wp\/v2\/product"}],"about":[{"href":"https:\/\/boreait.com\/hu\/wp-json\/wp\/v2\/types\/product"}],"wp:featuredmedia":[{"embeddable":true,"href":"https:\/\/boreait.com\/hu\/wp-json\/wp\/v2\/media\/363"}],"wp:attachment":[{"href":"https:\/\/boreait.com\/hu\/wp-json\/wp\/v2\/media?parent=303"}],"wp:term":[{"taxonomy":"product_brand","embeddable":true,"href":"https:\/\/boreait.com\/hu\/wp-json\/wp\/v2\/product_brand?post=303"},{"taxonomy":"product_cat","embeddable":true,"href":"https:\/\/boreait.com\/hu\/wp-json\/wp\/v2\/product_cat?post=303"},{"taxonomy":"product_tag","embeddable":true,"href":"https:\/\/boreait.com\/hu\/wp-json\/wp\/v2\/product_tag?post=303"}],"curies":[{"name":"wp","href":"https:\/\/api.w.org\/{rel}","templated":true}]}}