{"id":299,"date":"2025-09-17T09:23:35","date_gmt":"2025-09-17T07:23:35","guid":{"rendered":"https:\/\/boreait.com\/hu\/?post_type=product&#038;p=299"},"modified":"2025-12-04T20:50:14","modified_gmt":"2025-12-04T19:50:14","slug":"hp-elitebook-8560p-erintopad-egergombok-560200a00-133g","status":"publish","type":"product","link":"https:\/\/boreait.com\/hu\/termek\/hp-elitebook-8560p-erintopad-egergombok-560200a00-133g\/","title":{"rendered":"HP EliteBook 8560P \u00e9rint\u0151pad eg\u00e9rgombok 560200A00-133G"},"content":{"rendered":"<div class=\"group w-full text-gray-800 dark:text-gray-100 border-b border-black\/10 dark:border-gray-900\/50 bg-gray-50 dark:bg-[#444654]\">\n<div class=\"flex p-4 gap-4 text-base md:gap-6 md:max-w-2xl lg:max-w-[38rem] xl:max-w-3xl md:py-6 lg:px-0 m-auto\">\n<div class=\"relat\u00edv flex w-[calc(100%-50px)] flex-col gap-1 md:gap-3 lg:w-[calc(100%-115px)]\">\n<div class=\"flex flex-grow flex-col gap-3\">\n<div class=\"min-h-[20px] flex flex-col items-start gap-4 whitespace-pre-wrap break-words\">\n<div class=\"markdown prose w-full break-words dark:prose-invert light\">\n<p>A HP EliteBook 8560P \u00e9rint\u0151pad eg\u00e9rgombjai, cikksz\u00e1ma 560200A00-133G, eredeti cserealkatr\u00e9szek, amelyeket kifejezetten ehhez a laptopmodellhez terveztek. Ezek az \u00e9rint\u0151pad eg\u00e9rgombjai \u00e9rz\u00e9keny \u00e9s pontos vez\u00e9rl\u00e9st biztos\u00edtanak, lehet\u0151v\u00e9 t\u00e9ve, hogy k\u00f6nnyed\u00e9n navig\u00e1ljon \u00e9s kommunik\u00e1ljon laptopj\u00e1val.<\/p>\n<p>A prec\u00edzen megalkotott \u00e9s a HP magas min\u0151s\u00e9gi szabv\u00e1nyainak megfelel\u0151en kialak\u00edtott \u00e9rint\u0151pad eg\u00e9rgombjai megb\u00edzhat\u00f3 teljes\u00edtm\u00e9nyt \u00e9s z\u00f6kken\u0151mentes integr\u00e1ci\u00f3t biztos\u00edtanak EliteBook 8560P-vel. K\u00e9nyelmes \u00e9s felhaszn\u00e1l\u00f3bar\u00e1t \u00e9lm\u00e9nyt k\u00edn\u00e1lnak, lehet\u0151v\u00e9 t\u00e9ve a k\u00fcl\u00f6nf\u00e9le m\u0171veletek egyszer\u0171 v\u00e9grehajt\u00e1s\u00e1t.<\/p>\n<p>Megfelel\u0151 telep\u00edt\u00e9s eset\u00e9n ezek az \u00e9rint\u0151pad eg\u00e9rgombjai vissza\u00e1ll\u00edtj\u00e1k a laptop \u00e9rint\u0151padj\u00e1nak teljes funkcionalit\u00e1s\u00e1t, sima \u00e9s \u00e9lvezetes felhaszn\u00e1l\u00f3i \u00e9lm\u00e9nyt biztos\u00edtva. Eredeti HP-term\u00e9kek, amelyek nem tartalmaznak pl\u00e1giumot \u00e9s ut\u00e1nzatokat, \u00e9s garant\u00e1lj\u00e1k a kompatibilit\u00e1st \u00e9s az optim\u00e1lis teljes\u00edtm\u00e9nyt.<\/p>\n<p>Friss\u00edtse HP EliteBook 8560P k\u00e9sz\u00fcl\u00e9k\u00e9t az 560200A00-133G \u00e9rint\u0151pad eg\u00e9rgombjaival, \u00e9s \u00e9lvezze a prec\u00edz \u00e9s \u00e9rz\u00e9keny vez\u00e9rl\u00e9st minden sz\u00e1m\u00edt\u00e1stechnikai ig\u00e9ny\u00e9hez.<\/p>\n<\/div>\n<\/div>\n<\/div>\n<div class=\"flex justify-between lg:block\">\n<div class=\"text-gray-400 flex self-end lg:self-center justify-center mt-2 gap-2 md:gap-3 lg:gap-1 lg:absolute lg:top-0 lg:translate-x-full lg:right-0 lg:mt-0\">lg:pl-2 l\u00e1that\u00f3<\/p>\n<p>&nbsp;<\/p>\n<div class=\"flex gap-1\"><\/div>\n<\/div>\n<\/div>\n<\/div>\n<\/div>\n<\/div>\n","protected":false},"excerpt":{"rendered":"<p>A HP EliteBook 8560P \u00e9rint\u0151pad eg\u00e9rgombjai (cikksz\u00e1m: 560200A00-133G) val\u00f3di helyettes\u00edt\u0151k, amelyek \u00e9rz\u00e9keny \u00e9s pontos vez\u00e9rl\u00e9st k\u00edn\u00e1lnak. \u00dagy tervezt\u00e9k, hogy z\u00f6kken\u0151mentesen integr\u00e1lhat\u00f3 legyen a laptopj\u00e1val, \u00e9s vissza\u00e1ll\u00edtj\u00e1k az \u00e9rint\u0151pad teljes funkcionalit\u00e1s\u00e1t a z\u00f6kken\u0151mentes felhaszn\u00e1l\u00f3i \u00e9lm\u00e9ny \u00e9rdek\u00e9ben.<\/p>\n","protected":false},"featured_media":352,"template":"","meta":[],"product_brand":[],"product_cat":[42],"product_tag":[25],"class_list":{"0":"post-299","1":"product","2":"type-product","3":"status-publish","4":"has-post-thumbnail","6":"product_cat-laptop-touchpads","7":"product_tag-hp","9":"first","10":"instock","11":"taxable","12":"shipping-taxable","13":"purchasable","14":"product-type-simple"},"_links":{"self":[{"href":"https:\/\/boreait.com\/hu\/wp-json\/wp\/v2\/product\/299","targetHints":{"allow":["GET"]}}],"collection":[{"href":"https:\/\/boreait.com\/hu\/wp-json\/wp\/v2\/product"}],"about":[{"href":"https:\/\/boreait.com\/hu\/wp-json\/wp\/v2\/types\/product"}],"wp:featuredmedia":[{"embeddable":true,"href":"https:\/\/boreait.com\/hu\/wp-json\/wp\/v2\/media\/352"}],"wp:attachment":[{"href":"https:\/\/boreait.com\/hu\/wp-json\/wp\/v2\/media?parent=299"}],"wp:term":[{"taxonomy":"product_brand","embeddable":true,"href":"https:\/\/boreait.com\/hu\/wp-json\/wp\/v2\/product_brand?post=299"},{"taxonomy":"product_cat","embeddable":true,"href":"https:\/\/boreait.com\/hu\/wp-json\/wp\/v2\/product_cat?post=299"},{"taxonomy":"product_tag","embeddable":true,"href":"https:\/\/boreait.com\/hu\/wp-json\/wp\/v2\/product_tag?post=299"}],"curies":[{"name":"wp","href":"https:\/\/api.w.org\/{rel}","templated":true}]}}