{"id":298,"date":"2025-09-17T09:23:35","date_gmt":"2025-09-17T07:23:35","guid":{"rendered":"https:\/\/boreait.com\/hu\/?post_type=product&#038;p=298"},"modified":"2025-09-17T09:24:48","modified_gmt":"2025-09-17T07:24:48","slug":"hp-elitebook-8560p-lcd-kijelzo-hatlapja-641201-001","status":"publish","type":"product","link":"https:\/\/boreait.com\/hu\/termek\/hp-elitebook-8560p-lcd-kijelzo-hatlapja-641201-001\/","title":{"rendered":"HP EliteBook 8560P LCD kijelz\u0151 h\u00e1tlapja 641201-001"},"content":{"rendered":"<p><strong>UGYANAZ, MINT A ADATLAP FOT\u00d3J\u00c1N!<\/strong><\/p>\n<p>A 641201-001 cikksz\u00e1m\u00fa HP EliteBook 8560P LCD kijelz\u0151 h\u00e1tlapja egy eredeti cserealkatr\u00e9sz, amelyet kifejezetten ehhez a laptopmodellhez terveztek. Ez a h\u00e1tlap v\u00e9delmet \u00e9s t\u00e1mogat\u00e1st ny\u00fajt az LCD-kijelz\u0151 sz\u00e1m\u00e1ra.<\/p>\n<p>A min\u0151s\u00e9gi \u00e9s prec\u00edz kivitelez\u00e9s\u0171 h\u00e1tlap megfelel\u0151 illeszked\u00e9st \u00e9s z\u00f6kken\u0151mentes integr\u00e1ci\u00f3t biztos\u00edt HP EliteBook 8560P-vel. Tart\u00f3s anyagokb\u00f3l k\u00e9sz\u00fclt, hogy ellen\u00e1lljon a napi haszn\u00e1latnak, \u00e9s meg\u00f3vja az \u00e9rz\u00e9keny LCD k\u00e9perny\u0151t a karcol\u00e1sokt\u00f3l \u00e9s s\u00e9r\u00fcl\u00e9sekt\u0151l.<\/p>\n<p>Helyes felszerel\u00e9s eset\u00e9n ez a csere h\u00e1tlap visszaadja laptopja eszt\u00e9tikus megjelen\u00e9s\u00e9t \u00e9s funkcionalit\u00e1s\u00e1t. Ez egy eredeti HP term\u00e9k, amely nem tartalmaz pl\u00e1giumot \u00e9s ut\u00e1nz\u00e1st, \u00e9s garant\u00e1lja a kompatibilit\u00e1st \u00e9s az optim\u00e1lis teljes\u00edtm\u00e9nyt.<\/p>\n<p>Friss\u00edtse HP EliteBook 8560P k\u00e9sz\u00fcl\u00e9k\u00e9t a 641201-001 LCD kijelz\u0151 h\u00e1tlapj\u00e1val, \u00e9s \u00e9lvezze a meg\u00fajult \u00e9s v\u00e9dett kijelz\u0151t. Tapasztalja meg az autentikus \u00e9s megb\u00edzhat\u00f3 cserealkatr\u00e9szek haszn\u00e1lat\u00e1val j\u00e1r\u00f3 nyugalmat.<\/p>\n","protected":false},"excerpt":{"rendered":"<div class=\"group w-full text-gray-800 dark:text-gray-100 border-b border-black\/10 dark:border-gray-900\/50 bg-gray-50 dark:bg-[#444654]\">\n<div class=\"flex p-4 gap-4 text-base md:gap-6 md:max-w-2xl lg:max-w-[38rem] xl:max-w-3xl md:py-6 lg:px-0 m-auto\">\n<div class=\"relat\u00edv flex w-[calc(100%-50px)] flex-col gap-1 md:gap-3 lg:w-[calc(100%-115px)]\">\n<div class=\"flex flex-grow flex-col gap-3\">\n<div class=\"min-h-[20px] flex flex-col items-start gap-4 whitespace-pre-wrap break-words\">\n<div class=\"markdown prose w-full break-words dark:prose-invert light\">\n<p>A HP EliteBook 8560P LCD kijelz\u0151 h\u00e1tlapja (cikksz\u00e1m: 641201-001) egy eredeti cserealkatr\u00e9sz, amely v\u00e9delmet \u00e9s t\u00e1mogat\u00e1st ny\u00fajt laptopja k\u00e9perny\u0151j\u00e9nek. \u00dagy tervezt\u00e9k, hogy z\u00f6kken\u0151mentesen illeszkedjen, \u00e9s biztos\u00edtja a kompatibilit\u00e1st \u00e9s az optim\u00e1lis teljes\u00edtm\u00e9nyt.<\/p>\n<\/div>\n<\/div>\n<\/div>\n<\/div>\n<\/div>\n<\/div>\n","protected":false},"featured_media":343,"template":"","meta":[],"product_brand":[],"product_cat":[16],"product_tag":[25],"class_list":{"0":"post-298","1":"product","2":"type-product","3":"status-publish","4":"has-post-thumbnail","6":"product_cat-laptop-housing","7":"product_tag-hp","9":"first","10":"instock","11":"taxable","12":"shipping-taxable","13":"purchasable","14":"product-type-simple"},"_links":{"self":[{"href":"https:\/\/boreait.com\/hu\/wp-json\/wp\/v2\/product\/298","targetHints":{"allow":["GET"]}}],"collection":[{"href":"https:\/\/boreait.com\/hu\/wp-json\/wp\/v2\/product"}],"about":[{"href":"https:\/\/boreait.com\/hu\/wp-json\/wp\/v2\/types\/product"}],"wp:featuredmedia":[{"embeddable":true,"href":"https:\/\/boreait.com\/hu\/wp-json\/wp\/v2\/media\/343"}],"wp:attachment":[{"href":"https:\/\/boreait.com\/hu\/wp-json\/wp\/v2\/media?parent=298"}],"wp:term":[{"taxonomy":"product_brand","embeddable":true,"href":"https:\/\/boreait.com\/hu\/wp-json\/wp\/v2\/product_brand?post=298"},{"taxonomy":"product_cat","embeddable":true,"href":"https:\/\/boreait.com\/hu\/wp-json\/wp\/v2\/product_cat?post=298"},{"taxonomy":"product_tag","embeddable":true,"href":"https:\/\/boreait.com\/hu\/wp-json\/wp\/v2\/product_tag?post=298"}],"curies":[{"name":"wp","href":"https:\/\/api.w.org\/{rel}","templated":true}]}}