{"id":296,"date":"2025-09-17T09:23:34","date_gmt":"2025-09-17T07:23:34","guid":{"rendered":"https:\/\/boreait.com\/hu\/?post_type=product&#038;p=296"},"modified":"2025-09-17T09:24:40","modified_gmt":"2025-09-17T07:24:40","slug":"kijelzo-kabel-kepernyo-led-kepernyo-kabel-komp-p-n-eseten-350406b00-01s-g","status":"publish","type":"product","link":"https:\/\/boreait.com\/hu\/termek\/kijelzo-kabel-kepernyo-led-kepernyo-kabel-komp-p-n-eseten-350406b00-01s-g\/","title":{"rendered":"Kijelz\u0151 K\u00e1bel K\u00e9perny\u0151 LED K\u00e9perny\u0151 K\u00e1bel Komp. P\/N eset\u00e9n: 350406B00-01S-G"},"content":{"rendered":"<p>A P\/N: 350406B00-01S-G sz\u00e1mmal kompatibilis kijelz\u0151k\u00e1bel-k\u00e9perny\u0151 LED-k\u00e9perny\u0151k\u00e1bel egy eredeti cserealkatr\u00e9sz, amelyet meghat\u00e1rozott eszk\u00f6z\u00f6kh\u00f6z terveztek. Ez a k\u00e1bel felel\u0151s a videojel tov\u00e1bb\u00edt\u00e1s\u00e1\u00e9rt az alaplapr\u00f3l a LED-k\u00e9perny\u0151re, \u00edgy tiszta \u00e9s \u00e9l\u00e9nk kijelz\u0151t \u00e9lvezhet.<\/p>\n<p>A min\u0151s\u00e9gi \u00e9s prec\u00edz kivitelez\u00e9s\u0171 kijelz\u0151k\u00e1bel megb\u00edzhat\u00f3 \u00e9s z\u00f6kken\u0151mentes kapcsolatot biztos\u00edt az alaplap \u00e9s a LED-k\u00e9perny\u0151 k\u00f6z\u00f6tt. \u00dagy tervezt\u00e9k, hogy t\u00f6k\u00e9letesen illeszkedjen \u00e9s optim\u00e1lis teljes\u00edtm\u00e9nyt ny\u00fajtson, lehet\u0151v\u00e9 t\u00e9ve, hogy eszk\u00f6ze l\u00e1tv\u00e1nyvil\u00e1g\u00e1t a lehet\u0151 legjobban \u00e9lje meg.<\/p>\n<p>Megfelel\u0151 telep\u00edt\u00e9s eset\u00e9n ez a cserek\u00e1bel vissza\u00e1ll\u00edtja LED-k\u00e9perny\u0151j\u00e9nek m\u0171k\u00f6d\u0151k\u00e9pess\u00e9g\u00e9t, \u00e9les \u00e9s kiv\u00e1l\u00f3 min\u0151s\u00e9g\u0171 kijelz\u0151t biztos\u00edtva. Ez egy eredeti term\u00e9k, nem tartalmaz pl\u00e1giumot vagy ut\u00e1nzatot, amely biztos\u00edtja a kompatibilit\u00e1st \u00e9s a megb\u00edzhat\u00f3 teljes\u00edtm\u00e9nyt.<\/p>\n<p>Friss\u00edtse eszk\u00f6z\u00e9t a P\/N: 350406B00-01S-G sz\u00e1mmal kompatibilis kijelz\u0151k\u00e1bel-k\u00e9perny\u0151 LED-k\u00e9perny\u0151k\u00e1bellel, \u00e9s \u00e9lvezze a tov\u00e1bbfejlesztett vizu\u00e1lis \u00e9lm\u00e9nyt a megb\u00edzhat\u00f3 \u00e9s hiteles cserealkatr\u00e9szekkel.<\/p>\n","protected":false},"excerpt":{"rendered":"<div class=\"group w-full text-gray-800 dark:text-gray-100 border-b border-black\/10 dark:border-gray-900\/50 bg-gray-50 dark:bg-[#444654]\">\n<div class=\"flex p-4 gap-4 text-base md:gap-6 md:max-w-2xl lg:max-w-[38rem] xl:max-w-3xl md:py-6 lg:px-0 m-auto\">\n<div class=\"relat\u00edv flex w-[calc(100%-50px)] flex-col gap-1 md:gap-3 lg:w-[calc(100%-115px)]\">\n<div class=\"flex flex-grow flex-col gap-3\">\n<div class=\"min-h-[20px] flex flex-col items-start gap-4 whitespace-pre-wrap break-words\">\n<div class=\"markdown prose w-full break-words dark:prose-invert light\">\n<p>A kijelz\u0151k\u00e1bel k\u00e9perny\u0151j\u00e9nek LED-k\u00e9perny\u0151j\u00e9nek k\u00e1bele, amely kompatibilis a P\/N: 350406B00-01S-G-vel, egy eredeti cserealkatr\u00e9sz. Megb\u00edzhat\u00f3 csatlakoz\u00e1st \u00e9s optim\u00e1lis teljes\u00edtm\u00e9nyt biztos\u00edt, tov\u00e1bb\u00edtja a videojeleket az alaplapr\u00f3l a LED-k\u00e9perny\u0151re. \u00c9lvezze a tiszta \u00e9s \u00e9l\u00e9nk l\u00e1tv\u00e1nyt ezzel az autentikus \u00e9s kompatibilis k\u00e1bellel.<\/p>\n<\/div>\n<\/div>\n<\/div>\n<\/div>\n<\/div>\n<\/div>\n","protected":false},"featured_media":341,"template":"","meta":[],"product_brand":[],"product_cat":[20],"product_tag":[],"class_list":{"0":"post-296","1":"product","2":"type-product","3":"status-publish","4":"has-post-thumbnail","6":"product_cat-cables","8":"first","9":"instock","10":"taxable","11":"shipping-taxable","12":"purchasable","13":"product-type-simple"},"_links":{"self":[{"href":"https:\/\/boreait.com\/hu\/wp-json\/wp\/v2\/product\/296","targetHints":{"allow":["GET"]}}],"collection":[{"href":"https:\/\/boreait.com\/hu\/wp-json\/wp\/v2\/product"}],"about":[{"href":"https:\/\/boreait.com\/hu\/wp-json\/wp\/v2\/types\/product"}],"wp:featuredmedia":[{"embeddable":true,"href":"https:\/\/boreait.com\/hu\/wp-json\/wp\/v2\/media\/341"}],"wp:attachment":[{"href":"https:\/\/boreait.com\/hu\/wp-json\/wp\/v2\/media?parent=296"}],"wp:term":[{"taxonomy":"product_brand","embeddable":true,"href":"https:\/\/boreait.com\/hu\/wp-json\/wp\/v2\/product_brand?post=296"},{"taxonomy":"product_cat","embeddable":true,"href":"https:\/\/boreait.com\/hu\/wp-json\/wp\/v2\/product_cat?post=296"},{"taxonomy":"product_tag","embeddable":true,"href":"https:\/\/boreait.com\/hu\/wp-json\/wp\/v2\/product_tag?post=296"}],"curies":[{"name":"wp","href":"https:\/\/api.w.org\/{rel}","templated":true}]}}