{"id":274,"date":"2025-09-17T09:23:12","date_gmt":"2025-09-17T07:23:12","guid":{"rendered":"https:\/\/boreait.com\/hu\/?post_type=product&#038;p=274"},"modified":"2026-01-13T17:32:10","modified_gmt":"2026-01-13T16:32:10","slug":"lenovo-thinkpad-t440-t450-bekapcsologomb-kartya-45502401051-ns-a052p-kabellel","status":"publish","type":"product","link":"https:\/\/boreait.com\/hu\/termek\/lenovo-thinkpad-t440-t450-bekapcsologomb-kartya-45502401051-ns-a052p-kabellel\/","title":{"rendered":"Lenovo ThinkPad T440 T450 bekapcsol\u00f3gomb k\u00e1rtya 45502401051 NS-A052P k\u00e1bellel"},"content":{"rendered":"<p>A 45502401051 vagy NS-A052P cikksz\u00e1m\u00fa Lenovo ThinkPad T440\/T450 bekapcsol\u00f3gomb-k\u00e1rtya k\u00e1bellel egy eredeti cserealkatr\u00e9sz, amelyet kifejezetten ezekhez a modellekhez terveztek. Ez a bekapcsol\u00f3gomb-t\u00e1bla d\u00f6nt\u0151 szerepet j\u00e1tszik a laptop t\u00e1pell\u00e1t\u00e1si funkci\u00f3inak vez\u00e9rl\u00e9s\u00e9ben.<\/p>\n<p>A prec\u00edzen megalkotott \u00e9s a Lenovo magas min\u0151s\u00e9gi szabv\u00e1nyainak megfelel\u0151en kialak\u00edtott bekapcsol\u00f3gomb-k\u00e1rtya megb\u00edzhat\u00f3 teljes\u00edtm\u00e9nyt \u00e9s z\u00f6kken\u0151mentes integr\u00e1ci\u00f3t biztos\u00edt ThinkPad T440 vagy T450 k\u00e9sz\u00fcl\u00e9k\u00e9vel. Tartalmaz egy k\u00e1belt, amely \u00f6sszek\u00f6ti a bekapcsol\u00f3gombot az alaplappal, \u00edgy k\u00e9nyelmesen be- \u00e9s kikapcsolhatja laptopj\u00e1t.<\/p>\n<p>Megfelel\u0151 telep\u00edt\u00e9s eset\u00e9n ez a k\u00e1beles bekapcsol\u00f3gomb-panel lehet\u0151v\u00e9 teszi, hogy k\u00f6nnyed\u00e9n vez\u00e9relje laptopja t\u00e1pell\u00e1t\u00e1si funkci\u00f3it, \u00edgy rugalmas \u00e9s felhaszn\u00e1l\u00f3bar\u00e1t \u00e9lm\u00e9nyt ny\u00fajt. Ak\u00e1r be kell kapcsolnia az eszk\u00f6zt, ak\u00e1r le kell kapcsolnia, ez a cserek\u00e1rtya tart\u00f3s \u00e9s hat\u00e9kony megold\u00e1st k\u00edn\u00e1l.<\/p>\n<p>Biztos lehet benne, hogy a 45502401051 vagy NS-A052P cikksz\u00e1m\u00fa Lenovo ThinkPad T440\/T450 bekapcsol\u00f3gomb-k\u00e1rtya k\u00e1bellel egy eredeti Lenovo term\u00e9k, amely nem tartalmaz pl\u00e1giumot \u00e9s ut\u00e1nzatokat. Ez egy megb\u00edzhat\u00f3 \u00f6sszetev\u0151, amely seg\u00edt vissza\u00e1ll\u00edtani a laptop bekapcsol\u00f3gombj\u00e1nak megfelel\u0151 m\u0171k\u00f6d\u00e9s\u00e9t, biztos\u00edtva a z\u00f6kken\u0151mentes \u00e9s zavartalan sz\u00e1m\u00edt\u00e1si \u00e9lm\u00e9nyt.<\/p>\n","protected":false},"excerpt":{"rendered":"<p>A Lenovo ThinkPad T440\/T450 bekapcsol\u00f3gomb-k\u00e1rtya k\u00e1bellel (cikksz\u00e1m: 45502401051 vagy NS-A052P) egy eredeti cserealkatr\u00e9sz. Lehet\u0151v\u00e9 teszi laptopja t\u00e1pell\u00e1t\u00e1si funkci\u00f3inak megb\u00edzhat\u00f3 vez\u00e9rl\u00e9s\u00e9t. A Lenovo magas min\u0151s\u00e9gi szabv\u00e1nyainak megfelel\u0151en kialak\u00edtott alaplap z\u00f6kken\u0151mentes integr\u00e1ci\u00f3t \u00e9s rugalmas felhaszn\u00e1l\u00f3i \u00e9lm\u00e9nyt biztos\u00edt. Biztos lehet benne, hogy ez egy hiteles Lenovo term\u00e9k, amely nem tartalmaz pl\u00e1giumot \u00e9s ut\u00e1nzatokat.<\/p>\n","protected":false},"featured_media":338,"template":"","meta":[],"product_brand":[],"product_cat":[27],"product_tag":[26],"class_list":{"0":"post-274","1":"product","2":"type-product","3":"status-publish","4":"has-post-thumbnail","6":"product_cat-motherboards-board-parts","7":"product_tag-lenovo","9":"first","10":"instock","11":"taxable","12":"shipping-taxable","13":"purchasable","14":"product-type-simple"},"_links":{"self":[{"href":"https:\/\/boreait.com\/hu\/wp-json\/wp\/v2\/product\/274","targetHints":{"allow":["GET"]}}],"collection":[{"href":"https:\/\/boreait.com\/hu\/wp-json\/wp\/v2\/product"}],"about":[{"href":"https:\/\/boreait.com\/hu\/wp-json\/wp\/v2\/types\/product"}],"wp:featuredmedia":[{"embeddable":true,"href":"https:\/\/boreait.com\/hu\/wp-json\/wp\/v2\/media\/338"}],"wp:attachment":[{"href":"https:\/\/boreait.com\/hu\/wp-json\/wp\/v2\/media?parent=274"}],"wp:term":[{"taxonomy":"product_brand","embeddable":true,"href":"https:\/\/boreait.com\/hu\/wp-json\/wp\/v2\/product_brand?post=274"},{"taxonomy":"product_cat","embeddable":true,"href":"https:\/\/boreait.com\/hu\/wp-json\/wp\/v2\/product_cat?post=274"},{"taxonomy":"product_tag","embeddable":true,"href":"https:\/\/boreait.com\/hu\/wp-json\/wp\/v2\/product_tag?post=274"}],"curies":[{"name":"wp","href":"https:\/\/api.w.org\/{rel}","templated":true}]}}