{"id":273,"date":"2025-09-17T09:23:12","date_gmt":"2025-09-17T07:23:12","guid":{"rendered":"https:\/\/boreait.com\/hu\/?post_type=product&#038;p=273"},"modified":"2026-01-14T08:08:09","modified_gmt":"2026-01-14T07:08:09","slug":"hp-elitebook-8560p-laptop-power-jack-dc-toltokabel-350712q00-600-g","status":"publish","type":"product","link":"https:\/\/boreait.com\/hu\/termek\/hp-elitebook-8560p-laptop-power-jack-dc-toltokabel-350712q00-600-g\/","title":{"rendered":"HP Elitebook 8560p laptop Power Jack DC t\u00f6lt\u0151k\u00e1bel 350712Q00-600-G"},"content":{"rendered":"<p>A HP Elitebook 8560p Power Jack DC t\u00f6lt\u0151k\u00e1bel 350712Q00-600-G egy hiteles cserek\u00e1bel, amelyet kifejezetten a HP Elitebook 8560p laptophoz terveztek. Ez a kiv\u00e1l\u00f3 min\u0151s\u00e9g\u0171 k\u00e1bel felel\u0151s a h\u00e1l\u00f3zati adapter \u00e9s a laptop csatlakoztat\u00e1s\u00e1\u00e9rt, ami megb\u00edzhat\u00f3 t\u00f6lt\u00e9st \u00e9s t\u00e1pell\u00e1t\u00e1st tesz lehet\u0151v\u00e9.<\/p>\n<p>A prec\u00edzen megalkotott \u00e9s a HP min\u0151s\u00e9gi szabv\u00e1nyainak megfelel\u0151 t\u00f6lt\u0151k\u00e1bel z\u00f6kken\u0151mentes kompatibilit\u00e1st \u00e9s egyszer\u0171 telep\u00edt\u00e9st k\u00edn\u00e1l. K\u00f6zvetlen\u00fcl helyettes\u00edti a HP Elitebook 8560p eredeti k\u00e1bel\u00e9t, biztons\u00e1gos kapcsolatot \u00e9s hat\u00e9kony t\u00f6lt\u00e9st biztos\u00edtva.<\/p>\n<p>A HP Elitebook 8560p t\u00e1pcsatlakoz\u00f3 egyen\u00e1ram\u00fa t\u00f6lt\u0151k\u00e1bel 350712Q00-600-G c\u00e9lja, hogy stabil \u00e9s egyenletes t\u00e1pell\u00e1t\u00e1st biztos\u00edtson laptopj\u00e1nak. Ha a s\u00e9r\u00fclt vagy hib\u00e1s k\u00e1belt erre az eredeti cser\u00e9re cser\u00e9li, helyre\u00e1ll\u00edthatja a t\u00f6lt\u00e9si funkci\u00f3t, \u00e9s biztos\u00edthatja, hogy laptopja megkapja a sz\u00fcks\u00e9ges \u00e1ramot.<\/p>\n<p>Az eredeti HP Elitebook 8560p Power Jack DC t\u00f6lt\u0151k\u00e1bel 350712Q00-600-G garant\u00e1lja a megb\u00edzhat\u00f3 teljes\u00edtm\u00e9nyt \u00e9s a HP Elitebook 8560p kompatibilit\u00e1s\u00e1t. Eredetis\u00e9ge \u00e9s a magas min\u0151s\u00e9gi szabv\u00e1nyok betart\u00e1sa ide\u00e1lis v\u00e1laszt\u00e1ss\u00e1 teszi azokat a felhaszn\u00e1l\u00f3kat, akik megb\u00edzhat\u00f3 cserek\u00e1belt keresnek laptopjuk t\u00f6lt\u00e9si ig\u00e9nyeihez.<\/p>\n","protected":false},"excerpt":{"rendered":"<div class=\"group w-full text-gray-800 dark:text-gray-100 border-b border-black\/10 dark:border-gray-900\/50 bg-gray-50 dark:bg-[#444654]\">\n<div class=\"flex p-4 gap-4 text-base md:gap-6 md:max-w-2xl lg:max-w-[38rem] xl:max-w-3xl md:py-6 lg:px-0 m-auto\">\n<div class=\"relat\u00edv flex w-[calc(100%-50px)] flex-col gap-1 md:gap-3 lg:w-[calc(100%-115px)]\">\n<div class=\"flex flex-grow flex-col gap-3\">\n<div class=\"min-h-[20px] flex flex-col items-start gap-4 whitespace-pre-wrap break-words\">\n<div class=\"markdown prose w-full break-words dark:prose-invert light\">\n<p>A HP Elitebook 8560p Power Jack DC t\u00f6lt\u0151k\u00e1bel 350712Q00-600-G egy hiteles cserek\u00e1bel, amelyet a HP Elitebook 8560p laptop megb\u00edzhat\u00f3 t\u00f6lt\u00e9s\u00e9re \u00e9s t\u00e1pell\u00e1t\u00e1s\u00e1ra terveztek. Biztos\u00edtja a biztons\u00e1gos kapcsolatot \u00e9s a hat\u00e9kony t\u00f6lt\u00e9st, \u00edgy stabil \u00e9s \u00e1lland\u00f3 \u00e1ramforr\u00e1st biztos\u00edt.<\/p>\n<\/div>\n<\/div>\n<\/div>\n<\/div>\n<\/div>\n<\/div>\n","protected":false},"featured_media":337,"template":"","meta":[],"product_brand":[],"product_cat":[27,20],"product_tag":[25],"class_list":{"0":"post-273","1":"product","2":"type-product","3":"status-publish","4":"has-post-thumbnail","6":"product_cat-motherboards-board-parts","7":"product_cat-cables","8":"product_tag-hp","10":"first","11":"instock","12":"taxable","13":"shipping-taxable","14":"purchasable","15":"product-type-simple"},"_links":{"self":[{"href":"https:\/\/boreait.com\/hu\/wp-json\/wp\/v2\/product\/273","targetHints":{"allow":["GET"]}}],"collection":[{"href":"https:\/\/boreait.com\/hu\/wp-json\/wp\/v2\/product"}],"about":[{"href":"https:\/\/boreait.com\/hu\/wp-json\/wp\/v2\/types\/product"}],"wp:featuredmedia":[{"embeddable":true,"href":"https:\/\/boreait.com\/hu\/wp-json\/wp\/v2\/media\/337"}],"wp:attachment":[{"href":"https:\/\/boreait.com\/hu\/wp-json\/wp\/v2\/media?parent=273"}],"wp:term":[{"taxonomy":"product_brand","embeddable":true,"href":"https:\/\/boreait.com\/hu\/wp-json\/wp\/v2\/product_brand?post=273"},{"taxonomy":"product_cat","embeddable":true,"href":"https:\/\/boreait.com\/hu\/wp-json\/wp\/v2\/product_cat?post=273"},{"taxonomy":"product_tag","embeddable":true,"href":"https:\/\/boreait.com\/hu\/wp-json\/wp\/v2\/product_tag?post=273"}],"curies":[{"name":"wp","href":"https:\/\/api.w.org\/{rel}","templated":true}]}}