{"id":272,"date":"2025-09-17T09:23:12","date_gmt":"2025-09-17T07:23:12","guid":{"rendered":"https:\/\/boreait.com\/hu\/?post_type=product&#038;p=272"},"modified":"2025-09-17T09:24:29","modified_gmt":"2025-09-17T07:24:29","slug":"hp-elitebook-8560p-hutoborda-647604-001","status":"publish","type":"product","link":"https:\/\/boreait.com\/hu\/termek\/hp-elitebook-8560p-hutoborda-647604-001\/","title":{"rendered":"HP Elitebook 8560p h\u0171t\u0151borda 647604-001"},"content":{"rendered":"<p>A HP Elitebook 8560p h\u0171t\u0151borda 647604-001 egy hiteles csereh\u0171t\u0151, amelyet kifejezetten a HP Elitebook 8560p laptophoz terveztek. Ez a kiv\u00e1l\u00f3 min\u0151s\u00e9g\u0171 h\u0171t\u0151borda d\u00f6nt\u0151 szerepet j\u00e1tszik a laptop bels\u0151 alkatr\u00e9szeinek optim\u00e1lis h\u0151m\u00e9rs\u00e9klet\u00e9nek meg\u0151rz\u00e9s\u00e9ben, \u00edgy biztos\u00edtva a hat\u00e9kony \u00e9s megb\u00edzhat\u00f3 teljes\u00edtm\u00e9nyt.<\/p>\n<p>A prec\u00edzen megalkotott \u00e9s a HP min\u0151s\u00e9gi szabv\u00e1nyainak megfelel\u0151 h\u0171t\u0151borda z\u00f6kken\u0151mentes kompatibilit\u00e1st \u00e9s egyszer\u0171 telep\u00edt\u00e9st k\u00edn\u00e1l. K\u00f6zvetlen\u00fcl helyettes\u00edti a HP Elitebook 8560p eredeti h\u0171t\u0151bord\u00e1j\u00e1t, amely garant\u00e1lja a megfelel\u0151 h\u0151elvezet\u00e9st \u00e9s megel\u0151zi a t\u00falmeleged\u00e9si probl\u00e9m\u00e1kat.<\/p>\n<p>A HP Elitebook 8560p h\u0171t\u0151bord\u00e1t 647604-001 \u00fagy tervezt\u00e9k, hogy hat\u00e9konyan vezesse el a laptop processzora, grafikus k\u00e1rty\u00e1ja \u00e9s egy\u00e9b \u00f6sszetev\u0151i \u00e1ltal termelt h\u0151t. Ha r\u00e9gi vagy hib\u00e1s h\u0171t\u0151bord\u00e1j\u00e1t erre az eredeti cser\u00e9re cser\u00e9li, hat\u00e9konyan szab\u00e1lyozhatja a h\u0151m\u00e9rs\u00e9kletet, megel\u0151zheti a h\u0151szab\u00e1lyoz\u00e1st, \u00e9s meg\u0151rizheti laptopja hossz\u00fa \u00e9lettartam\u00e1t.<\/p>\n<p>Ha befektet az eredeti HP Elitebook 8560p Heatsink 647604-001-be, akkor megb\u00edzhat\u00f3 teljes\u00edtm\u00e9nyt \u00e9s kompatibilit\u00e1st biztos\u00edt HP Elitebook 8560p k\u00e9sz\u00fcl\u00e9k\u00e9vel. Eredetis\u00e9ge \u00e9s a magas min\u0151s\u00e9gi szabv\u00e1nyok betart\u00e1sa ide\u00e1lis v\u00e1laszt\u00e1ss\u00e1 teszi azokat a felhaszn\u00e1l\u00f3kat, akik megb\u00edzhat\u00f3 csereh\u0171t\u0151t keresnek laptopjuk h\u0171t\u00e9si ig\u00e9nyeihez.<\/p>\n","protected":false},"excerpt":{"rendered":"<div class=\"group w-full text-gray-800 dark:text-gray-100 border-b border-black\/10 dark:border-gray-900\/50 bg-gray-50 dark:bg-[#444654]\">\n<div class=\"flex p-4 gap-4 text-base md:gap-6 md:max-w-2xl lg:max-w-[38rem] xl:max-w-3xl md:py-6 lg:px-0 m-auto\">\n<div class=\"relat\u00edv flex w-[calc(100%-50px)] flex-col gap-1 md:gap-3 lg:w-[calc(100%-115px)]\">\n<div class=\"flex flex-grow flex-col gap-3\">\n<div class=\"min-h-[20px] flex flex-col items-start gap-4 whitespace-pre-wrap break-words\">\n<div class=\"markdown prose w-full break-words dark:prose-invert light\">\n<p>A HP Elitebook 8560p Heatsink 647604-001 egy hiteles csere, amelyet a HP Elitebook 8560p laptop hat\u00e9kony h\u0151elvezet\u00e9s\u00e9re terveztek. Kiv\u00e1l\u00f3 min\u0151s\u00e9g\u0171 fel\u00e9p\u00edt\u00e9se megb\u00edzhat\u00f3 teljes\u00edtm\u00e9nyt biztos\u00edt, \u00e9s seg\u00edt megel\u0151zni a t\u00falmeleged\u00e9si probl\u00e9m\u00e1kat, fenntartva az optim\u00e1lis rendszerteljes\u00edtm\u00e9nyt.<\/p>\n<\/div>\n<\/div>\n<\/div>\n<div class=\"flex justify-between lg:block\">\n<div class=\"text-gray-400 flex self-end lg:self-center justify-center mt-2 gap-2 md:gap-3 lg:gap-1 lg:absolute lg:top-0 lg:translate-x-full lg:right-0 lg:mt-0\">lg:pl-2 l\u00e1that\u00f3<\/p>\n<p>&nbsp;<\/p>\n<div class=\"flex gap-1\"><\/div>\n<\/div>\n<\/div>\n<\/div>\n<\/div>\n<\/div>\n","protected":false},"featured_media":336,"template":"","meta":[],"product_brand":[],"product_cat":[33],"product_tag":[25],"class_list":{"0":"post-272","1":"product","2":"type-product","3":"status-publish","4":"has-post-thumbnail","6":"product_cat-cpu-fans-heatsinks","7":"product_tag-hp","9":"first","10":"instock","11":"taxable","12":"shipping-taxable","13":"purchasable","14":"product-type-simple"},"_links":{"self":[{"href":"https:\/\/boreait.com\/hu\/wp-json\/wp\/v2\/product\/272","targetHints":{"allow":["GET"]}}],"collection":[{"href":"https:\/\/boreait.com\/hu\/wp-json\/wp\/v2\/product"}],"about":[{"href":"https:\/\/boreait.com\/hu\/wp-json\/wp\/v2\/types\/product"}],"wp:featuredmedia":[{"embeddable":true,"href":"https:\/\/boreait.com\/hu\/wp-json\/wp\/v2\/media\/336"}],"wp:attachment":[{"href":"https:\/\/boreait.com\/hu\/wp-json\/wp\/v2\/media?parent=272"}],"wp:term":[{"taxonomy":"product_brand","embeddable":true,"href":"https:\/\/boreait.com\/hu\/wp-json\/wp\/v2\/product_brand?post=272"},{"taxonomy":"product_cat","embeddable":true,"href":"https:\/\/boreait.com\/hu\/wp-json\/wp\/v2\/product_cat?post=272"},{"taxonomy":"product_tag","embeddable":true,"href":"https:\/\/boreait.com\/hu\/wp-json\/wp\/v2\/product_tag?post=272"}],"curies":[{"name":"wp","href":"https:\/\/api.w.org\/{rel}","templated":true}]}}