{"id":268,"date":"2025-09-17T09:23:11","date_gmt":"2025-09-17T07:23:11","guid":{"rendered":"https:\/\/boreait.com\/hu\/?post_type=product&#038;p=268"},"modified":"2025-09-17T09:24:10","modified_gmt":"2025-09-17T07:24:10","slug":"60nb0650-mba110-x555lab-alaplap-asus-x554l-intel-i3-5005u-cpu-hoz","status":"publish","type":"product","link":"https:\/\/boreait.com\/hu\/termek\/60nb0650-mba110-x555lab-alaplap-asus-x554l-intel-i3-5005u-cpu-hoz\/","title":{"rendered":"60NB0650-MBA110 X555LAB alaplap Asus X554L Intel i3-5005u CPU-hoz"},"content":{"rendered":"<p>A 60NB0650-MBA110 X555LAB alaplap egy eredeti cserealkatr\u00e9sz, amelyet az Asus X554L laptop modellhez terveztek. Ez az alaplap kifejezetten Intel i3-5005u CPU t\u00e1mogat\u00e1s\u00e1ra van felszerelve, megb\u00edzhat\u00f3 \u00e9s hat\u00e9kony teljes\u00edtm\u00e9nyt biztos\u00edtva.<\/p>\n<p>A kompakt \u00e9s tart\u00f3s kialak\u00edt\u00e1s\u00fa 60NB0650-MBA110 alaplap z\u00f6kken\u0151mentes kompatibilit\u00e1st \u00e9s egyszer\u0171 telep\u00edt\u00e9st biztos\u00edt az Asus X554L laptopon bel\u00fcl. Az \u00f6sszes hardverelem k\u00f6zponti eloszt\u00f3jak\u00e9nt szolg\u00e1l, lehet\u0151v\u00e9 t\u00e9ve a z\u00f6kken\u0151mentes kommunik\u00e1ci\u00f3t \u00e9s koordin\u00e1ci\u00f3t a laptop k\u00fcl\u00f6nb\u00f6z\u0151 r\u00e9szei k\u00f6z\u00f6tt.<\/p>\n<p>Az Intel i3-5005u CPU t\u00e1mogat\u00e1s\u00e1val ez az alaplap hat\u00e9kony t\u00f6bbfeladatos munkav\u00e9gz\u00e9st, z\u00f6kken\u0151mentes m\u0171k\u00f6d\u00e9st \u00e9s optim\u00e1lis teljes\u00edtm\u00e9nyt tesz lehet\u0151v\u00e9. Lehet\u0151v\u00e9 teszi a laptop sz\u00e1m\u00e1ra k\u00fcl\u00f6nf\u00e9le sz\u00e1m\u00edt\u00e1si feladatok kezel\u00e9s\u00e9t, bele\u00e9rtve a webb\u00f6ng\u00e9sz\u00e9st, az irodai termel\u00e9kenys\u00e9get \u00e9s a multim\u00e9dia-fogyaszt\u00e1st.<\/p>\n<p>Friss\u00edtse Asus X554L laptopj\u00e1t a 60NB0650-MBA110 X555LAB alaplappal, hogy megtapasztalhassa a nagyobb feldolgoz\u00e1si teljes\u00edtm\u00e9nyt \u00e9s a rendszer \u00e1ltal\u00e1nos teljes\u00edtm\u00e9ny\u00e9t. \u00c9lvezze a megb\u00edzhat\u00f3 \u00e9s kompatibilis alaplap el\u0151nyeit, amelyet \u00fagy terveztek, hogy maximaliz\u00e1lja Intel i3-5005u CPU-j\u00e1ban rejl\u0151 lehet\u0151s\u00e9geket.<\/p>\n","protected":false},"excerpt":{"rendered":"<p>A 60NB0650-MBA110 X555LAB alaplap az Asus X554L laptop eredeti cserealkatr\u00e9sze. Az Intel i3-5005u CPU-hoz tervezett alaplap megb\u00edzhat\u00f3 teljes\u00edtm\u00e9nyt \u00e9s z\u00f6kken\u0151mentes kompatibilit\u00e1st k\u00edn\u00e1l. Friss\u00edtse laptopj\u00e1t ezzel az alaplappal a feldolgoz\u00e1si teljes\u00edtm\u00e9ny \u00e9s az \u00e1ltal\u00e1nos teljes\u00edtm\u00e9ny n\u00f6vel\u00e9se \u00e9rdek\u00e9ben.<\/p>\n","protected":false},"featured_media":326,"template":"","meta":[],"product_brand":[],"product_cat":[27],"product_tag":[30],"class_list":{"0":"post-268","1":"product","2":"type-product","3":"status-publish","4":"has-post-thumbnail","6":"product_cat-motherboards-board-parts","7":"product_tag-asus","9":"first","10":"instock","11":"taxable","12":"shipping-taxable","13":"purchasable","14":"product-type-simple"},"_links":{"self":[{"href":"https:\/\/boreait.com\/hu\/wp-json\/wp\/v2\/product\/268","targetHints":{"allow":["GET"]}}],"collection":[{"href":"https:\/\/boreait.com\/hu\/wp-json\/wp\/v2\/product"}],"about":[{"href":"https:\/\/boreait.com\/hu\/wp-json\/wp\/v2\/types\/product"}],"wp:featuredmedia":[{"embeddable":true,"href":"https:\/\/boreait.com\/hu\/wp-json\/wp\/v2\/media\/326"}],"wp:attachment":[{"href":"https:\/\/boreait.com\/hu\/wp-json\/wp\/v2\/media?parent=268"}],"wp:term":[{"taxonomy":"product_brand","embeddable":true,"href":"https:\/\/boreait.com\/hu\/wp-json\/wp\/v2\/product_brand?post=268"},{"taxonomy":"product_cat","embeddable":true,"href":"https:\/\/boreait.com\/hu\/wp-json\/wp\/v2\/product_cat?post=268"},{"taxonomy":"product_tag","embeddable":true,"href":"https:\/\/boreait.com\/hu\/wp-json\/wp\/v2\/product_tag?post=268"}],"curies":[{"name":"wp","href":"https:\/\/api.w.org\/{rel}","templated":true}]}}