{"id":267,"date":"2025-09-17T09:23:11","date_gmt":"2025-09-17T07:23:11","guid":{"rendered":"https:\/\/boreait.com\/hu\/?post_type=product&#038;p=267"},"modified":"2026-01-07T09:42:17","modified_gmt":"2026-01-07T08:42:17","slug":"csere-bal-es-jobb-lcd-csuklopant-asus-x512-x512f-x512fa-laptop-lr-csuklopanthoz","status":"publish","type":"product","link":"https:\/\/boreait.com\/hu\/termek\/csere-bal-es-jobb-lcd-csuklopant-asus-x512-x512f-x512fa-laptop-lr-csuklopanthoz\/","title":{"rendered":"Csere bal \u00e9s jobb LCD csukl\u00f3p\u00e1nt ASUS X512 X512F X512FA laptop L&#038;R csukl\u00f3p\u00e1nthoz"},"content":{"rendered":"<p>A csere bal &amp; A jobb oldali LCD csukl\u00f3p\u00e1nt kifejezetten az ASUS X512 X512F X512FA laptophoz k\u00e9sz\u00fclt. Ez a zsan\u00e9rk\u00e9szlet mind a bal, mind a jobb oldali zsan\u00e9rokat tartalmazza, teljes megold\u00e1st ny\u00fajtva laptopja LCD k\u00e9perny\u0151j\u00e9nek zsan\u00e9rainak jav\u00edt\u00e1s\u00e1hoz vagy cser\u00e9j\u00e9hez.<\/p>\n<p>A pontoss\u00e1g \u00e9s a tart\u00f3ss\u00e1g szem el\u0151tt tart\u00e1s\u00e1val k\u00e9sz\u00fclt zsan\u00e9rok biztos\u00edtj\u00e1k a laptop kijelz\u0151j\u00e9nek z\u00f6kken\u0151mentes nyit\u00e1s\u00e1t \u00e9s z\u00e1r\u00e1s\u00e1t. \u00dagy tervezt\u00e9k, hogy z\u00f6kken\u0151mentesen illeszkedjenek az ASUS X512 X512F X512FA laptopmodellhez, garant\u00e1lva a megfelel\u0151 be\u00e1ll\u00edt\u00e1st \u00e9s funkcionalit\u00e1st.<\/p>\n<p>A r\u00e9gi vagy s\u00e9r\u00fclt zsan\u00e9rok kicser\u00e9l\u00e9s\u00e9vel ezzel a k\u00e9szlettel helyre\u00e1ll\u00edthatja laptopja LCD-k\u00e9perny\u0151j\u00e9nek stabilit\u00e1s\u00e1t \u00e9s rugalmass\u00e1g\u00e1t. Ez k\u00e9nyelmes betekint\u00e9si sz\u00f6geket tesz lehet\u0151v\u00e9, \u00e9s megakad\u00e1lyozza az ingadoz\u00e1st vagy az eltol\u00e1si probl\u00e9m\u00e1kat, amelyek h\u00e1tr\u00e1ltathatj\u00e1k a felhaszn\u00e1l\u00f3i \u00e9lm\u00e9nyt.<\/p>\n<p>Friss\u00edtse ASUS X512 X512F X512FA laptopj\u00e1t a Csere bal oldali \u00e9s amp; A jobb oldali LCD csukl\u00f3p\u00e1nt visszanyeri LCD k\u00e9perny\u0151j\u00e9nek teljes funkcionalit\u00e1s\u00e1t. \u00c9lvezze a kijelz\u0151 z\u00f6kken\u0151mentes nyit\u00e1s\u00e1t \u00e9s z\u00e1r\u00e1s\u00e1t, mik\u00f6zben meg\u0151rzi k\u00e9sz\u00fcl\u00e9ke stabilit\u00e1s\u00e1t \u00e9s hossz\u00fa \u00e9lettartam\u00e1t.<\/p>\n","protected":false},"excerpt":{"rendered":"<div class=\"group w-full text-gray-800 dark:text-gray-100 border-b border-black\/10 dark:border-gray-900\/50 bg-gray-50 dark:bg-[#444654]\">\n<div class=\"flex p-4 gap-4 text-base md:gap-6 md:max-w-2xl lg:max-w-xl xl:max-w-3xl md:py-6 lg:px-0 m-auto\">\n<div class=\"relat\u00edv flex w-[calc(100%-50px)] flex-col gap-1 md:gap-3 lg:w-[calc(100%-115px)]\">\n<div class=\"flex flex-grow flex-col gap-3\">\n<div class=\"min-h-[20px] flex flex-col items-start gap-4 whitespace-pre-wrap break-words\">\n<div class=\"markdown prose w-full break-words dark:prose-invert light\">\n<p>A bal oldali csere &amp; A jobb LCD csukl\u00f3p\u00e1ntot az ASUS X512 X512F X512FA laptophoz tervezt\u00e9k. Ez a k\u00e9szlet mindk\u00e9t zsan\u00e9rt tartalmazza az LCD k\u00e9perny\u0151 zsan\u00e9rainak jav\u00edt\u00e1s\u00e1hoz vagy cser\u00e9j\u00e9hez. Ezzel a tart\u00f3s zsan\u00e9rk\u00e9szlettel \u00e1ll\u00edtsa vissza laptopja kijelz\u0151j\u00e9nek stabilit\u00e1s\u00e1t \u00e9s rugalmass\u00e1g\u00e1t.<\/p>\n<\/div>\n<\/div>\n<\/div>\n<\/div>\n<\/div>\n<\/div>\n","protected":false},"featured_media":319,"template":"","meta":[],"product_brand":[],"product_cat":[19],"product_tag":[30],"class_list":{"0":"post-267","1":"product","2":"type-product","3":"status-publish","4":"has-post-thumbnail","6":"product_cat-screen-hinge","7":"product_tag-asus","9":"first","10":"instock","11":"taxable","12":"shipping-taxable","13":"purchasable","14":"product-type-simple"},"_links":{"self":[{"href":"https:\/\/boreait.com\/hu\/wp-json\/wp\/v2\/product\/267","targetHints":{"allow":["GET"]}}],"collection":[{"href":"https:\/\/boreait.com\/hu\/wp-json\/wp\/v2\/product"}],"about":[{"href":"https:\/\/boreait.com\/hu\/wp-json\/wp\/v2\/types\/product"}],"wp:featuredmedia":[{"embeddable":true,"href":"https:\/\/boreait.com\/hu\/wp-json\/wp\/v2\/media\/319"}],"wp:attachment":[{"href":"https:\/\/boreait.com\/hu\/wp-json\/wp\/v2\/media?parent=267"}],"wp:term":[{"taxonomy":"product_brand","embeddable":true,"href":"https:\/\/boreait.com\/hu\/wp-json\/wp\/v2\/product_brand?post=267"},{"taxonomy":"product_cat","embeddable":true,"href":"https:\/\/boreait.com\/hu\/wp-json\/wp\/v2\/product_cat?post=267"},{"taxonomy":"product_tag","embeddable":true,"href":"https:\/\/boreait.com\/hu\/wp-json\/wp\/v2\/product_tag?post=267"}],"curies":[{"name":"wp","href":"https:\/\/api.w.org\/{rel}","templated":true}]}}