{"id":266,"date":"2025-09-17T09:23:11","date_gmt":"2025-09-17T07:23:11","guid":{"rendered":"https:\/\/boreait.com\/hu\/?post_type=product&#038;p=266"},"modified":"2026-01-13T17:31:51","modified_gmt":"2026-01-13T16:31:51","slug":"kepernyo-fem-konzol-zsanerok-kepernyo-csuklopant-a-hp-elitebook-8560p-i7-2640-vga-156-gw704tcwx788av-keszulekhez","status":"publish","type":"product","link":"https:\/\/boreait.com\/hu\/termek\/kepernyo-fem-konzol-zsanerok-kepernyo-csuklopant-a-hp-elitebook-8560p-i7-2640-vga-156-gw704tcwx788av-keszulekhez\/","title":{"rendered":"K\u00e9perny\u0151 f\u00e9m konzol zsan\u00e9rok k\u00e9perny\u0151 csukl\u00f3p\u00e1nt a HP EliteBook 8560p i7-2640\/VGA\/15,6 GW704TC#WX788AV k\u00e9sz\u00fcl\u00e9khez"},"content":{"rendered":"<p>A k\u00e9perny\u0151 f\u00e9m tart\u00f3p\u00e1ntjai (k\u00e9perny\u0151p\u00e1nt) egy eredeti cserealkatr\u00e9sz, amelyet a HP EliteBook 8560p i7-2640\/VGA\/15.6 laptopmodellhez terveztek (GW704TC#WX788AV). Ezek a f\u00e9m tart\u00f3konzolok stabilit\u00e1st \u00e9s t\u00e1mogat\u00e1st ny\u00fajtanak a laptop k\u00e9perny\u0151j\u00e9nek, lehet\u0151v\u00e9 t\u00e9ve annak z\u00f6kken\u0151mentes nyit\u00e1s\u00e1t \u00e9s z\u00e1r\u00e1s\u00e1t.<\/p>\n<p>A kiv\u00e1l\u00f3 min\u0151s\u00e9g\u0171 anyagokb\u00f3l k\u00e9sz\u00fclt zsan\u00e9rok \u00fagy k\u00e9sz\u00fcltek, hogy ellen\u00e1lljanak a rendszeres haszn\u00e1latnak \u00e9s biztos\u00edts\u00e1k a tart\u00f3ss\u00e1got. \u00dagy tervezt\u00e9k, hogy pontosan illeszkedjenek a HP EliteBook 8560p laptophoz, biztos\u00edtva a kompatibilit\u00e1st \u00e9s az egyszer\u0171 telep\u00edt\u00e9st.<\/p>\n<p>Ha a r\u00e9gi vagy s\u00e9r\u00fclt zsan\u00e9rokat kicser\u00e9li a k\u00e9perny\u0151 f\u00e9m tart\u00f3p\u00e1ntjaira, vissza\u00e1ll\u00edthatja a laptop k\u00e9perny\u0151j\u00e9nek megfelel\u0151 m\u0171k\u00f6d\u00e9s\u00e9t. Ez mag\u00e1ban foglalja a sima nyit\u00e1st \u00e9s z\u00e1r\u00e1st, megakad\u00e1lyozva a nem k\u00edv\u00e1nt l\u00f6ty\u00f6g\u00e9st vagy eltol\u00f3d\u00e1st.<\/p>\n<p>Friss\u00edtse HP EliteBook 8560p i7-2640\/VGA\/15.6 laptopj\u00e1t a k\u00e9perny\u0151 f\u00e9m tart\u00f3p\u00e1ntjaival a jobb k\u00e9perny\u0151stabilit\u00e1s \u00e9s hossz\u00fa \u00e9lettartam \u00e9rdek\u00e9ben. Gondoskodjon z\u00f6kken\u0151mentes \u00e9lm\u00e9nyr\u0151l laptopja haszn\u00e1lata k\u00f6zben, ak\u00e1r munka, ak\u00e1r sz\u00f3rakoz\u00e1s c\u00e9lj\u00e1b\u00f3l.<\/p>\n","protected":false},"excerpt":{"rendered":"<div class=\"group w-full text-gray-800 dark:text-gray-100 border-b border-black\/10 dark:border-gray-900\/50 bg-gray-50 dark:bg-[#444654]\">\n<div class=\"flex p-4 gap-4 text-base md:gap-6 md:max-w-2xl lg:max-w-xl xl:max-w-3xl md:py-6 lg:px-0 m-auto\">\n<div class=\"relat\u00edv flex w-[calc(100%-50px)] flex-col gap-1 md:gap-3 lg:w-[calc(100%-115px)]\">\n<div class=\"flex flex-grow flex-col gap-3\">\n<div class=\"min-h-[20px] flex flex-col items-start gap-4 whitespace-pre-wrap break-words\">\n<div class=\"markdown prose w-full break-words dark:prose-invert light\">\n<p>A k\u00e9perny\u0151 f\u00e9m tart\u00f3p\u00e1ntjai a HP EliteBook 8560p i7-2640\/VGA\/15.6 laptophoz (GW704TC#WX788AV) tervezett cserealkatr\u00e9szek. Ezek a zsan\u00e9rok stabilit\u00e1st \u00e9s egyenletes mozg\u00e1st biztos\u00edtanak a laptop k\u00e9perny\u0151j\u00e9nek. Friss\u00edtse HP EliteBookj\u00e1t ezekkel a tart\u00f3s zsan\u00e9rokkal a jobb k\u00e9perny\u0151 funkcionalit\u00e1s \u00e9s a hossz\u00fa \u00e9lettartam \u00e9rdek\u00e9ben.<\/p>\n<\/div>\n<\/div>\n<\/div>\n<\/div>\n<\/div>\n<\/div>\n","protected":false},"featured_media":318,"template":"","meta":[],"product_brand":[],"product_cat":[19],"product_tag":[25],"class_list":{"0":"post-266","1":"product","2":"type-product","3":"status-publish","4":"has-post-thumbnail","6":"product_cat-screen-hinge","7":"product_tag-hp","9":"first","10":"instock","11":"taxable","12":"shipping-taxable","13":"purchasable","14":"product-type-simple"},"_links":{"self":[{"href":"https:\/\/boreait.com\/hu\/wp-json\/wp\/v2\/product\/266","targetHints":{"allow":["GET"]}}],"collection":[{"href":"https:\/\/boreait.com\/hu\/wp-json\/wp\/v2\/product"}],"about":[{"href":"https:\/\/boreait.com\/hu\/wp-json\/wp\/v2\/types\/product"}],"wp:featuredmedia":[{"embeddable":true,"href":"https:\/\/boreait.com\/hu\/wp-json\/wp\/v2\/media\/318"}],"wp:attachment":[{"href":"https:\/\/boreait.com\/hu\/wp-json\/wp\/v2\/media?parent=266"}],"wp:term":[{"taxonomy":"product_brand","embeddable":true,"href":"https:\/\/boreait.com\/hu\/wp-json\/wp\/v2\/product_brand?post=266"},{"taxonomy":"product_cat","embeddable":true,"href":"https:\/\/boreait.com\/hu\/wp-json\/wp\/v2\/product_cat?post=266"},{"taxonomy":"product_tag","embeddable":true,"href":"https:\/\/boreait.com\/hu\/wp-json\/wp\/v2\/product_tag?post=266"}],"curies":[{"name":"wp","href":"https:\/\/api.w.org\/{rel}","templated":true}]}}