{"id":262,"date":"2025-09-17T09:23:10","date_gmt":"2025-09-17T07:23:10","guid":{"rendered":"https:\/\/boreait.com\/hu\/?post_type=product&#038;p=262"},"modified":"2026-01-14T08:07:28","modified_gmt":"2026-01-14T07:07:28","slug":"mt16ktf51264hz-1g6m1-eredeti-oem-micron-4-gb-pc3-12800-laptop-memoria-ca69","status":"publish","type":"product","link":"https:\/\/boreait.com\/hu\/termek\/mt16ktf51264hz-1g6m1-eredeti-oem-micron-4-gb-pc3-12800-laptop-memoria-ca69\/","title":{"rendered":"MT16KTF51264HZ-1G6M1 EREDETI OEM MICRON 4 GB PC3-12800 LAPTOP MEM\u00d3RIA (CA69)"},"content":{"rendered":"<p>Az MT16KTF51264HZ-1G6M1 egy eredeti OEM Micron 4GB PC3-12800 laptop mem\u00f3riamodul (CA69). Ez a kifejezetten laptopokhoz tervezett mem\u00f3riamodul megb\u00edzhat\u00f3 \u00e9s nagy teljes\u00edtm\u00e9ny\u0171 mem\u00f3riakapacit\u00e1st biztos\u00edt.<\/p>\n<p>A 4 GB kapacit\u00e1s\u00fa Micron mem\u00f3riamodul b\u0151s\u00e9ges helyet k\u00edn\u00e1l t\u00f6bbfeladatos munkav\u00e9gz\u00e9shez \u00e9s nagy mem\u00f3riaig\u00e9nyes alkalmaz\u00e1sok futtat\u00e1s\u00e1hoz, biztos\u00edtva a z\u00f6kken\u0151mentes \u00e9s hat\u00e9kony teljes\u00edtm\u00e9nyt.<\/p>\n<p>A PC3-12800 sebess\u00e9ggel m\u0171k\u00f6d\u0151 modul gyors, 12800 megab\u00e1jt\/s adat\u00e1tviteli sebess\u00e9get biztos\u00edt, lehet\u0151v\u00e9 t\u00e9ve a rendszer gyors \u00e9s \u00e9rz\u00e9keny teljes\u00edtm\u00e9ny\u00e9t. Ez alkalmass\u00e1 teszi olyan ig\u00e9nyes feladatokra, mint a j\u00e1t\u00e9kok, a multim\u00e9di\u00e1s szerkeszt\u00e9s \u00e9s m\u00e1s mem\u00f3riaig\u00e9nyes alkalmaz\u00e1sok.<\/p>\n<p>Az MT16KTF51264HZ-1G6M1 modellsz\u00e1m biztos\u00edtja a kompatibilit\u00e1st \u00e9s a hiteless\u00e9get, biztos\u00edtva \u00d6nt, hogy egy eredeti OEM Micron mem\u00f3riamodult kap, amely megfelel a legmagasabb min\u0151s\u00e9gi k\u00f6vetelm\u00e9nyeknek.<\/p>\n<p>Friss\u00edtse laptopj\u00e1t az MT16KTF51264HZ-1G6M1 EREDETI OEM Micron 4 GB PC3-12800 laptop mem\u00f3ri\u00e1val, hogy jav\u00edtsa \u00e1ltal\u00e1nos teljes\u00edtm\u00e9ny\u00e9t, \u00e9s biztos\u00edtsa a k\u00fcl\u00f6nf\u00e9le alkalmaz\u00e1sok \u00e9s feladatok zavartalan m\u0171k\u00f6d\u00e9s\u00e9t.<\/p>\n","protected":false},"excerpt":{"rendered":"<p>Az MT16KTF51264HZ-1G6M1 egy eredeti Micron 4GB PC3-12800 laptop mem\u00f3riamodul. Megb\u00edzhat\u00f3 \u00e9s nagy teljes\u00edtm\u00e9ny\u0171 mem\u00f3riakapacit\u00e1st biztos\u00edt laptopok sz\u00e1m\u00e1ra, lehet\u0151v\u00e9 t\u00e9ve a hat\u00e9kony t\u00f6bbfeladatos munk\u00e1t \u00e9s a mem\u00f3riaig\u00e9nyes alkalmaz\u00e1sok z\u00f6kken\u0151mentes m\u0171k\u00f6d\u00e9s\u00e9t. A gyors adat\u00e1tviteli sebess\u00e9gnek \u00e9s a kompatibilit\u00e1si biztos\u00edt\u00e9knak k\u00f6sz\u00f6nhet\u0151en ez a mem\u00f3riamodul ide\u00e1lis friss\u00edt\u00e9s laptopja teljes\u00edtm\u00e9ny\u00e9nek n\u00f6vel\u00e9s\u00e9hez.<\/p>\n","protected":false},"featured_media":312,"template":"","meta":[],"product_brand":[],"product_cat":[37,36],"product_tag":[],"class_list":{"0":"post-262","1":"product","2":"type-product","3":"status-publish","4":"has-post-thumbnail","6":"product_cat-ddr3-ddr3l","7":"product_cat-ram-memory","9":"first","10":"instock","11":"taxable","12":"shipping-taxable","13":"purchasable","14":"product-type-simple"},"_links":{"self":[{"href":"https:\/\/boreait.com\/hu\/wp-json\/wp\/v2\/product\/262","targetHints":{"allow":["GET"]}}],"collection":[{"href":"https:\/\/boreait.com\/hu\/wp-json\/wp\/v2\/product"}],"about":[{"href":"https:\/\/boreait.com\/hu\/wp-json\/wp\/v2\/types\/product"}],"wp:featuredmedia":[{"embeddable":true,"href":"https:\/\/boreait.com\/hu\/wp-json\/wp\/v2\/media\/312"}],"wp:attachment":[{"href":"https:\/\/boreait.com\/hu\/wp-json\/wp\/v2\/media?parent=262"}],"wp:term":[{"taxonomy":"product_brand","embeddable":true,"href":"https:\/\/boreait.com\/hu\/wp-json\/wp\/v2\/product_brand?post=262"},{"taxonomy":"product_cat","embeddable":true,"href":"https:\/\/boreait.com\/hu\/wp-json\/wp\/v2\/product_cat?post=262"},{"taxonomy":"product_tag","embeddable":true,"href":"https:\/\/boreait.com\/hu\/wp-json\/wp\/v2\/product_tag?post=262"}],"curies":[{"name":"wp","href":"https:\/\/api.w.org\/{rel}","templated":true}]}}