{"id":261,"date":"2025-09-17T09:23:10","date_gmt":"2025-09-17T07:23:10","guid":{"rendered":"https:\/\/boreait.com\/hu\/?post_type=product&#038;p=261"},"modified":"2026-01-07T09:42:04","modified_gmt":"2026-01-07T08:42:04","slug":"intel-centrino-advanced-n-6205-wlan-wifi-mini-pcie-adapter-tipusa-62205anhmw-2","status":"publish","type":"product","link":"https:\/\/boreait.com\/hu\/termek\/intel-centrino-advanced-n-6205-wlan-wifi-mini-pcie-adapter-tipusa-62205anhmw-2\/","title":{"rendered":"Intel Centrino Advanced-N 6205 WLAN WIFI Mini PCIe adapter t\u00edpusa: 62205ANHMW"},"content":{"rendered":"<p>Az Intel Centrino Advanced-N 6205 WLAN WIFI Mini PCIe Adapter (modell: 62205ANHMW) egy nagy teljes\u00edtm\u00e9ny\u0171 vezet\u00e9k n\u00e9lk\u00fcli h\u00e1l\u00f3zati k\u00e1rtya, amelyet laptopokhoz \u00e9s Mini PCIe b\u0151v\u00edt\u0151helyekkel rendelkez\u0151 eszk\u00f6z\u00f6kh\u00f6z terveztek. Megb\u00edzhat\u00f3 \u00e9s gyors Wi-Fi-kapcsolatot k\u00edn\u00e1l, lehet\u0151v\u00e9 t\u00e9ve a felhaszn\u00e1l\u00f3k sz\u00e1m\u00e1ra a vezet\u00e9k n\u00e9lk\u00fcli h\u00e1l\u00f3zatokhoz val\u00f3 csatlakoz\u00e1st \u00e9s az internet egyszer\u0171 el\u00e9r\u00e9s\u00e9t.<\/p>\n<p>A leg\u00fajabb 802.11n vezet\u00e9k n\u00e9lk\u00fcli szabv\u00e1ny t\u00e1mogat\u00e1s\u00e1val a Centrino Advanced-N 6205 nagyobb sebess\u00e9get \u00e9s sz\u00e9lesebb lefedetts\u00e9get biztos\u00edt a r\u00e9gebbi Wi-Fi technol\u00f3gi\u00e1khoz k\u00e9pest. A 2,4 GHz-es \u00e9s az 5 GHz-es frekvencias\u00e1von egyar\u00e1nt m\u0171k\u00f6dik, rugalmass\u00e1got \u00e9s kompatibilit\u00e1st biztos\u00edtva a k\u00fcl\u00f6nb\u00f6z\u0151 vezet\u00e9k n\u00e9lk\u00fcli h\u00e1l\u00f3zatokkal.<\/p>\n<p>A t\u00f6bb bemeneti t\u00f6bbkimenet\u0171 (MIMO) technol\u00f3gi\u00e1val rendelkez\u0151 adapter t\u00f6bb antenn\u00e1t haszn\u00e1l az adat\u00e1tvitel \u00e9s -v\u00e9tel jav\u00edt\u00e1s\u00e1ra, ami gyorsabb \u00e9s stabilabb kapcsolatokat eredm\u00e9nyez. Ezenk\u00edv\u00fcl fejlett biztons\u00e1gi funkci\u00f3kat tartalmaz a biztons\u00e1gos \u00e9s titkos\u00edtott vezet\u00e9k n\u00e9lk\u00fcli kommunik\u00e1ci\u00f3 \u00e9rdek\u00e9ben.<\/p>\n<p>Az adott modellsz\u00e1m, a 62205ANHMW, pontos azonos\u00edt\u00e1st \u00e9s kompatibilit\u00e1st biztos\u00edt az Intel Centrino Advanced-N 6205 WLAN WIFI Mini PCIe Adapterrel, megk\u00f6nny\u00edtve a megfelel\u0151 illeszt\u0151programok \u00e9s t\u00e1mogat\u00e1s megtal\u00e1l\u00e1s\u00e1t.<\/p>\n<p>\u00d6sszefoglalva, az Intel Centrino Advanced-N 6205 WLAN WIFI Mini PCIe Adapter (modell: 62205ANHMW) egy megb\u00edzhat\u00f3 \u00e9s nagy teljes\u00edtm\u00e9ny\u0171 vezet\u00e9k n\u00e9lk\u00fcli h\u00e1l\u00f3zati megold\u00e1s. Nagy sebess\u00e9g\u00e9vel, k\u00e9ts\u00e1vos k\u00e9pess\u00e9g\u00e9vel \u00e9s olyan fejlett funkci\u00f3ival, mint a MIMO technol\u00f3gia, z\u00f6kken\u0151mentes kapcsolatot biztos\u00edt, \u00e9s jav\u00edtja az \u00e1ltal\u00e1nos vezet\u00e9k n\u00e9lk\u00fcli \u00e9lm\u00e9nyt.<\/p>\n","protected":false},"excerpt":{"rendered":"<p>Az Intel Centrino Advanced-N 6205 WLAN WIFI Mini PCIe Adapter (modell: 62205ANHMW) egy laptopokhoz tervezett nagy teljes\u00edtm\u00e9ny\u0171 vezet\u00e9k n\u00e9lk\u00fcli h\u00e1l\u00f3zati k\u00e1rtya. Megb\u00edzhat\u00f3 \u00e9s gyors Wi-Fi kapcsolatot k\u00edn\u00e1l a leg\u00fajabb 802.11n szabv\u00e1ny t\u00e1mogat\u00e1s\u00e1val. A k\u00e9ts\u00e1vos k\u00e9pess\u00e9ggel \u00e9s az olyan fejlett funkci\u00f3kkal, mint a MIMO technol\u00f3gia, ez az adapter z\u00f6kken\u0151mentes vezet\u00e9k n\u00e9lk\u00fcli kapcsolatot \u00e9s megn\u00f6velt sebess\u00e9get biztos\u00edt a z\u00f6kken\u0151mentes online \u00e9lm\u00e9ny \u00e9rdek\u00e9ben.<\/p>\n","protected":false},"featured_media":294,"template":"","meta":[],"product_brand":[],"product_cat":[27],"product_tag":[],"class_list":{"0":"post-261","1":"product","2":"type-product","3":"status-publish","4":"has-post-thumbnail","6":"product_cat-motherboards-board-parts","8":"first","9":"instock","10":"taxable","11":"shipping-taxable","12":"purchasable","13":"product-type-simple"},"_links":{"self":[{"href":"https:\/\/boreait.com\/hu\/wp-json\/wp\/v2\/product\/261","targetHints":{"allow":["GET"]}}],"collection":[{"href":"https:\/\/boreait.com\/hu\/wp-json\/wp\/v2\/product"}],"about":[{"href":"https:\/\/boreait.com\/hu\/wp-json\/wp\/v2\/types\/product"}],"wp:featuredmedia":[{"embeddable":true,"href":"https:\/\/boreait.com\/hu\/wp-json\/wp\/v2\/media\/294"}],"wp:attachment":[{"href":"https:\/\/boreait.com\/hu\/wp-json\/wp\/v2\/media?parent=261"}],"wp:term":[{"taxonomy":"product_brand","embeddable":true,"href":"https:\/\/boreait.com\/hu\/wp-json\/wp\/v2\/product_brand?post=261"},{"taxonomy":"product_cat","embeddable":true,"href":"https:\/\/boreait.com\/hu\/wp-json\/wp\/v2\/product_cat?post=261"},{"taxonomy":"product_tag","embeddable":true,"href":"https:\/\/boreait.com\/hu\/wp-json\/wp\/v2\/product_tag?post=261"}],"curies":[{"name":"wp","href":"https:\/\/api.w.org\/{rel}","templated":true}]}}