{"id":260,"date":"2025-09-17T09:23:10","date_gmt":"2025-09-17T07:23:10","guid":{"rendered":"https:\/\/boreait.com\/hu\/?post_type=product&#038;p=260"},"modified":"2025-09-17T09:23:30","modified_gmt":"2025-09-17T07:23:30","slug":"wi-fi-vezetek-nelkuli-utemezes-asus-x554l-sorozathoz-x554lj-kartya-bluetooth-kartya-mt7630e","status":"publish","type":"product","link":"https:\/\/boreait.com\/hu\/termek\/wi-fi-vezetek-nelkuli-utemezes-asus-x554l-sorozathoz-x554lj-kartya-bluetooth-kartya-mt7630e\/","title":{"rendered":"Wi-Fi vezet\u00e9k n\u00e9lk\u00fcli \u00fctemez\u00e9s ASUS X554L sorozathoz &#8211; X554LJ k\u00e1rtya BLUETOOTH k\u00e1rtya MT7630E"},"content":{"rendered":"<p>Az ASUS X554L sorozat &#8211; X554LJ k\u00e1rtya vezet\u00e9k n\u00e9lk\u00fcli WiFi k\u00e1rtya az MT7630E Bluetooth k\u00e1rty\u00e1val megb\u00edzhat\u00f3 \u00e9s nagy teljes\u00edtm\u00e9ny\u0171 vezet\u00e9k n\u00e9lk\u00fcli h\u00e1l\u00f3zati megold\u00e1s. Ez a kifejezetten az ASUS X554L sorozat\u00fa laptopokhoz tervezett WiFi k\u00e1rtya z\u00f6kken\u0151mentes vezet\u00e9k n\u00e9lk\u00fcli kapcsolatot biztos\u00edt az internetel\u00e9r\u00e9shez, f\u00e1jlmegoszt\u00e1shoz \u00e9s egy\u00e9b online tev\u00e9kenys\u00e9gekhez.<\/p>\n<p>Az MT7630E Bluetooth modullal felszerelt k\u00e1rtya k\u00e9nyelmes vezet\u00e9k n\u00e9lk\u00fcli kommunik\u00e1ci\u00f3t \u00e9s csatlakoz\u00e1st tesz lehet\u0151v\u00e9 Bluetooth-kompatibilis eszk\u00f6z\u00f6kkel, p\u00e9ld\u00e1ul fejhallgat\u00f3kkal, hangsz\u00f3r\u00f3kkal \u00e9s okostelefonokkal. Ez egyszer\u0171 f\u00e1jl\u00e1tvitelt, audio streaminget \u00e9s vezet\u00e9k n\u00e9lk\u00fcli perif\u00e9ri\u00e1k csatlakoztat\u00e1s\u00e1t teszi lehet\u0151v\u00e9.<\/p>\n<p>A WiFi k\u00e1rtya k\u00fcl\u00f6nf\u00e9le vezet\u00e9k n\u00e9lk\u00fcli szabv\u00e1nyokkal kompatibilis, megb\u00edzhat\u00f3 \u00e9s gyors csatlakoz\u00e1si sebess\u00e9get biztos\u00edtva. T\u00f6bb s\u00e1vot \u00e9s csatorn\u00e1t t\u00e1mogat, rugalmass\u00e1got \u00e9s kompatibilit\u00e1st k\u00edn\u00e1lva a k\u00fcl\u00f6nb\u00f6z\u0151 WiFi h\u00e1l\u00f3zatokkal.<\/p>\n<p>A Bluetooth-k\u00e1rtya be\u00e9p\u00edt\u00e9se tov\u00e1bb jav\u00edtja az ASUS X554L sorozat\u00fa laptopok csatlakoz\u00e1si lehet\u0151s\u00e9geit, lehet\u0151v\u00e9 t\u00e9ve a k\u00f6nny\u0171 p\u00e1ros\u00edt\u00e1st \u00e9s kommunik\u00e1ci\u00f3t m\u00e1s Bluetooth-eszk\u00f6z\u00f6kkel.<\/p>\n<p>\u00d6sszess\u00e9g\u00e9ben az ASUS X554L sorozat &#8211; X554LJ k\u00e1rty\u00e1hoz k\u00e9sz\u00fclt vezet\u00e9k n\u00e9lk\u00fcli WiFi k\u00e1rtya az MT7630E Bluetooth k\u00e1rty\u00e1val egy megb\u00edzhat\u00f3 \u00e9s sokoldal\u00fa h\u00e1l\u00f3zati megold\u00e1s. Z\u00f6kken\u0151mentes WiFi-kapcsolatot \u00e9s k\u00e9nyelmes Bluetooth-funkci\u00f3kat biztos\u00edt, fokozva az ASUS X554L laptopok vezet\u00e9k n\u00e9lk\u00fcli k\u00e9pess\u00e9geit, \u00e9s megk\u00f6nny\u00edtve a k\u00fcl\u00f6nb\u00f6z\u0151 eszk\u00f6z\u00f6kkel val\u00f3 z\u00f6kken\u0151mentes kommunik\u00e1ci\u00f3t.<\/p>\n","protected":false},"excerpt":{"rendered":"<p>A Bluetooth modullal ell\u00e1tott WiFi k\u00e1rtya (MT7630E) ASUS X554L sorozat\u00fa laptopokhoz megb\u00edzhat\u00f3 vezet\u00e9k n\u00e9lk\u00fcli h\u00e1l\u00f3zati megold\u00e1s. Z\u00f6kken\u0151mentes WiFi-kapcsolatot biztos\u00edt, \u00e9s k\u00e9nyelmes Bluetooth-p\u00e1ros\u00edt\u00e1st tesz lehet\u0151v\u00e9 m\u00e1s eszk\u00f6z\u00f6kkel. Ez a k\u00e1rtya tov\u00e1bbfejleszti az ASUS X554L laptopok vezet\u00e9k n\u00e9lk\u00fcli k\u00e9pess\u00e9geit, gyors \u00e9s megb\u00edzhat\u00f3 internet-hozz\u00e1f\u00e9r\u00e9st \u00e9s vezet\u00e9k n\u00e9lk\u00fcli kommunik\u00e1ci\u00f3t tesz lehet\u0151v\u00e9 Bluetooth-kompatibilis eszk\u00f6z\u00f6kkel.<\/p>\n","protected":false},"featured_media":293,"template":"","meta":[],"product_brand":[],"product_cat":[27],"product_tag":[30],"class_list":{"0":"post-260","1":"product","2":"type-product","3":"status-publish","4":"has-post-thumbnail","6":"product_cat-motherboards-board-parts","7":"product_tag-asus","9":"first","10":"instock","11":"taxable","12":"shipping-taxable","13":"purchasable","14":"product-type-simple"},"_links":{"self":[{"href":"https:\/\/boreait.com\/hu\/wp-json\/wp\/v2\/product\/260","targetHints":{"allow":["GET"]}}],"collection":[{"href":"https:\/\/boreait.com\/hu\/wp-json\/wp\/v2\/product"}],"about":[{"href":"https:\/\/boreait.com\/hu\/wp-json\/wp\/v2\/types\/product"}],"wp:featuredmedia":[{"embeddable":true,"href":"https:\/\/boreait.com\/hu\/wp-json\/wp\/v2\/media\/293"}],"wp:attachment":[{"href":"https:\/\/boreait.com\/hu\/wp-json\/wp\/v2\/media?parent=260"}],"wp:term":[{"taxonomy":"product_brand","embeddable":true,"href":"https:\/\/boreait.com\/hu\/wp-json\/wp\/v2\/product_brand?post=260"},{"taxonomy":"product_cat","embeddable":true,"href":"https:\/\/boreait.com\/hu\/wp-json\/wp\/v2\/product_cat?post=260"},{"taxonomy":"product_tag","embeddable":true,"href":"https:\/\/boreait.com\/hu\/wp-json\/wp\/v2\/product_tag?post=260"}],"curies":[{"name":"wp","href":"https:\/\/api.w.org\/{rel}","templated":true}]}}