{"id":258,"date":"2025-09-17T09:23:10","date_gmt":"2025-09-17T07:23:10","guid":{"rendered":"https:\/\/boreait.com\/hu\/?post_type=product&#038;p=258"},"modified":"2025-09-17T09:23:26","modified_gmt":"2025-09-17T07:23:26","slug":"lcd-hatlap-acer-aspire-v3-v3-531-v3-551-v3-571-v3-531g-v3-551g-v3-571g-keszulekhez","status":"publish","type":"product","link":"https:\/\/boreait.com\/hu\/termek\/lcd-hatlap-acer-aspire-v3-v3-531-v3-551-v3-571-v3-531g-v3-551g-v3-571g-keszulekhez\/","title":{"rendered":"LCD h\u00e1tlap Acer Aspire V3 V3-531 V3-551 V3-571 V3-531G V3-551G V3-571G k\u00e9sz\u00fcl\u00e9khez"},"content":{"rendered":"<p>Az Acer Aspire V3 sorozat (V3-531, V3-551, V3-571, V3-531G, V3-551G \u00e9s V3-571G) LCD h\u00e1tlapja egy olyan alkatr\u00e9sz, amely a laptop LCD-k\u00e9perny\u0151j\u00e9nek h\u00e1tlapj\u00e1t takarja. \u00dagy tervezt\u00e9k, hogy megv\u00e9dje az LCD-k\u00e9perny\u0151t, \u00e9s t\u00e1mogassa a zsan\u00e9rokat, amelyek a k\u00e9perny\u0151t a laptop alj\u00e1hoz k\u00f6tik.<\/p>\n<p>A h\u00e1tlap kiv\u00e1l\u00f3 min\u0151s\u00e9g\u0171 m\u0171anyagb\u00f3l k\u00e9sz\u00fclt, \u00e9s t\u00f6bbf\u00e9le sz\u00ednben kaphat\u00f3. K\u00f6nnyen telep\u00edthet\u0151 \u00e9s elt\u00e1vol\u00edthat\u00f3, \u00edgy k\u00e9nyelmes azok sz\u00e1m\u00e1ra, akiknek ki kell cser\u00e9lni\u00fck vagy friss\u00edteni\u00fck kell laptopjuk LCD-k\u00e9perny\u0151j\u00e9t.<\/p>\n<p>\u00d6sszess\u00e9g\u00e9ben elmondhat\u00f3, hogy az Acer Aspire V3 sorozat LCD h\u00e1tlapja alapvet\u0151 \u00f6sszetev\u0151, amely jav\u00edtja a laptop funkcionalit\u00e1s\u00e1t \u00e9s tart\u00f3ss\u00e1g\u00e1t, v\u00e9delmet \u00e9s t\u00e1mogat\u00e1st ny\u00fajtva az LCD k\u00e9perny\u0151nek.<\/p>\n","protected":false},"excerpt":{"rendered":"<div class=\"group w-full text-gray-800 dark:text-gray-100 border-b border-black\/10 dark:border-gray-900\/50 bg-gray-50 dark:bg-[#444654]\">\n<div class=\"flex p-4 gap-4 text-base md:gap-6 md:max-w-2xl lg:max-w-xl xl:max-w-3xl md:py-6 lg:px-0 m-auto\">\n<div class=\"relat\u00edv flex w-[calc(100%-50px)] flex-col gap-1 md:gap-3 lg:w-[calc(100%-115px)]\">\n<div class=\"flex flex-grow flex-col gap-3\">\n<div class=\"min-h-[20px] flex flex-col items-start gap-4 whitespace-pre-wrap break-words\">\n<div class=\"markdown prose w-full break-words dark:prose-invert light\">\n<p>Az Acer Aspire V3 sorozat (V3-531, V3-551, V3-571, V3-531G, V3-551G \u00e9s V3-571G) LCD h\u00e1tlapja egy m\u0171anyag alkatr\u00e9sz, amely a laptop LCD k\u00e9perny\u0151j\u00e9nek h\u00e1tlapj\u00e1t takarja. V\u00e9delmet \u00e9s t\u00e1mogat\u00e1st ny\u00fajt az LCD k\u00e9perny\u0151nek, \u00e9s t\u00f6bbf\u00e9le sz\u00ednben kaphat\u00f3. A h\u00e1tlapot k\u00f6nny\u0171 felszerelni \u00e9s elt\u00e1vol\u00edtani, \u00edgy k\u00e9nyelmes azok sz\u00e1m\u00e1ra, akiknek ki kell cser\u00e9lni\u00fck vagy friss\u00edteni\u00fck kell laptopjuk LCD-k\u00e9perny\u0151j\u00e9t. \u00d6sszess\u00e9g\u00e9ben az LCD-h\u00e1tlap l\u00e9nyeges elem, amely n\u00f6veli az Acer Aspire V3 sorozat\u00fa laptopok funkcionalit\u00e1s\u00e1t \u00e9s tart\u00f3ss\u00e1g\u00e1t.<\/p>\n<\/div>\n<\/div>\n<\/div>\n<div class=\"flex justify-between lg:block\">\n<div class=\"text-gray-400 flex self-end lg:self-center justify-center mt-2 gap-2 md:gap-3 lg:gap-1 lg:absolute lg:top-0 lg:translate-x-full lg:right-0 lg:mt-0\">lg:pl-2 l\u00e1that\u00f3<\/p>\n<p>&nbsp;<\/p>\n<div class=\"flex gap-1\"><\/div>\n<\/div>\n<\/div>\n<\/div>\n<\/div>\n<\/div>\n","protected":false},"featured_media":290,"template":"","meta":[],"product_brand":[],"product_cat":[16],"product_tag":[29],"class_list":{"0":"post-258","1":"product","2":"type-product","3":"status-publish","4":"has-post-thumbnail","6":"product_cat-laptop-housing","7":"product_tag-acer","9":"first","10":"instock","11":"taxable","12":"shipping-taxable","13":"purchasable","14":"product-type-simple"},"_links":{"self":[{"href":"https:\/\/boreait.com\/hu\/wp-json\/wp\/v2\/product\/258","targetHints":{"allow":["GET"]}}],"collection":[{"href":"https:\/\/boreait.com\/hu\/wp-json\/wp\/v2\/product"}],"about":[{"href":"https:\/\/boreait.com\/hu\/wp-json\/wp\/v2\/types\/product"}],"wp:featuredmedia":[{"embeddable":true,"href":"https:\/\/boreait.com\/hu\/wp-json\/wp\/v2\/media\/290"}],"wp:attachment":[{"href":"https:\/\/boreait.com\/hu\/wp-json\/wp\/v2\/media?parent=258"}],"wp:term":[{"taxonomy":"product_brand","embeddable":true,"href":"https:\/\/boreait.com\/hu\/wp-json\/wp\/v2\/product_brand?post=258"},{"taxonomy":"product_cat","embeddable":true,"href":"https:\/\/boreait.com\/hu\/wp-json\/wp\/v2\/product_cat?post=258"},{"taxonomy":"product_tag","embeddable":true,"href":"https:\/\/boreait.com\/hu\/wp-json\/wp\/v2\/product_tag?post=258"}],"curies":[{"name":"wp","href":"https:\/\/api.w.org\/{rel}","templated":true}]}}